{"id":34804,"date":"2025-02-20T23:34:31","date_gmt":"2025-02-20T22:34:31","guid":{"rendered":"https:\/\/olemosaic.orbitalia.org\/producto\/4-bols-de-coco-de-13-x-6-cm-bailaora-3\/"},"modified":"2025-07-25T18:51:19","modified_gmt":"2025-07-25T16:51:19","slug":"4-tacas-de-coco-de-13-x-6-cm-bailarina-3","status":"publish","type":"product","link":"https:\/\/olemosaic.orbitalia.org\/pt-pt\/produto\/4-tacas-de-coco-de-13-x-6-cm-bailarina-3\/","title":{"rendered":"4 Ta\u00e7as de coco de 13 x 6 cm. Bailarina. Mosaico."},"content":{"rendered":"<p>Este conjunto de quatro ta\u00e7as de coco, de 13 x 6 cm cada, \u00e9 uma requintada amostra da paix\u00e3o e da arte do flamenco, ideal para quem procura recorda\u00e7\u00f5es aut\u00eanticas de Espanha. Cada ta\u00e7a foi cuidadosamente pintada \u00e0 m\u00e3o com um design vibrante que combina cores como o azul, vermelho, laranja e rosa. A figura de uma bailarina de flamenco destaca-se em cada pe\u00e7a, capturando a eleg\u00e2ncia e o movimento desta dan\u00e7a tradicional espanhola. O detalhe intrincado do design de mosaico que rodeia a bailarina acrescenta um toque art\u00edstico e contempor\u00e2neo, fundindo tradi\u00e7\u00e3o e modernidade.<\/p>\n<p>Estas ta\u00e7as n\u00e3o s\u00e3o apenas elementos decorativos, mas tamb\u00e9m s\u00e3o funcionais, perfeitas para servir tapas ou como recipientes para pequenos objetos decorativos. A sua autenticidade como recorda\u00e7\u00e3o de Espanha reside na sua liga\u00e7\u00e3o cultural com a rica heran\u00e7a do flamenco, uma express\u00e3o art\u00edstica que reflete a hist\u00f3ria e a paix\u00e3o do povo espanhol. Na Ol\u00e9 Mosaic, distribu\u00edmos recorda\u00e7\u00f5es de qualidade por grosso, e estas ta\u00e7as de coco s\u00e3o uma excelente op\u00e7\u00e3o para lojas de presentes tur\u00edsticos que procuram oferecer produtos representativos e artesanais da cultura espanhola. Com cada ta\u00e7a, os turistas podem levar consigo um pedacinho da ess\u00eancia flamenca, transformando um simples objeto numa recorda\u00e7\u00e3o cheia de significado.<\/p>\n","protected":false},"excerpt":{"rendered":"<p>Ta\u00e7as de coco de 13 x 6 cm, desenhadas com a elegante figura de uma bailarina de flamenco. Cada ta\u00e7a apresenta uma cor vibrante, com um acabamento de design artesanal, pintado \u00e0 m\u00e3o, que real\u00e7a motivos art\u00edsticos em tons de azul, vermelho, laranja e rosa. A decora\u00e7\u00e3o inclui um intrincado design de mosaico que emoldura a bailarina em movimento, capturando a ess\u00eancia do flamenco. Perfeitas como elemento decorativo ou funcional, estas ta\u00e7as fundem tradi\u00e7\u00e3o e modernidade com estilo.<\/p>\n","protected":false},"featured_media":13823,"template":"","meta":{"_acf_changed":false},"product_brand":[],"product_cat":[513],"product_tag":[],"class_list":{"0":"post-34804","1":"product","2":"type-product","3":"status-publish","4":"has-post-thumbnail","6":"product_cat-bols","7":"pa_motivo-dancarinos","9":"first","10":"instock","11":"shipping-taxable","12":"product-type-simple"},"acf":[],"_links":{"self":[{"href":"https:\/\/olemosaic.orbitalia.org\/pt-pt\/wp-json\/wp\/v2\/product\/34804","targetHints":{"allow":["GET"]}}],"collection":[{"href":"https:\/\/olemosaic.orbitalia.org\/pt-pt\/wp-json\/wp\/v2\/product"}],"about":[{"href":"https:\/\/olemosaic.orbitalia.org\/pt-pt\/wp-json\/wp\/v2\/types\/product"}],"wp:featuredmedia":[{"embeddable":true,"href":"https:\/\/olemosaic.orbitalia.org\/pt-pt\/wp-json\/wp\/v2\/media\/13823"}],"wp:attachment":[{"href":"https:\/\/olemosaic.orbitalia.org\/pt-pt\/wp-json\/wp\/v2\/media?parent=34804"}],"wp:term":[{"taxonomy":"product_brand","embeddable":true,"href":"https:\/\/olemosaic.orbitalia.org\/pt-pt\/wp-json\/wp\/v2\/product_brand?post=34804"},{"taxonomy":"product_cat","embeddable":true,"href":"https:\/\/olemosaic.orbitalia.org\/pt-pt\/wp-json\/wp\/v2\/product_cat?post=34804"},{"taxonomy":"product_tag","embeddable":true,"href":"https:\/\/olemosaic.orbitalia.org\/pt-pt\/wp-json\/wp\/v2\/product_tag?post=34804"}],"curies":[{"name":"wp","href":"https:\/\/api.w.org\/{rel}","templated":true}]}}