{"id":34778,"date":"2025-02-20T23:34:31","date_gmt":"2025-02-20T22:34:31","guid":{"rendered":"https:\/\/olemosaic.orbitalia.org\/producto\/4-bols-de-coco-de-13-x-6-cm-abanico-2\/"},"modified":"2025-07-25T20:26:55","modified_gmt":"2025-07-25T18:26:55","slug":"4-tacas-de-coco-de-13-x-6-cm-leque-2","status":"publish","type":"product","link":"https:\/\/olemosaic.orbitalia.org\/pt-pt\/produto\/4-tacas-de-coco-de-13-x-6-cm-leque-2\/","title":{"rendered":"4 Ta\u00e7as de coco de 13 x 6 cm. Leque."},"content":{"rendered":"<p>Este conjunto de quatro ta\u00e7as de coco pintadas \u00e0 m\u00e3o \u00e9 uma celebra\u00e7\u00e3o da vibrante cultura espanhola, ideal para quem procura uma lembran\u00e7a aut\u00eantica e colorida. Cada ta\u00e7a mede 13 x 6 cm e apresenta um design \u00fanico que incorpora motivos delicados de leques, evocando a paix\u00e3o e a arte do flamenco. As ta\u00e7as est\u00e3o dispon\u00edveis numa atraente paleta de cores: azul, vermelho, laranja e rosa, cada uma adornada com detalhes que simulam trencad\u00eds, uma t\u00e9cnica t\u00edpica da cer\u00e2mica espanhola que combina pe\u00e7as de cores brilhantes.<\/p>\n<p>O seu uso \u00e9 vers\u00e1til, pois s\u00e3o perfeitas para servir aperitivos em qualquer evento social ou simplesmente como elementos decorativos que adicionam um toque alegre a qualquer mesa. Os detalhes pintados \u00e0 m\u00e3o em cada ta\u00e7a garantem que n\u00e3o existam duas pe\u00e7as id\u00eanticas, o que real\u00e7a a sua autenticidade e a sua liga\u00e7\u00e3o com a arte local. Este conjunto n\u00e3o s\u00f3 funciona como um objeto quotidiano pr\u00e1tico, mas tamb\u00e9m atua como uma recorda\u00e7\u00e3o cultural representativa de Espanha, ideal para turistas que desejam levar um peda\u00e7o da cultura andaluza para casa.<\/p>\n<p>Na Ol\u00e9 Mosaic, especializamo-nos na distribui\u00e7\u00e3o de lembran\u00e7as por grosso, e este conjunto de ta\u00e7as de coco \u00e9 uma excelente op\u00e7\u00e3o para lojas de presentes tur\u00edsticos que procuram produtos de qualidade e relev\u00e2ncia cultural. Ao escolher estas maravilhosas ta\u00e7as, os clientes n\u00e3o s\u00f3 adquirem um produto esteticamente atraente, mas tamb\u00e9m uma pe\u00e7a que conta uma hist\u00f3ria rica em tradi\u00e7\u00f5es e cor.<\/p>\n","protected":false},"excerpt":{"rendered":"<p>Ta\u00e7as de coco de 13 x 6 cm decoradas com motivos de leques. Este conjunto colorido inclui quatro ta\u00e7as em tons de azul, vermelho, laranja e rosa, perfeitas para servir aperitivos ou como elementos decorativos. Cada ta\u00e7a apresenta um design artesanal, pintado \u00e0 m\u00e3o, com detalhes que simulam trencad\u00eds, evocando o colorido e a alegria da cultura espanhola. Ideais para adicionar um toque vibrante a qualquer mesa ou como um presente original.<\/p>\n","protected":false},"featured_media":13822,"template":"","meta":{"_acf_changed":false},"product_brand":[],"product_cat":[513],"product_tag":[],"class_list":{"0":"post-34778","1":"product","2":"type-product","3":"status-publish","4":"has-post-thumbnail","6":"product_cat-bols","7":"pa_motivo-leques","9":"first","10":"instock","11":"shipping-taxable","12":"product-type-simple"},"acf":[],"_links":{"self":[{"href":"https:\/\/olemosaic.orbitalia.org\/pt-pt\/wp-json\/wp\/v2\/product\/34778","targetHints":{"allow":["GET"]}}],"collection":[{"href":"https:\/\/olemosaic.orbitalia.org\/pt-pt\/wp-json\/wp\/v2\/product"}],"about":[{"href":"https:\/\/olemosaic.orbitalia.org\/pt-pt\/wp-json\/wp\/v2\/types\/product"}],"wp:featuredmedia":[{"embeddable":true,"href":"https:\/\/olemosaic.orbitalia.org\/pt-pt\/wp-json\/wp\/v2\/media\/13822"}],"wp:attachment":[{"href":"https:\/\/olemosaic.orbitalia.org\/pt-pt\/wp-json\/wp\/v2\/media?parent=34778"}],"wp:term":[{"taxonomy":"product_brand","embeddable":true,"href":"https:\/\/olemosaic.orbitalia.org\/pt-pt\/wp-json\/wp\/v2\/product_brand?post=34778"},{"taxonomy":"product_cat","embeddable":true,"href":"https:\/\/olemosaic.orbitalia.org\/pt-pt\/wp-json\/wp\/v2\/product_cat?post=34778"},{"taxonomy":"product_tag","embeddable":true,"href":"https:\/\/olemosaic.orbitalia.org\/pt-pt\/wp-json\/wp\/v2\/product_tag?post=34778"}],"curies":[{"name":"wp","href":"https:\/\/api.w.org\/{rel}","templated":true}]}}