{"id":34777,"date":"2025-02-20T23:34:31","date_gmt":"2025-02-20T22:34:31","guid":{"rendered":"https:\/\/olemosaic.orbitalia.org\/producto\/4-bols-de-coco-de-13-x-6-cm-flor-3\/"},"modified":"2025-07-25T18:43:47","modified_gmt":"2025-07-25T16:43:47","slug":"4-tacas-de-coco-de-13-x-6-cm-flor-3","status":"publish","type":"product","link":"https:\/\/olemosaic.orbitalia.org\/pt-pt\/produto\/4-tacas-de-coco-de-13-x-6-cm-flor-3\/","title":{"rendered":"4 Ta\u00e7as de coco de 13 x 6 cm. Flor."},"content":{"rendered":"<p>Este conjunto de quatro ta\u00e7as de coco \u00e9 uma maravilhosa representa\u00e7\u00e3o da tradi\u00e7\u00e3o artesanal e do colorido vibrante que caracteriza as culturas mediterr\u00e2nicas. Com um tamanho de 13 x 6 cm, cada ta\u00e7a foi pintada \u00e0 m\u00e3o, exibindo um belo design floral numa paleta de cores que inclui azul, vermelho, laranja e rosa. O acabamento brilhante n\u00e3o s\u00f3 destaca a beleza das formas delicadas das flores, como tamb\u00e9m oferece um toque elegante que ilumina qualquer ambiente. A sua t\u00e9cnica artesanal garante a singularidade de cada pe\u00e7a, tornando cada ta\u00e7a numa recorda\u00e7\u00e3o aut\u00eantica e irrepet\u00edvel.<\/p>\n<p>Estas ta\u00e7as s\u00e3o ideais tanto para servir aperitivos como para utiliz\u00e1-las como elementos decorativos, tornando-se um ponto focal atraente em qualquer mesa ou prateleira. A liga\u00e7\u00e3o cultural destas ta\u00e7as com a rica tradi\u00e7\u00e3o artesanal da regi\u00e3o torna-as uma recorda\u00e7\u00e3o representativa perfeita para os turistas que procuram levar para casa uma parte da ess\u00eancia local. Na Ol\u00e9 Mosaic, orgulhamo-nos de oferecer lembran\u00e7as que refletem autenticamente o patrim\u00f3nio cultural de Espanha e Portugal. Este conjunto de ta\u00e7as de coco \u00e9 uma excelente op\u00e7\u00e3o para lojas de presentes tur\u00edsticos que procuram produtos de qualidade e relev\u00e2ncia cultural, posicionando-se como um distribuidor de lembran\u00e7as que se destaca pela sua autenticidade e estilo.<\/p>\n","protected":false},"excerpt":{"rendered":"<p>Conjunto de quatro ta\u00e7as decorativas de coco, de 13 x 6 cm, pintadas \u00e0 m\u00e3o com um estilo vibrante. Cada ta\u00e7a apresenta um belo design floral em diferentes cores: azul, vermelho, laranja e rosa, com um acabamento brilhante que real\u00e7a as formas delicadas das flores. A sua t\u00e9cnica artesanal garante a singularidade de cada pe\u00e7a, ideais para servir aperitivos ou como elemento decorativo em qualquer ambiente. Uma lembran\u00e7a aut\u00eantica que reflete a rica tradi\u00e7\u00e3o artesanal.<\/p>\n","protected":false},"featured_media":10634,"template":"","meta":{"_acf_changed":false},"product_brand":[],"product_cat":[513],"product_tag":[],"class_list":{"0":"post-34777","1":"product","2":"type-product","3":"status-publish","4":"has-post-thumbnail","6":"product_cat-bols","7":"pa_motivo-flores","9":"first","10":"instock","11":"shipping-taxable","12":"product-type-simple"},"acf":[],"_links":{"self":[{"href":"https:\/\/olemosaic.orbitalia.org\/pt-pt\/wp-json\/wp\/v2\/product\/34777","targetHints":{"allow":["GET"]}}],"collection":[{"href":"https:\/\/olemosaic.orbitalia.org\/pt-pt\/wp-json\/wp\/v2\/product"}],"about":[{"href":"https:\/\/olemosaic.orbitalia.org\/pt-pt\/wp-json\/wp\/v2\/types\/product"}],"wp:featuredmedia":[{"embeddable":true,"href":"https:\/\/olemosaic.orbitalia.org\/pt-pt\/wp-json\/wp\/v2\/media\/10634"}],"wp:attachment":[{"href":"https:\/\/olemosaic.orbitalia.org\/pt-pt\/wp-json\/wp\/v2\/media?parent=34777"}],"wp:term":[{"taxonomy":"product_brand","embeddable":true,"href":"https:\/\/olemosaic.orbitalia.org\/pt-pt\/wp-json\/wp\/v2\/product_brand?post=34777"},{"taxonomy":"product_cat","embeddable":true,"href":"https:\/\/olemosaic.orbitalia.org\/pt-pt\/wp-json\/wp\/v2\/product_cat?post=34777"},{"taxonomy":"product_tag","embeddable":true,"href":"https:\/\/olemosaic.orbitalia.org\/pt-pt\/wp-json\/wp\/v2\/product_tag?post=34777"}],"curies":[{"name":"wp","href":"https:\/\/api.w.org\/{rel}","templated":true}]}}