{"id":34774,"date":"2025-02-20T23:34:30","date_gmt":"2025-02-20T22:34:30","guid":{"rendered":"https:\/\/olemosaic.orbitalia.org\/producto\/4-bols-de-coco-de-13-x-6-cm-flamenco-4\/"},"modified":"2025-07-25T20:39:30","modified_gmt":"2025-07-25T18:39:30","slug":"4-tacas-de-coco-de-13-x-6-cm-flamenco-4","status":"publish","type":"product","link":"https:\/\/olemosaic.orbitalia.org\/pt-pt\/produto\/4-tacas-de-coco-de-13-x-6-cm-flamenco-4\/","title":{"rendered":"4 Ta\u00e7as de coco de 13 x 6 cm. Flamenco."},"content":{"rendered":"<p>Este conjunto de quatro ta\u00e7as de coco de 13 x 6 cm \u00e9 uma adi\u00e7\u00e3o vibrante e elegante para qualquer casa, perfeito para quem procura lembran\u00e7as aut\u00eanticas e culturais de Espanha. Cada ta\u00e7a, decorada com encantadores motivos de flamencos, apresenta um design de mosaico que combina tonalidades cativantes de azul, rosa, amarelo e branco. O acabamento brilhante real\u00e7a a singularidade de cada pe\u00e7a, tornando-a um centro de aten\u00e7\u00e3o atraente em mesas e prateleiras.<\/p>\n<p>A ilustra\u00e7\u00e3o de dois flamencos entrela\u00e7ando os seus pesco\u00e7os confere um toque art\u00edstico que, al\u00e9m de decorar, simboliza a beleza e o romantismo da fauna espanhola. Este detalhe real\u00e7a a liga\u00e7\u00e3o cultural do produto, evocando imagens das zonas h\u00famidas e praias do sul de Espanha, onde estas aves s\u00e3o um s\u00edmbolo da riqueza natural do ambiente. Perfeitas para servir aperitivos ou como elementos decorativos, estas ta\u00e7as de coco s\u00e3o uma recorda\u00e7\u00e3o da tradi\u00e7\u00e3o artesanal e da est\u00e9tica mediterr\u00e2nica.<\/p>\n<p>A Ol\u00e9 Mosaic orgulha-se de oferecer estas lembran\u00e7as de alta qualidade, ideais para lojas de presentes tur\u00edsticos que procuram produtos representativos e aut\u00eanticos. Converta o seu espa\u00e7o numa homenagem \u00e0 cultura espanhola com esta cole\u00e7\u00e3o vibrante, que n\u00e3o s\u00f3 \u00e9 funcional, mas tamb\u00e9m uma express\u00e3o art\u00edstica \u00fanica. Como distribuidores de ta\u00e7as por grosso, garantimos a excel\u00eancia em cada produto, perfeito para aquele cliente que procura uma recorda\u00e7\u00e3o inesquec\u00edvel.<\/p>\n","protected":false},"excerpt":{"rendered":"<p>Ta\u00e7as de coco de 13 x 6 cm decoradas com motivos de flamencos, perfeitas para dar um toque de cor e estilo a qualquer espa\u00e7o. Cada ta\u00e7a apresenta um design de mosaico em tons azuis, rosas, amarelos e brancos, com um acabamento brilhante que real\u00e7a a sua singularidade. A imagem de dois flamencos entrela\u00e7ando os seus pesco\u00e7os confere um belo detalhe art\u00edstico, real\u00e7ando a heran\u00e7a cultural espanhola. Ideais para servir aperitivos ou como pe\u00e7a decorativa.<\/p>\n","protected":false},"featured_media":13820,"template":"","meta":{"_acf_changed":false},"product_brand":[],"product_cat":[513],"product_tag":[516],"class_list":{"0":"post-34774","1":"product","2":"type-product","3":"status-publish","4":"has-post-thumbnail","6":"product_cat-bols","7":"product_tag-animais","8":"pa_motivo-flamingos","10":"first","11":"instock","12":"shipping-taxable","13":"product-type-simple"},"acf":[],"_links":{"self":[{"href":"https:\/\/olemosaic.orbitalia.org\/pt-pt\/wp-json\/wp\/v2\/product\/34774","targetHints":{"allow":["GET"]}}],"collection":[{"href":"https:\/\/olemosaic.orbitalia.org\/pt-pt\/wp-json\/wp\/v2\/product"}],"about":[{"href":"https:\/\/olemosaic.orbitalia.org\/pt-pt\/wp-json\/wp\/v2\/types\/product"}],"wp:featuredmedia":[{"embeddable":true,"href":"https:\/\/olemosaic.orbitalia.org\/pt-pt\/wp-json\/wp\/v2\/media\/13820"}],"wp:attachment":[{"href":"https:\/\/olemosaic.orbitalia.org\/pt-pt\/wp-json\/wp\/v2\/media?parent=34774"}],"wp:term":[{"taxonomy":"product_brand","embeddable":true,"href":"https:\/\/olemosaic.orbitalia.org\/pt-pt\/wp-json\/wp\/v2\/product_brand?post=34774"},{"taxonomy":"product_cat","embeddable":true,"href":"https:\/\/olemosaic.orbitalia.org\/pt-pt\/wp-json\/wp\/v2\/product_cat?post=34774"},{"taxonomy":"product_tag","embeddable":true,"href":"https:\/\/olemosaic.orbitalia.org\/pt-pt\/wp-json\/wp\/v2\/product_tag?post=34774"}],"curies":[{"name":"wp","href":"https:\/\/api.w.org\/{rel}","templated":true}]}}