{"id":34770,"date":"2025-02-20T23:34:29","date_gmt":"2025-02-20T22:34:29","guid":{"rendered":"https:\/\/olemosaic.orbitalia.org\/producto\/4-bols-de-coco-de-13-x-6-cm-tortuga-2\/"},"modified":"2025-07-25T19:56:36","modified_gmt":"2025-07-25T17:56:36","slug":"4-tacas-de-coco-de-13-x-6-cm-tartaruga-2","status":"publish","type":"product","link":"https:\/\/olemosaic.orbitalia.org\/pt-pt\/produto\/4-tacas-de-coco-de-13-x-6-cm-tartaruga-2\/","title":{"rendered":"4 Ta\u00e7as de coco de 13 x 6 cm. Tartaruga. Tons dourados."},"content":{"rendered":"<p>Este jogo de quatro ta\u00e7as de coco, de 13 x 6 cm, \u00e9 uma bela amostra da arte artesanal t\u00edpica das regi\u00f5es tropicais. Cada ta\u00e7a foi pintada \u00e0 m\u00e3o com meticulosidade e apresenta intrincados motivos de tartarugas que se destacam com vibrantes cores douradas, vermelhas, laranjas e verdes. As tartarugas, s\u00edmbolo da fauna marinha e da vida oce\u00e2nica, est\u00e3o representadas com delicadeza, capturando a ess\u00eancia dos ecossistemas costeiros. Os detalhes do design real\u00e7am n\u00e3o s\u00f3 a beleza natural do animal, mas tamb\u00e9m a habilidade art\u00edstica dos artes\u00e3os que criam estas pe\u00e7as \u00fanicas.<\/p>\n<p>Estas ta\u00e7as s\u00e3o perfeitas para servir aperitivos em reuni\u00f5es ou simplesmente como elementos decorativos que adicionam um toque tropical a qualquer casa. O seu acabamento brilhante e colorido torna-as um ponto focal em qualquer ambiente, evocando a serenidade do oceano. Na Ol\u00e9 Mosaic, orgulhamo-nos de oferecer lembran\u00e7as aut\u00eanticas que celebram a cultura e a biodiversidade regional. Este jogo de ta\u00e7as de coco \u00e9 uma excelente op\u00e7\u00e3o para lojas de presentes tur\u00edsticos que procuram oferecer aos seus clientes recorda\u00e7\u00f5es que capturem a ess\u00eancia da beleza natural e a riqueza cultural dos destinos mar\u00edtimos. Como distribuidores de lembran\u00e7as de qualidade, garantimos autenticidade e exclusividade em cada produto.<\/p>\n","protected":false},"excerpt":{"rendered":"<p>Ta\u00e7as de coco de 13 x 6 cm, decoradas com motivos de tartarugas em cores vibrantes. Este jogo de quatro ta\u00e7as apresenta uma t\u00e9cnica de design artesanal, pintada \u00e0 m\u00e3o, que real\u00e7a os detalhes intrincados e o brilho dos tons dourados, vermelhos, laranjas e verdes. Cada ta\u00e7a exibe um design \u00fanico, ideal para servir aperitivos ou como elemento decorativo, evocando a beleza da arte artesanal e da fauna marinha. Perfeitas para adicionar um toque tropical a qualquer casa.<\/p>\n","protected":false},"featured_media":10637,"template":"","meta":{"_acf_changed":false},"product_brand":[],"product_cat":[513],"product_tag":[516],"class_list":{"0":"post-34770","1":"product","2":"type-product","3":"status-publish","4":"has-post-thumbnail","6":"product_cat-bols","7":"product_tag-animais","8":"pa_motivo-tartarugas","10":"first","11":"instock","12":"shipping-taxable","13":"product-type-simple"},"acf":[],"_links":{"self":[{"href":"https:\/\/olemosaic.orbitalia.org\/pt-pt\/wp-json\/wp\/v2\/product\/34770","targetHints":{"allow":["GET"]}}],"collection":[{"href":"https:\/\/olemosaic.orbitalia.org\/pt-pt\/wp-json\/wp\/v2\/product"}],"about":[{"href":"https:\/\/olemosaic.orbitalia.org\/pt-pt\/wp-json\/wp\/v2\/types\/product"}],"wp:featuredmedia":[{"embeddable":true,"href":"https:\/\/olemosaic.orbitalia.org\/pt-pt\/wp-json\/wp\/v2\/media\/10637"}],"wp:attachment":[{"href":"https:\/\/olemosaic.orbitalia.org\/pt-pt\/wp-json\/wp\/v2\/media?parent=34770"}],"wp:term":[{"taxonomy":"product_brand","embeddable":true,"href":"https:\/\/olemosaic.orbitalia.org\/pt-pt\/wp-json\/wp\/v2\/product_brand?post=34770"},{"taxonomy":"product_cat","embeddable":true,"href":"https:\/\/olemosaic.orbitalia.org\/pt-pt\/wp-json\/wp\/v2\/product_cat?post=34770"},{"taxonomy":"product_tag","embeddable":true,"href":"https:\/\/olemosaic.orbitalia.org\/pt-pt\/wp-json\/wp\/v2\/product_tag?post=34770"}],"curies":[{"name":"wp","href":"https:\/\/api.w.org\/{rel}","templated":true}]}}