{"id":34769,"date":"2025-02-20T23:34:29","date_gmt":"2025-02-20T22:34:29","guid":{"rendered":"https:\/\/olemosaic.orbitalia.org\/producto\/4-bols-de-coco-de-13-x-6-cm-delfin-mallorca-3\/"},"modified":"2025-07-25T20:24:23","modified_gmt":"2025-07-25T18:24:23","slug":"4-tacas-de-coco-de-13-x-6-cm-golfinho-maiorca-3","status":"publish","type":"product","link":"https:\/\/olemosaic.orbitalia.org\/pt-pt\/produto\/4-tacas-de-coco-de-13-x-6-cm-golfinho-maiorca-3\/","title":{"rendered":"4 Ta\u00e7as de coco de 13 x 6 cm. Golfinho. Estilo marinho. Maiorca."},"content":{"rendered":"<p>Este conjunto de quatro ta\u00e7as de coco decoradas com golfinhos \u00e9 uma aut\u00eantica representa\u00e7\u00e3o do esp\u00edrito mediterr\u00e2nico de Maiorca. Cada ta\u00e7a, com 13 cm de di\u00e2metro e 6 cm de profundidade, apresenta um vibrante acabamento em mosaico em quatro cores cativantes: azul, vermelho, laranja e rosa. Este design muito especial evoca a beleza da vida marinha, com o elegante golfinho no centro, que real\u00e7a a liga\u00e7\u00e3o da ilha com o oceano.<\/p>\n<p>A palavra &#8220;MAIORCA&#8221; encontra-se cuidadosamente impressa, conferindo um toque pessoal e aut\u00eantico a cada pe\u00e7a. Estas ta\u00e7as n\u00e3o s\u00e3o apenas perfeitas para servir aperitivos em reuni\u00f5es e celebra\u00e7\u00f5es, mas tamb\u00e9m funcionam como elementos decorativos que trazem um ar festivo e alegre a qualquer canto da casa. A versatilidade desta cole\u00e7\u00e3o torna-as um excelente presente para quem procura lembran\u00e7as da rica cultura maiorquina.<\/p>\n<p>Na Ol\u00e9 Mosaic, somos especialistas na distribui\u00e7\u00e3o de lembran\u00e7as por grosso, e este conjunto de ta\u00e7as de coco \u00e9 uma op\u00e7\u00e3o ideal para lojas de presentes tur\u00edsticos que desejem oferecer produtos aut\u00eanticos e representativos da biodiversidade e do patrim\u00f3nio cultural de Maiorca. Com o seu design artesanal e tem\u00e1tica marinha, estas ta\u00e7as de golfinhos s\u00e3o uma recorda\u00e7\u00e3o excecional que captura a ess\u00eancia da ilha e o seu ambiente alegre.<\/p>\n","protected":false},"excerpt":{"rendered":"<p>Conjunto de quatro ta\u00e7as de coco de 13 x 6 cm, decoradas com um alegre design de golfinhos que representa a beleza marinha de Maiorca. Cada ta\u00e7a apresenta-se em cores vibrantes: azul, vermelho, laranja e rosa, com um acabamento em mosaico que real\u00e7a a sua arte. No centro, pode-se apreciar a palavra &#8220;MAIORCA&#8221; acompanhada pela ilustra\u00e7\u00e3o de um golfinho, ideais para servir aperitivos ou como elemento decorativo que confere um ar mediterr\u00e2nico a qualquer espa\u00e7o.<\/p>\n","protected":false},"featured_media":13819,"template":"","meta":{"_acf_changed":false},"product_brand":[],"product_cat":[513],"product_tag":[516],"class_list":{"0":"post-34769","1":"product","2":"type-product","3":"status-publish","4":"has-post-thumbnail","6":"product_cat-bols","7":"product_tag-animais","8":"pa_ciudad-mallorca","9":"pa_motivo-golfinhos","10":"pa_pais-espana","12":"first","13":"instock","14":"shipping-taxable","15":"product-type-simple"},"acf":[],"_links":{"self":[{"href":"https:\/\/olemosaic.orbitalia.org\/pt-pt\/wp-json\/wp\/v2\/product\/34769","targetHints":{"allow":["GET"]}}],"collection":[{"href":"https:\/\/olemosaic.orbitalia.org\/pt-pt\/wp-json\/wp\/v2\/product"}],"about":[{"href":"https:\/\/olemosaic.orbitalia.org\/pt-pt\/wp-json\/wp\/v2\/types\/product"}],"wp:featuredmedia":[{"embeddable":true,"href":"https:\/\/olemosaic.orbitalia.org\/pt-pt\/wp-json\/wp\/v2\/media\/13819"}],"wp:attachment":[{"href":"https:\/\/olemosaic.orbitalia.org\/pt-pt\/wp-json\/wp\/v2\/media?parent=34769"}],"wp:term":[{"taxonomy":"product_brand","embeddable":true,"href":"https:\/\/olemosaic.orbitalia.org\/pt-pt\/wp-json\/wp\/v2\/product_brand?post=34769"},{"taxonomy":"product_cat","embeddable":true,"href":"https:\/\/olemosaic.orbitalia.org\/pt-pt\/wp-json\/wp\/v2\/product_cat?post=34769"},{"taxonomy":"product_tag","embeddable":true,"href":"https:\/\/olemosaic.orbitalia.org\/pt-pt\/wp-json\/wp\/v2\/product_tag?post=34769"}],"curies":[{"name":"wp","href":"https:\/\/api.w.org\/{rel}","templated":true}]}}