{"id":34756,"date":"2025-02-20T22:34:29","date_gmt":"2025-02-20T22:34:29","guid":{"rendered":"https:\/\/olemosaic.orbitalia.org\/producto\/8-bols-de-coco-de-13-x-6-cm-metalizado\/"},"modified":"2025-07-25T18:43:02","modified_gmt":"2025-07-25T16:43:02","slug":"8-tacas-de-coco-de-13-x-6-cm-metalizado","status":"publish","type":"product","link":"https:\/\/olemosaic.orbitalia.org\/pt-pt\/produto\/8-tacas-de-coco-de-13-x-6-cm-metalizado\/","title":{"rendered":"8 Ta\u00e7as de coco de 13 x 6 cm. Metalizado."},"content":{"rendered":"<p>Este conjunto de 8 ta\u00e7as de coco metalizadas \u00e9 uma adi\u00e7\u00e3o vibrante e \u00fanica para qualquer evento ou decora\u00e7\u00e3o. Com um tamanho de 13 x 6 cm, cada ta\u00e7a destaca-se pelo seu acabamento brilhante e moderno numa paleta de cores que inclui azul, verde, vermelho, laranja, roxo e dourado, ideais para atrair a aten\u00e7\u00e3o e real\u00e7ar qualquer mesa. Estas belas ta\u00e7as, elaboradas a partir de um material leve e duradouro, n\u00e3o s\u00e3o apenas pr\u00e1ticas para servir aperitivos, mas tamb\u00e9m cumprem uma fun\u00e7\u00e3o decorativa excecional, conferindo um toque festivo e colorido a celebra\u00e7\u00f5es e reuni\u00f5es.<\/p>\n<p>A t\u00e9cnica de metaliza\u00e7\u00e3o utilizada no seu design real\u00e7a a textura e o detalhe de cada ta\u00e7a, criando um efeito que atrai a luz e embeleza o ambiente. Estes souvenirs s\u00e3o representativos da ess\u00eancia vibrante da cultura espanhola, onde a cor e a alegria s\u00e3o elementos fundamentais em celebra\u00e7\u00f5es e reuni\u00f5es familiares. Na Ol\u00e9 Mosaic, a nossa miss\u00e3o \u00e9 oferecer artigos aut\u00eanticos que capturem a ess\u00eancia das tradi\u00e7\u00f5es locais, e estas ta\u00e7as de coco s\u00e3o o exemplo perfeito disso.<\/p>\n<p>Ideal para turistas \u00e0 procura de recorda\u00e7\u00f5es que reflitam o esp\u00edrito festivo de Espanha, bem como para lojas de presentes tur\u00edsticos que desejam oferecer produtos distintivos e de qualidade. Com a nossa variedade de ta\u00e7as de coco, garantimos que cada pe\u00e7a seja um testemunho da rica heran\u00e7a cultural e do estilo contempor\u00e2neo de Espanha.<\/p>\n","protected":false},"excerpt":{"rendered":"<p>Ta\u00e7as de coco metalizadas de 13 x 6 cm, dispon\u00edveis numa vibrante paleta de cores: azul, verde, vermelho, laranja, roxo e dourado. Cada ta\u00e7a apresenta um acabamento brilhante que real\u00e7a o seu design moderno, perfeito para decorar ou servir aperitivos. Elaboradas com um material leve e duradouro, estas ta\u00e7as s\u00e3o ideais para conferir um toque de cor e estilo a qualquer mesa ou evento, capturando a ess\u00eancia festiva da cultura espanhola.<\/p>\n","protected":false},"featured_media":10710,"template":"","meta":{"_acf_changed":false},"product_brand":[],"product_cat":[513],"product_tag":[],"class_list":{"0":"post-34756","1":"product","2":"type-product","3":"status-publish","4":"has-post-thumbnail","6":"product_cat-bols","7":"pa_motivo-metalizado","9":"first","10":"instock","11":"shipping-taxable","12":"product-type-simple"},"acf":[],"_links":{"self":[{"href":"https:\/\/olemosaic.orbitalia.org\/pt-pt\/wp-json\/wp\/v2\/product\/34756","targetHints":{"allow":["GET"]}}],"collection":[{"href":"https:\/\/olemosaic.orbitalia.org\/pt-pt\/wp-json\/wp\/v2\/product"}],"about":[{"href":"https:\/\/olemosaic.orbitalia.org\/pt-pt\/wp-json\/wp\/v2\/types\/product"}],"wp:featuredmedia":[{"embeddable":true,"href":"https:\/\/olemosaic.orbitalia.org\/pt-pt\/wp-json\/wp\/v2\/media\/10710"}],"wp:attachment":[{"href":"https:\/\/olemosaic.orbitalia.org\/pt-pt\/wp-json\/wp\/v2\/media?parent=34756"}],"wp:term":[{"taxonomy":"product_brand","embeddable":true,"href":"https:\/\/olemosaic.orbitalia.org\/pt-pt\/wp-json\/wp\/v2\/product_brand?post=34756"},{"taxonomy":"product_cat","embeddable":true,"href":"https:\/\/olemosaic.orbitalia.org\/pt-pt\/wp-json\/wp\/v2\/product_cat?post=34756"},{"taxonomy":"product_tag","embeddable":true,"href":"https:\/\/olemosaic.orbitalia.org\/pt-pt\/wp-json\/wp\/v2\/product_tag?post=34756"}],"curies":[{"name":"wp","href":"https:\/\/api.w.org\/{rel}","templated":true}]}}