{"id":34717,"date":"2025-02-20T22:34:27","date_gmt":"2025-02-20T22:34:27","guid":{"rendered":"https:\/\/olemosaic.orbitalia.org\/producto\/4-bols-de-coco-de-13-x-6-cm-tortuga\/"},"modified":"2025-07-25T18:58:07","modified_gmt":"2025-07-25T16:58:07","slug":"4-tacas-de-coco-de-13-x-6-cm-tartaruga","status":"publish","type":"product","link":"https:\/\/olemosaic.orbitalia.org\/pt-pt\/produto\/4-tacas-de-coco-de-13-x-6-cm-tartaruga\/","title":{"rendered":"4 Ta\u00e7as de coco de 13 x 6 cm. Tartaruga."},"content":{"rendered":"<p>Este conjunto de 4 ta\u00e7as de coco de 13 x 6 cm com motivos de tartarugas \u00e9 uma representa\u00e7\u00e3o vibrante da heran\u00e7a cultural e da beleza natural do ambiente tropical. Cada ta\u00e7a apresenta um design colorido e cativante, com uma tartaruga como protagonista entre cora\u00e7\u00f5es e padr\u00f5es detalhados, criando um efeito visual encantador. As cores vivas \u2014 azul, vermelho, laranja e rosa \u2014 acrescentam um ar festivo e alegre, tornando-as ideais tanto para servir aperitivos numa reuni\u00e3o como para decorar qualquer canto da casa.<\/p>\n<p>O acabamento brilhante real\u00e7a a beleza dos materiais naturais, conferindo a cada ta\u00e7a uma apar\u00eancia polida que reflete a autenticidade artesanal. Estas ta\u00e7as n\u00e3o s\u00e3o apenas funcionais, mas tamb\u00e9m evocam uma liga\u00e7\u00e3o com a natureza e a vida marinha, lembrando o respeito pelo meio ambiente.<\/p>\n<p>Este conjunto de ta\u00e7as de coco \u00e9 uma lembran\u00e7a ideal para quem procura levar um peda\u00e7o da cultura tropical para casa. Na Ol\u00e9 Mosaic, somos distribuidores de lembran\u00e7as aut\u00eanticas e de qualidade que capturam a ess\u00eancia das regi\u00f5es que representam. Este conjunto \u00e9 a op\u00e7\u00e3o perfeita para lojas de presentes tur\u00edsticos que desejam oferecer produtos que n\u00e3o s\u00f3 sejam atraentes, mas que tamb\u00e9m contem uma rica hist\u00f3ria cultural.<\/p>\n","protected":false},"excerpt":{"rendered":"<p>Conjunto de 4 ta\u00e7as de coco de 13 x 6 cm decoradas com motivos de tartarugas, ideais para dar um toque tropical ao seu lar. Cada ta\u00e7a apresenta um design vibrante e colorido com uma tartaruga no centro, rodeada de cora\u00e7\u00f5es e padr\u00f5es detalhados. As cores incluem azul, vermelho, laranja e rosa, o que torna este conjunto uma op\u00e7\u00e3o perfeita para servir aperitivos ou como elemento decorativo. O seu acabamento brilhante real\u00e7a a beleza dos materiais naturais, tornando-as uma recorda\u00e7\u00e3o \u00fanica.<\/p>\n","protected":false},"featured_media":10664,"template":"","meta":{"_acf_changed":false},"product_brand":[],"product_cat":[513],"product_tag":[516],"class_list":{"0":"post-34717","1":"product","2":"type-product","3":"status-publish","4":"has-post-thumbnail","6":"product_cat-bols","7":"product_tag-animais","8":"pa_motivo-tartarugas","10":"first","11":"instock","12":"shipping-taxable","13":"product-type-simple"},"acf":[],"_links":{"self":[{"href":"https:\/\/olemosaic.orbitalia.org\/pt-pt\/wp-json\/wp\/v2\/product\/34717","targetHints":{"allow":["GET"]}}],"collection":[{"href":"https:\/\/olemosaic.orbitalia.org\/pt-pt\/wp-json\/wp\/v2\/product"}],"about":[{"href":"https:\/\/olemosaic.orbitalia.org\/pt-pt\/wp-json\/wp\/v2\/types\/product"}],"wp:featuredmedia":[{"embeddable":true,"href":"https:\/\/olemosaic.orbitalia.org\/pt-pt\/wp-json\/wp\/v2\/media\/10664"}],"wp:attachment":[{"href":"https:\/\/olemosaic.orbitalia.org\/pt-pt\/wp-json\/wp\/v2\/media?parent=34717"}],"wp:term":[{"taxonomy":"product_brand","embeddable":true,"href":"https:\/\/olemosaic.orbitalia.org\/pt-pt\/wp-json\/wp\/v2\/product_brand?post=34717"},{"taxonomy":"product_cat","embeddable":true,"href":"https:\/\/olemosaic.orbitalia.org\/pt-pt\/wp-json\/wp\/v2\/product_cat?post=34717"},{"taxonomy":"product_tag","embeddable":true,"href":"https:\/\/olemosaic.orbitalia.org\/pt-pt\/wp-json\/wp\/v2\/product_tag?post=34717"}],"curies":[{"name":"wp","href":"https:\/\/api.w.org\/{rel}","templated":true}]}}