{"id":34716,"date":"2025-02-20T22:34:27","date_gmt":"2025-02-20T22:34:27","guid":{"rendered":"https:\/\/olemosaic.orbitalia.org\/producto\/salvamanteles-de-ceramica-gallos-blanco\/"},"modified":"2025-07-25T19:26:58","modified_gmt":"2025-07-25T17:26:58","slug":"descanso-de-pratos-em-ceramica-galos-branco","status":"publish","type":"product","link":"https:\/\/olemosaic.orbitalia.org\/pt-pt\/produto\/descanso-de-pratos-em-ceramica-galos-branco\/","title":{"rendered":"Descanso de pratos em cer\u00e2mica. Galos. Branco."},"content":{"rendered":"<p>Este descanso de pratos decorativo em cer\u00e2mica \u00e9 uma pe\u00e7a emblem\u00e1tica que evoca a colorida tradi\u00e7\u00e3o portuguesa do galo. Apresenta um design vibrante com dois galos ilustrados com criatividade em tons vermelhos e pretos, rodeados de motivos florais e cora\u00e7\u00f5es, tudo sobre um fundo branco que os real\u00e7a de forma cativante. A borda entran\u00e7ada em vermelho n\u00e3o s\u00f3 acrescenta um toque distintivo, como tamb\u00e9m refor\u00e7a a sua resist\u00eancia, tornando este descanso de pratos funcional e esteticamente atraente.<\/p>\n<p>Este objeto artesanal n\u00e3o s\u00f3 protege as superf\u00edcies, como tamb\u00e9m confere um elemento cultural e art\u00edstico \u00e0 mesa, ideal tanto para ocasi\u00f5es especiais como para o uso di\u00e1rio. Os galos s\u00e3o um s\u00edmbolo de boa sorte na cultura portuguesa, e este descanso de pratos \u00e9 uma recorda\u00e7\u00e3o aut\u00eantica que captura a ess\u00eancia do folclore local.<\/p>\n<p>Na Ol\u00e9 Mosaic, especializamo-nos na distribui\u00e7\u00e3o de lembran\u00e7as por grosso, e este descanso de pratos em cer\u00e2mica \u00e9 perfeito para lojas de presentes tur\u00edsticos que desejem oferecer aos seus clientes um peda\u00e7o de Portugal. Com a sua combina\u00e7\u00e3o de arte, tradi\u00e7\u00e3o e funcionalidade, este descanso de pratos \u00e9 uma excelente escolha para quem quer levar um pouco da cultura portuguesa para casa.<\/p>\n","protected":false},"excerpt":{"rendered":"<p>Descanso de pratos em cer\u00e2mica decorativo, inspirado na colorida tradi\u00e7\u00e3o portuguesa dos galos. Este elegante descanso de pratos apresenta dois galos em tons vibrantes de vermelho e preto, adornados com motivos florais e cora\u00e7\u00f5es sobre um fundo branco. O contorno \u00e9 real\u00e7ado com uma borda entran\u00e7ada em vermelho, que lhe confere um toque distintivo. Ideal para proteger superf\u00edcies e adicionar um elemento cultural e art\u00edstico \u00e0 sua mesa. Perfeito para ocasi\u00f5es especiais ou para o dia a dia.<\/p>\n","protected":false},"featured_media":8928,"template":"","meta":{"_acf_changed":false},"product_brand":[],"product_cat":[830],"product_tag":[516,515],"class_list":{"0":"post-34716","1":"product","2":"type-product","3":"status-publish","4":"has-post-thumbnail","6":"product_cat-bases-para-pratos","7":"product_tag-animais","8":"product_tag-ceramica","9":"pa_motivo-galos","11":"first","12":"instock","13":"shipping-taxable","14":"product-type-simple"},"acf":[],"_links":{"self":[{"href":"https:\/\/olemosaic.orbitalia.org\/pt-pt\/wp-json\/wp\/v2\/product\/34716","targetHints":{"allow":["GET"]}}],"collection":[{"href":"https:\/\/olemosaic.orbitalia.org\/pt-pt\/wp-json\/wp\/v2\/product"}],"about":[{"href":"https:\/\/olemosaic.orbitalia.org\/pt-pt\/wp-json\/wp\/v2\/types\/product"}],"wp:featuredmedia":[{"embeddable":true,"href":"https:\/\/olemosaic.orbitalia.org\/pt-pt\/wp-json\/wp\/v2\/media\/8928"}],"wp:attachment":[{"href":"https:\/\/olemosaic.orbitalia.org\/pt-pt\/wp-json\/wp\/v2\/media?parent=34716"}],"wp:term":[{"taxonomy":"product_brand","embeddable":true,"href":"https:\/\/olemosaic.orbitalia.org\/pt-pt\/wp-json\/wp\/v2\/product_brand?post=34716"},{"taxonomy":"product_cat","embeddable":true,"href":"https:\/\/olemosaic.orbitalia.org\/pt-pt\/wp-json\/wp\/v2\/product_cat?post=34716"},{"taxonomy":"product_tag","embeddable":true,"href":"https:\/\/olemosaic.orbitalia.org\/pt-pt\/wp-json\/wp\/v2\/product_tag?post=34716"}],"curies":[{"name":"wp","href":"https:\/\/api.w.org\/{rel}","templated":true}]}}