{"id":34702,"date":"2025-02-20T22:34:27","date_gmt":"2025-02-20T22:34:27","guid":{"rendered":"https:\/\/olemosaic.orbitalia.org\/producto\/salvamanteles-de-ceramica-mariposa\/"},"modified":"2025-07-25T20:22:27","modified_gmt":"2025-07-25T18:22:27","slug":"base-de-ceramica-borboleta","status":"publish","type":"product","link":"https:\/\/olemosaic.orbitalia.org\/pt-pt\/produto\/base-de-ceramica-borboleta\/","title":{"rendered":"Base de cer\u00e2mica para tachos. Borboleta."},"content":{"rendered":"<p>Esta base de cer\u00e2mica para tachos, decorada com um vibrante design de borboletas e flores, \u00e9 uma joia que adiciona cor e arte a qualquer mesa. A colorida ilustra\u00e7\u00e3o apresenta tr\u00eas majestosas borboletas num mosaico brilhante, cujas asas se adornam com tons intensos de vermelho, amarelo e azul, que contrastam maravilhosamente com o fundo cinzento. Este detalhe n\u00e3o s\u00f3 real\u00e7a a beleza do objeto, como tamb\u00e9m evoca a rica tradi\u00e7\u00e3o da arte cer\u00e2mica espanhola, conhecida pela sua vivacidade e aten\u00e7\u00e3o ao detalhe.<\/p>\n<p>Ao redor das borboletas, florescem diversas flores de cores chamativas, o que enriquece ainda mais o design e lhe confere uma dimens\u00e3o alegre e festiva. O rebordo de corda que rodeia a base confere um toque artesanal, real\u00e7ando a dedica\u00e7\u00e3o e o esmero no seu fabrico, o que torna este produto uma aut\u00eantica recorda\u00e7\u00e3o que celebra a ess\u00eancia da cer\u00e2mica tradicional espanhola.<\/p>\n<p>Ideal como presente ou para os amantes da decora\u00e7\u00e3o, esta base \u00e9 uma excelente op\u00e7\u00e3o para os turistas que procuram recorda\u00e7\u00f5es que representem a sua experi\u00eancia cultural. Na Ol\u00e9 Mosaic, orgulhamo-nos de ser distribuidores de cer\u00e2mica aut\u00eantica por grosso, garantindo produtos que refletem a riqueza do patrim\u00f3nio espanhol. Esta base n\u00e3o funciona apenas como um acess\u00f3rio funcional, mas tamb\u00e9m como uma maravilhosa recorda\u00e7\u00e3o de viagem que captura a ess\u00eancia da beleza natural e art\u00edstica da regi\u00e3o.<\/p>\n","protected":false},"excerpt":{"rendered":"<p>Base de cer\u00e2mica para tachos decorada com um vibrante design de borboletas e flores. Esta atraente base apresenta uma colorida ilustra\u00e7\u00e3o de borboletas em mosaico, rodeadas de diversas flores em tons brilhantes como vermelho, amarelo e azul. O fundo cinzento proporciona um belo contraste, enquanto o rebordo de corda lhe confere um toque artesanal. Ideal para adicionar um toque de cor e arte \u00e0 mesa, representa a ess\u00eancia da cer\u00e2mica tradicional espanhola.<\/p>\n","protected":false},"featured_media":8650,"template":"","meta":{"_acf_changed":false},"product_brand":[],"product_cat":[830],"product_tag":[516,515],"class_list":{"0":"post-34702","1":"product","2":"type-product","3":"status-publish","4":"has-post-thumbnail","6":"product_cat-bases-para-pratos","7":"product_tag-animais","8":"product_tag-ceramica","9":"pa_motivo-borboletas","11":"first","12":"instock","13":"shipping-taxable","14":"product-type-simple"},"acf":[],"_links":{"self":[{"href":"https:\/\/olemosaic.orbitalia.org\/pt-pt\/wp-json\/wp\/v2\/product\/34702","targetHints":{"allow":["GET"]}}],"collection":[{"href":"https:\/\/olemosaic.orbitalia.org\/pt-pt\/wp-json\/wp\/v2\/product"}],"about":[{"href":"https:\/\/olemosaic.orbitalia.org\/pt-pt\/wp-json\/wp\/v2\/types\/product"}],"wp:featuredmedia":[{"embeddable":true,"href":"https:\/\/olemosaic.orbitalia.org\/pt-pt\/wp-json\/wp\/v2\/media\/8650"}],"wp:attachment":[{"href":"https:\/\/olemosaic.orbitalia.org\/pt-pt\/wp-json\/wp\/v2\/media?parent=34702"}],"wp:term":[{"taxonomy":"product_brand","embeddable":true,"href":"https:\/\/olemosaic.orbitalia.org\/pt-pt\/wp-json\/wp\/v2\/product_brand?post=34702"},{"taxonomy":"product_cat","embeddable":true,"href":"https:\/\/olemosaic.orbitalia.org\/pt-pt\/wp-json\/wp\/v2\/product_cat?post=34702"},{"taxonomy":"product_tag","embeddable":true,"href":"https:\/\/olemosaic.orbitalia.org\/pt-pt\/wp-json\/wp\/v2\/product_tag?post=34702"}],"curies":[{"name":"wp","href":"https:\/\/api.w.org\/{rel}","templated":true}]}}