{"id":34671,"date":"2025-02-20T23:34:26","date_gmt":"2025-02-20T22:34:26","guid":{"rendered":"https:\/\/olemosaic.orbitalia.org\/producto\/salvamanteles-de-ceramica-bailaora-2\/"},"modified":"2025-07-25T19:00:31","modified_gmt":"2025-07-25T17:00:31","slug":"descanso-de-pratos-em-ceramica-bailarina-flamenco-cravos-vermelhos","status":"publish","type":"product","link":"https:\/\/olemosaic.orbitalia.org\/pt-pt\/produto\/descanso-de-pratos-em-ceramica-bailarina-flamenco-cravos-vermelhos\/","title":{"rendered":"Descanso de pratos em cer\u00e2mica. Bailarina de flamenco. Cravos vermelhos."},"content":{"rendered":"<p>Este descanso de pratos em cer\u00e2mica pintado \u00e0 m\u00e3o \u00e9 uma aut\u00eantica obra de arte que evoca a vibrante cultura flamenca de Espanha. Com um design cativante, representa uma bailarina de flamenco com um deslumbrante vestido colorido que exibe uma sinfonia de tons azuis, vermelhos e verdes, mostrando a eleg\u00e2ncia e o dinamismo do flamenco. A bailarina est\u00e1 rodeada por um campo de cravos vermelhos que real\u00e7a o seu movimento e gra\u00e7a, criando um ambiente festivo e cheio de vida.<\/p>\n<p>O descanso de pratos conta com uma borda entran\u00e7ada vermelha que, al\u00e9m de proporcionar um acabamento est\u00e9tico, garante a sua durabilidade e funcionalidade na mesa. Este produto \u00e9 perfeito para quem procura dar um toque andaluz \u00e0s suas refei\u00e7\u00f5es e celebra\u00e7\u00f5es, servindo simultaneamente como um atraente elemento decorativo.<\/p>\n<p>Com o seu rico simbolismo, este descanso de pratos n\u00e3o s\u00f3 destaca a tradi\u00e7\u00e3o culin\u00e1ria espanhola, como tamb\u00e9m captura a ess\u00eancia do folclore andaluz, tornando-se uma recorda\u00e7\u00e3o ideal para turistas que desejam levar um peda\u00e7o da cultura espanhola para casa. Na Ol\u00e9 Mosaic, como grossista de recorda\u00e7\u00f5es, oferecemos produtos aut\u00eanticos que refletem o patrim\u00f3nio cultural de Espanha, assegurando que cada pe\u00e7a seja tanto uma obra-prima como uma recorda\u00e7\u00e3o inesquec\u00edvel.<\/p>\n","protected":false},"excerpt":{"rendered":"<p>Descanso de pratos em cer\u00e2mica com design artesanal, pintado \u00e0 m\u00e3o, inspirado na arte flamenca. Este colorido descanso de pratos apresenta uma bailarina de flamenco vestida com um traje vibrante em tons de azul, vermelho e verde, rodeada por um campo de cravos vermelhos que real\u00e7am o seu movimento e eleg\u00e2ncia. Com uma borda entran\u00e7ada vermelha, \u00e9 tanto um produto funcional como um elemento decorativo atraente que captura a ess\u00eancia do folclore espanhol, ideal para dar um toque andaluz a qualquer mesa.<\/p>\n","protected":false},"featured_media":8654,"template":"","meta":{"_acf_changed":false},"product_brand":[],"product_cat":[830],"product_tag":[515],"class_list":{"0":"post-34671","1":"product","2":"type-product","3":"status-publish","4":"has-post-thumbnail","6":"product_cat-bases-para-pratos","7":"product_tag-ceramica","8":"pa_motivo-dancarinos","10":"first","11":"instock","12":"shipping-taxable","13":"product-type-simple"},"acf":[],"_links":{"self":[{"href":"https:\/\/olemosaic.orbitalia.org\/pt-pt\/wp-json\/wp\/v2\/product\/34671","targetHints":{"allow":["GET"]}}],"collection":[{"href":"https:\/\/olemosaic.orbitalia.org\/pt-pt\/wp-json\/wp\/v2\/product"}],"about":[{"href":"https:\/\/olemosaic.orbitalia.org\/pt-pt\/wp-json\/wp\/v2\/types\/product"}],"wp:featuredmedia":[{"embeddable":true,"href":"https:\/\/olemosaic.orbitalia.org\/pt-pt\/wp-json\/wp\/v2\/media\/8654"}],"wp:attachment":[{"href":"https:\/\/olemosaic.orbitalia.org\/pt-pt\/wp-json\/wp\/v2\/media?parent=34671"}],"wp:term":[{"taxonomy":"product_brand","embeddable":true,"href":"https:\/\/olemosaic.orbitalia.org\/pt-pt\/wp-json\/wp\/v2\/product_brand?post=34671"},{"taxonomy":"product_cat","embeddable":true,"href":"https:\/\/olemosaic.orbitalia.org\/pt-pt\/wp-json\/wp\/v2\/product_cat?post=34671"},{"taxonomy":"product_tag","embeddable":true,"href":"https:\/\/olemosaic.orbitalia.org\/pt-pt\/wp-json\/wp\/v2\/product_tag?post=34671"}],"curies":[{"name":"wp","href":"https:\/\/api.w.org\/{rel}","templated":true}]}}