{"id":34647,"date":"2025-02-20T23:34:24","date_gmt":"2025-02-20T22:34:24","guid":{"rendered":"https:\/\/olemosaic.orbitalia.org\/producto\/salvamanteles-de-ceramica-toros-2\/"},"modified":"2025-07-25T19:48:31","modified_gmt":"2025-07-25T17:48:31","slug":"base-de-ceramica-touros-borda-vermelha","status":"publish","type":"product","link":"https:\/\/olemosaic.orbitalia.org\/pt-pt\/produto\/base-de-ceramica-touros-borda-vermelha\/","title":{"rendered":"Base de cer\u00e2mica. Touros. Borda entran\u00e7ada vermelha."},"content":{"rendered":"<p>Esta base de cer\u00e2mica \u00e9 uma representa\u00e7\u00e3o vibrante da rica tradi\u00e7\u00e3o cultural espanhola, ideal para quem procura recorda\u00e7\u00f5es aut\u00eanticas. Com o seu design ilustrado, que mostra dois touros num mosaico colorido, este artigo n\u00e3o s\u00f3 \u00e9 funcional, como tamb\u00e9m serve como uma magn\u00edfica pe\u00e7a decorativa. Os tons vermelhos intensos e azuis profundos dos touros contrastam maravilhosamente com o fundo cinzento claro, real\u00e7ando a vivacidade do motivo e capturando a ess\u00eancia da Espanha festiva. Al\u00e9m disso, a borda entran\u00e7ada em vermelho acrescenta um toque especial, proporcionando um acabamento elegante que protege eficazmente contra as altas temperaturas.<\/p>\n<p>A base n\u00e3o \u00e9 apenas um acess\u00f3rio perfeito para a mesa, mas tamb\u00e9m simboliza a paix\u00e3o e o orgulho que rodeia a cultura taurom\u00e1quica em Espanha, evocando tradi\u00e7\u00f5es que t\u00eam sido parte integrante da sua hist\u00f3ria. \u00c9 um excelente presente para aqueles que desejam levar um pedacinho de Espanha para as suas casas.<\/p>\n<p>Na Ol\u00e9 Mosaic, somos distribuidores de recorda\u00e7\u00f5es aut\u00eanticas, e esta base de cer\u00e2mica destaca-se como uma op\u00e7\u00e3o ideal para lojas de presentes tur\u00edsticos. Atraia os seus clientes com esta maravilhosa base que combina arte e funcionalidade, tornando-se um s\u00edmbolo representativo da heran\u00e7a espanhola.<\/p>\n","protected":false},"excerpt":{"rendered":"<p>Base de cer\u00e2mica com um design vibrante de touros, que evoca a rica tradi\u00e7\u00e3o da cultura espanhola. Esta elegante base apresenta um mosaico colorido em tons de vermelho, verde e azul, sobre um fundo cinzento claro que real\u00e7a a vivacidade do motivo. Com uma borda entran\u00e7ada em vermelho, \u00e9 t\u00e3o decorativa quanto funcional, ideal para adicionar um toque aut\u00eantico \u00e0 sua mesa e proteg\u00ea-la das altas temperaturas.<\/p>\n","protected":false},"featured_media":8583,"template":"","meta":{"_acf_changed":false},"product_brand":[],"product_cat":[830],"product_tag":[516,515],"class_list":{"0":"post-34647","1":"product","2":"type-product","3":"status-publish","4":"has-post-thumbnail","6":"product_cat-bases-para-pratos","7":"product_tag-animais","8":"product_tag-ceramica","9":"pa_motivo-touros","11":"first","12":"instock","13":"shipping-taxable","14":"product-type-simple"},"acf":[],"_links":{"self":[{"href":"https:\/\/olemosaic.orbitalia.org\/pt-pt\/wp-json\/wp\/v2\/product\/34647","targetHints":{"allow":["GET"]}}],"collection":[{"href":"https:\/\/olemosaic.orbitalia.org\/pt-pt\/wp-json\/wp\/v2\/product"}],"about":[{"href":"https:\/\/olemosaic.orbitalia.org\/pt-pt\/wp-json\/wp\/v2\/types\/product"}],"wp:featuredmedia":[{"embeddable":true,"href":"https:\/\/olemosaic.orbitalia.org\/pt-pt\/wp-json\/wp\/v2\/media\/8583"}],"wp:attachment":[{"href":"https:\/\/olemosaic.orbitalia.org\/pt-pt\/wp-json\/wp\/v2\/media?parent=34647"}],"wp:term":[{"taxonomy":"product_brand","embeddable":true,"href":"https:\/\/olemosaic.orbitalia.org\/pt-pt\/wp-json\/wp\/v2\/product_brand?post=34647"},{"taxonomy":"product_cat","embeddable":true,"href":"https:\/\/olemosaic.orbitalia.org\/pt-pt\/wp-json\/wp\/v2\/product_cat?post=34647"},{"taxonomy":"product_tag","embeddable":true,"href":"https:\/\/olemosaic.orbitalia.org\/pt-pt\/wp-json\/wp\/v2\/product_tag?post=34647"}],"curies":[{"name":"wp","href":"https:\/\/api.w.org\/{rel}","templated":true}]}}