{"id":34645,"date":"2025-02-20T23:34:24","date_gmt":"2025-02-20T22:34:24","guid":{"rendered":"https:\/\/olemosaic.orbitalia.org\/producto\/salvamanteles-de-ceramica-patio-2\/"},"modified":"2025-07-25T19:07:22","modified_gmt":"2025-07-25T17:07:22","slug":"base-de-ceramica-patio-andaluz","status":"publish","type":"product","link":"https:\/\/olemosaic.orbitalia.org\/pt-pt\/produto\/base-de-ceramica-patio-andaluz\/","title":{"rendered":"Base de cer\u00e2mica. P\u00e1tio andaluz."},"content":{"rendered":"<p>Esta base de cer\u00e2mica \u00e9 uma obra de arte que encapsula a ess\u00eancia do folclore espanhol, ideal para dar um toque vibrante a qualquer mesa. Com um design colorido e encantador, apresenta uma cena t\u00edpica de um p\u00e1tio andaluz, onde uma bailarina com um vibrante vestido vermelho dan\u00e7a alegremente ao lado de um homem vestido de flamenco. Rodeados de vasos floridos, com os tons brilhantes dos ger\u00e2nios, cada detalhe pintado \u00e0 m\u00e3o destaca-se com precis\u00e3o, evocando o esp\u00edrito festivo das festas e tradi\u00e7\u00f5es locais.<\/p>\n<p>A borda tecida em vermelho n\u00e3o s\u00f3 acrescenta um acabamento distintivo, como tamb\u00e9m real\u00e7a a autenticidade deste souvenir, tornando-o uma excelente recorda\u00e7\u00e3o de Espanha. Esta base n\u00e3o \u00e9 apenas funcional, mas tamb\u00e9m honra a rica cultura espanhola, refletindo o calor e o estilo de vida andaluz, perfeito para quem deseja levar um peda\u00e7o desta tradi\u00e7\u00e3o para as suas casas.<\/p>\n<p>Na Ol\u00e9 Mosaic, especializamo-nos na distribui\u00e7\u00e3o de souvenirs por grosso, e esta base de cer\u00e2mica \u00e9 uma op\u00e7\u00e3o ideal para lojas de presentes tur\u00edsticos. Com o seu design atraente e a sua liga\u00e7\u00e3o cultural, \u00e9 um presente memor\u00e1vel que encarna a ess\u00eancia dos souvenirs espanh\u00f3is, garantindo qualidade e autenticidade.<\/p>\n","protected":false},"excerpt":{"rendered":"<p>Base de cer\u00e2mica com um design colorido que captura a ess\u00eancia do folclore espanhol. Este produto apresenta uma encantadora cena de um p\u00e1tio andaluz, onde uma bailarina vestida com um vibrante vestido vermelho e um homem trajado com fato de flamenco dan\u00e7am alegremente entre vasos cheios de ger\u00e2nios. Os detalhes pintados \u00e0 m\u00e3o, juntamente com uma borda tecida em vermelho, conferem um toque distintivo e aut\u00eantico, ideal para real\u00e7ar qualquer mesa com um estilo espanhol.<\/p>\n","protected":false},"featured_media":8514,"template":"","meta":{"_acf_changed":false},"product_brand":[],"product_cat":[830],"product_tag":[515],"class_list":{"0":"post-34645","1":"product","2":"type-product","3":"status-publish","4":"has-post-thumbnail","6":"product_cat-bases-para-pratos","7":"product_tag-ceramica","8":"pa_motivo-patios","10":"first","11":"instock","12":"shipping-taxable","13":"product-type-simple"},"acf":[],"_links":{"self":[{"href":"https:\/\/olemosaic.orbitalia.org\/pt-pt\/wp-json\/wp\/v2\/product\/34645","targetHints":{"allow":["GET"]}}],"collection":[{"href":"https:\/\/olemosaic.orbitalia.org\/pt-pt\/wp-json\/wp\/v2\/product"}],"about":[{"href":"https:\/\/olemosaic.orbitalia.org\/pt-pt\/wp-json\/wp\/v2\/types\/product"}],"wp:featuredmedia":[{"embeddable":true,"href":"https:\/\/olemosaic.orbitalia.org\/pt-pt\/wp-json\/wp\/v2\/media\/8514"}],"wp:attachment":[{"href":"https:\/\/olemosaic.orbitalia.org\/pt-pt\/wp-json\/wp\/v2\/media?parent=34645"}],"wp:term":[{"taxonomy":"product_brand","embeddable":true,"href":"https:\/\/olemosaic.orbitalia.org\/pt-pt\/wp-json\/wp\/v2\/product_brand?post=34645"},{"taxonomy":"product_cat","embeddable":true,"href":"https:\/\/olemosaic.orbitalia.org\/pt-pt\/wp-json\/wp\/v2\/product_cat?post=34645"},{"taxonomy":"product_tag","embeddable":true,"href":"https:\/\/olemosaic.orbitalia.org\/pt-pt\/wp-json\/wp\/v2\/product_tag?post=34645"}],"curies":[{"name":"wp","href":"https:\/\/api.w.org\/{rel}","templated":true}]}}