{"id":34598,"date":"2025-02-20T22:34:23","date_gmt":"2025-02-20T22:34:23","guid":{"rendered":"https:\/\/olemosaic.orbitalia.org\/producto\/salvamanteles-de-ceramica-flores\/"},"modified":"2025-07-25T18:43:49","modified_gmt":"2025-07-25T16:43:49","slug":"descanso-de-pratos-em-ceramica-flores","status":"publish","type":"product","link":"https:\/\/olemosaic.orbitalia.org\/pt-pt\/produto\/descanso-de-pratos-em-ceramica-flores\/","title":{"rendered":"Descanso de pratos em cer\u00e2mica. Flores."},"content":{"rendered":"<p>Este descanso de pratos em cer\u00e2mica, decorado com um vibrante design floral ao estilo mosaico, \u00e9 uma joia artesanal que captura a ess\u00eancia da arte espanhola. Com um fundo preto que real\u00e7a o colorido das flores em tons de vermelho, amarelo, azul e verde, este acess\u00f3rio \u00e9 perfeito para real\u00e7ar qualquer mesa, conferindo um toque alegre e art\u00edstico. Cada flor foi cuidadosamente elaborada, mostrando a destreza da t\u00e9cnica tradicional empregada no seu fabrico. O rebordo entran\u00e7ado n\u00e3o s\u00f3 proporciona resist\u00eancia, como tamb\u00e9m acrescenta um toque distintivo e elegante ao design.<\/p>\n<p>Este descanso de pratos \u00e9 mais do que um simples objeto funcional; \u00e9 um aut\u00eantico souvenir que representa a arte e a cultura de Espanha. A tradi\u00e7\u00e3o do mosaico tem ra\u00edzes profundas nas diversas regi\u00f5es do pa\u00eds, evocando a heran\u00e7a cultural que se reflete em cada detalhe desta pe\u00e7a. Os turistas que procuram souvenirs aut\u00eanticos da sua visita a Espanha encontrar\u00e3o neste descanso de pratos uma excelente recorda\u00e7\u00e3o que encapsula o colorido e a alegria da paisagem ib\u00e9rica.<\/p>\n<p>Na Ol\u00e9 Mosaic, dedicamo-nos \u00e0 distribui\u00e7\u00e3o de souvenirs por grosso, oferecendo uma sele\u00e7\u00e3o cuidada de artigos aut\u00eanticos que celebram a rica tradi\u00e7\u00e3o espanhola. Este descanso de pratos em cer\u00e2mica \u00e9 uma op\u00e7\u00e3o ideal para lojas de presentes tur\u00edsticos que desejam oferecer produtos de qualidade e significado cultural. Como grossistas de souvenirs, garantimos a autenticidade e a mestria em cada uma das nossas pe\u00e7as.<\/p>\n","protected":false},"excerpt":{"rendered":"<p>Descanso de pratos em cer\u00e2mica decorado com um vibrante design floral ao estilo mosaico. Este colorido acess\u00f3rio apresenta uma variedade de flores em tons de vermelho, amarelo, azul e verde sobre um fundo preto que real\u00e7a a sua beleza. A cer\u00e2mica foi elaborada com uma t\u00e9cnica tradicional, e o descanso de pratos conta com um rebordo entran\u00e7ado que confere resist\u00eancia e um toque distintivo. Ideal para dar um toque alegre a qualquer mesa, este descanso de pratos \u00e9 um reflexo da arte e da cultura espanhola.<\/p>\n","protected":false},"featured_media":8927,"template":"","meta":{"_acf_changed":false},"product_brand":[],"product_cat":[830],"product_tag":[515],"class_list":{"0":"post-34598","1":"product","2":"type-product","3":"status-publish","4":"has-post-thumbnail","6":"product_cat-bases-para-pratos","7":"product_tag-ceramica","8":"pa_motivo-flores","10":"first","11":"instock","12":"shipping-taxable","13":"product-type-simple"},"acf":[],"_links":{"self":[{"href":"https:\/\/olemosaic.orbitalia.org\/pt-pt\/wp-json\/wp\/v2\/product\/34598","targetHints":{"allow":["GET"]}}],"collection":[{"href":"https:\/\/olemosaic.orbitalia.org\/pt-pt\/wp-json\/wp\/v2\/product"}],"about":[{"href":"https:\/\/olemosaic.orbitalia.org\/pt-pt\/wp-json\/wp\/v2\/types\/product"}],"wp:featuredmedia":[{"embeddable":true,"href":"https:\/\/olemosaic.orbitalia.org\/pt-pt\/wp-json\/wp\/v2\/media\/8927"}],"wp:attachment":[{"href":"https:\/\/olemosaic.orbitalia.org\/pt-pt\/wp-json\/wp\/v2\/media?parent=34598"}],"wp:term":[{"taxonomy":"product_brand","embeddable":true,"href":"https:\/\/olemosaic.orbitalia.org\/pt-pt\/wp-json\/wp\/v2\/product_brand?post=34598"},{"taxonomy":"product_cat","embeddable":true,"href":"https:\/\/olemosaic.orbitalia.org\/pt-pt\/wp-json\/wp\/v2\/product_cat?post=34598"},{"taxonomy":"product_tag","embeddable":true,"href":"https:\/\/olemosaic.orbitalia.org\/pt-pt\/wp-json\/wp\/v2\/product_tag?post=34598"}],"curies":[{"name":"wp","href":"https:\/\/api.w.org\/{rel}","templated":true}]}}