{"id":34597,"date":"2025-02-20T22:34:22","date_gmt":"2025-02-20T22:34:22","guid":{"rendered":"https:\/\/olemosaic.orbitalia.org\/producto\/salvamanteles-de-ceramica-bogavante\/"},"modified":"2025-07-25T18:45:38","modified_gmt":"2025-07-25T16:45:38","slug":"descanso-de-pratos-em-ceramica-lavagante","status":"publish","type":"product","link":"https:\/\/olemosaic.orbitalia.org\/pt-pt\/produto\/descanso-de-pratos-em-ceramica-lavagante\/","title":{"rendered":"Descanso de pratos em cer\u00e2mica. Lavagante."},"content":{"rendered":"<p>Este descanso de pratos em cer\u00e2mica, decorado com um vibrante design de lavagantes, \u00e9 o complemento ideal para dar um toque distintivo e cheio de vida \u00e0 sua mesa. A sua base redonda apresenta um espl\u00eandido fundo azul, que evoca as \u00e1guas do Mediterr\u00e2neo, adornado com padr\u00f5es intrincados que conferem um ar de eleg\u00e2ncia e sofistica\u00e7\u00e3o. Os lavagantes, meticulosamente ilustrados em tons vermelhos brilhantes, captam a aten\u00e7\u00e3o e acrescentam um toque mar\u00edtimo que se destaca em qualquer ocasi\u00e3o. Cada detalhe \u00e9 cuidadosamente pintado, mostrando a requintada mestria que caracteriza a cer\u00e2mica espanhola e refletindo as tradi\u00e7\u00f5es culin\u00e1rias das regi\u00f5es costeiras, onde o lavagante \u00e9 uma aut\u00eantica iguaria.<\/p>\n<p>Com um design funcional, este descanso de pratos n\u00e3o s\u00f3 protege a superf\u00edcie da sua mesa, como tamb\u00e9m serve como um elemento decorativo atraente, perfeito para jantares formais ou reuni\u00f5es informais. Al\u00e9m disso, conta com um la\u00e7o de corda resistente que facilita o seu armazenamento e exposi\u00e7\u00e3o, tornando-o pr\u00e1tico e est\u00e9tico ao mesmo tempo. Este descanso de pratos \u00e9 um excelente souvenir que representa a rica heran\u00e7a cultural do Mediterr\u00e2neo, tornando-se uma recorda\u00e7\u00e3o memor\u00e1vel para turistas e amantes da gastronomia.<\/p>\n<p>Na Ol\u00e9 Mosaic, especializamo-nos na distribui\u00e7\u00e3o de souvenirs de cer\u00e2mica por grosso, oferecendo produtos aut\u00eanticos que refletem a ess\u00eancia da tradi\u00e7\u00e3o espanhola. Este descanso de pratos \u00e9 uma op\u00e7\u00e3o perfeita para lojas de presentes tur\u00edsticos que procuram artigos de qualidade e relev\u00e2ncia cultural, assegurando que cada pe\u00e7a seja uma homenagem \u00e0 beleza e diversidade do patrim\u00f3nio culin\u00e1rio.<\/p>\n","protected":false},"excerpt":{"rendered":"<p>Descanso de pratos em cer\u00e2mica decorado com um design vibrante de lavagantes, ideal para dar um toque distintivo \u00e0 sua mesa. Este elegante descanso de pratos apresenta um fundo azul com desenhos intrincados, que real\u00e7am os lavagantes em tons vermelhos e detalhes em cores brilhantes, evocando o encanto do Mediterr\u00e2neo. Equipado com uma corda resistente para pendurar, \u00e9 tanto funcional como um elemento decorativo atraente para qualquer ocasi\u00e3o.<\/p>\n","protected":false},"featured_media":9353,"template":"","meta":{"_acf_changed":false},"product_brand":[],"product_cat":[830],"product_tag":[516,515],"class_list":{"0":"post-34597","1":"product","2":"type-product","3":"status-publish","4":"has-post-thumbnail","6":"product_cat-bases-para-pratos","7":"product_tag-animais","8":"product_tag-ceramica","9":"pa_motivo-lavagantes","11":"first","12":"instock","13":"shipping-taxable","14":"product-type-simple"},"acf":[],"_links":{"self":[{"href":"https:\/\/olemosaic.orbitalia.org\/pt-pt\/wp-json\/wp\/v2\/product\/34597","targetHints":{"allow":["GET"]}}],"collection":[{"href":"https:\/\/olemosaic.orbitalia.org\/pt-pt\/wp-json\/wp\/v2\/product"}],"about":[{"href":"https:\/\/olemosaic.orbitalia.org\/pt-pt\/wp-json\/wp\/v2\/types\/product"}],"wp:featuredmedia":[{"embeddable":true,"href":"https:\/\/olemosaic.orbitalia.org\/pt-pt\/wp-json\/wp\/v2\/media\/9353"}],"wp:attachment":[{"href":"https:\/\/olemosaic.orbitalia.org\/pt-pt\/wp-json\/wp\/v2\/media?parent=34597"}],"wp:term":[{"taxonomy":"product_brand","embeddable":true,"href":"https:\/\/olemosaic.orbitalia.org\/pt-pt\/wp-json\/wp\/v2\/product_brand?post=34597"},{"taxonomy":"product_cat","embeddable":true,"href":"https:\/\/olemosaic.orbitalia.org\/pt-pt\/wp-json\/wp\/v2\/product_cat?post=34597"},{"taxonomy":"product_tag","embeddable":true,"href":"https:\/\/olemosaic.orbitalia.org\/pt-pt\/wp-json\/wp\/v2\/product_tag?post=34597"}],"curies":[{"name":"wp","href":"https:\/\/api.w.org\/{rel}","templated":true}]}}