{"id":34594,"date":"2025-02-20T23:34:22","date_gmt":"2025-02-20T22:34:22","guid":{"rendered":"https:\/\/olemosaic.orbitalia.org\/producto\/salvamanteles-de-ceramica-buhos-azul\/"},"modified":"2025-07-25T20:00:25","modified_gmt":"2025-07-25T18:00:25","slug":"descanso-de-pratos-em-ceramica-corujas-azul","status":"publish","type":"product","link":"https:\/\/olemosaic.orbitalia.org\/pt-pt\/produto\/descanso-de-pratos-em-ceramica-corujas-azul\/","title":{"rendered":"Descanso de pratos em cer\u00e2mica. Corujas. Azul."},"content":{"rendered":"<p>Este descanso de pratos em cer\u00e2mica, decorado com corujas alegres, \u00e9 uma pe\u00e7a vibrante que iluminar\u00e1 qualquer mesa. Com um fundo azul brilhante, este objeto de cozinha est\u00e1 adornado com um encantador design de mosaico pintado \u00e0 m\u00e3o, onde as corujas pousam sobre um ramo, rodeadas de flores e folhas coloridas que refletem a alegria da natureza. Cada coruja, com os seus tons amarelos, verdes e vermelhos, acrescenta um toque festivo que evoca a rica tradi\u00e7\u00e3o artesanal de Espanha.<\/p>\n<p>A base cer\u00e2mica garante durabilidade e resist\u00eancia ao calor, tornando este descanso de pratos numa op\u00e7\u00e3o pr\u00e1tica e elegante para qualquer casa. O seu rebordo entran\u00e7ado em cor vermelha n\u00e3o s\u00f3 real\u00e7a o seu design, como tamb\u00e9m confere um detalhe especial que o distingue como um aut\u00eantico souvenir. Este descanso de pratos n\u00e3o \u00e9 apenas funcional, mas atua como uma bela recorda\u00e7\u00e3o da sabedoria e do simbolismo das corujas em muitas culturas, representando a liga\u00e7\u00e3o com a natureza e a criatividade.<\/p>\n<p>Na Ol\u00e9 Mosaic, oferecemos este encantador descanso de pratos em cer\u00e2mica como uma excelente op\u00e7\u00e3o para os turistas que procuram souvenirs \u00fanicos e representativos da cultura espanhola. O seu design colorido e alegre torna-o um presente perfeito para aqueles que desejam levar um pedacinho de tradi\u00e7\u00e3o e folclore para as suas casas. Como grossistas de cer\u00e2mica e souvenirs, asseguramos produtos artesanais aut\u00eanticos que celebram a heran\u00e7a cultural de Espanha, ideais para lojas de presentes tur\u00edsticos que procuram ofertas distintivas e de qualidade.<\/p>\n","protected":false},"excerpt":{"rendered":"<p>Descanso de pratos em cer\u00e2mica decorado com corujas alegres sobre um vibrante fundo azul. Este colorido objeto de cozinha apresenta um design de mosaico artesanal, pintado \u00e0 m\u00e3o, onde as corujas, rodeadas de ramos e flores, conferem um toque festivo e encantador. A base cer\u00e2mica assegura durabilidade, enquanto o seu rebordo entran\u00e7ado em cor vermelha acrescenta um detalhe especial. Ideal para adicionar um toque de folclore e calor \u00e0 sua mesa, evocando a tradi\u00e7\u00e3o artesanal.<\/p>\n","protected":false},"featured_media":8656,"template":"","meta":{"_acf_changed":false},"product_brand":[],"product_cat":[830],"product_tag":[516,515],"class_list":{"0":"post-34594","1":"product","2":"type-product","3":"status-publish","4":"has-post-thumbnail","6":"product_cat-bases-para-pratos","7":"product_tag-animais","8":"product_tag-ceramica","9":"pa_motivo-corujas","11":"first","12":"instock","13":"shipping-taxable","14":"product-type-simple"},"acf":[],"_links":{"self":[{"href":"https:\/\/olemosaic.orbitalia.org\/pt-pt\/wp-json\/wp\/v2\/product\/34594","targetHints":{"allow":["GET"]}}],"collection":[{"href":"https:\/\/olemosaic.orbitalia.org\/pt-pt\/wp-json\/wp\/v2\/product"}],"about":[{"href":"https:\/\/olemosaic.orbitalia.org\/pt-pt\/wp-json\/wp\/v2\/types\/product"}],"wp:featuredmedia":[{"embeddable":true,"href":"https:\/\/olemosaic.orbitalia.org\/pt-pt\/wp-json\/wp\/v2\/media\/8656"}],"wp:attachment":[{"href":"https:\/\/olemosaic.orbitalia.org\/pt-pt\/wp-json\/wp\/v2\/media?parent=34594"}],"wp:term":[{"taxonomy":"product_brand","embeddable":true,"href":"https:\/\/olemosaic.orbitalia.org\/pt-pt\/wp-json\/wp\/v2\/product_brand?post=34594"},{"taxonomy":"product_cat","embeddable":true,"href":"https:\/\/olemosaic.orbitalia.org\/pt-pt\/wp-json\/wp\/v2\/product_cat?post=34594"},{"taxonomy":"product_tag","embeddable":true,"href":"https:\/\/olemosaic.orbitalia.org\/pt-pt\/wp-json\/wp\/v2\/product_tag?post=34594"}],"curies":[{"name":"wp","href":"https:\/\/api.w.org\/{rel}","templated":true}]}}