{"id":34543,"date":"2025-02-20T23:34:21","date_gmt":"2025-02-20T22:34:21","guid":{"rendered":"https:\/\/olemosaic.orbitalia.org\/producto\/mug-de-ceramica-flamenco-beige\/"},"modified":"2025-07-25T20:44:10","modified_gmt":"2025-07-25T18:44:10","slug":"caneca-de-ceramica-flamingo-bege","status":"publish","type":"product","link":"https:\/\/olemosaic.orbitalia.org\/pt-pt\/produto\/caneca-de-ceramica-flamingo-bege\/","title":{"rendered":"Caneca de cer\u00e2mica. Flamingo. Bege."},"content":{"rendered":"<p>Esta rom\u00e2ntica caneca de cer\u00e2mica, decorada com um vibrante design de flamingos, \u00e9 uma lembran\u00e7a ideal da Andaluzia que captura a ess\u00eancia e a beleza da rica natureza do sul de Espanha. O seu interior bege cria um contraste elegante com o exterior pintado \u00e0 m\u00e3o, onde flamingos estilizados, num encantador estilo mosaico, se entrela\u00e7am num ambiente sereno. O cen\u00e1rio natural que rodeia estas majestosas aves inclui um refrescante fundo de \u00e1gua e vegeta\u00e7\u00e3o, evocando a tranquilidade das zonas h\u00famidas andaluzas.<\/p>\n<p>Cada detalhe da caneca real\u00e7a a destreza artesanal que caracteriza as lembran\u00e7as desta regi\u00e3o, tornando-a uma excelente op\u00e7\u00e3o para desfrutar das suas bebidas favoritas enquanto revive a cultura andaluza. Complementando a sua beleza, esta caneca inclui uma colher de cer\u00e2mica num cativante tom vermelho, integrada de forma harmoniosa com o design da caneca, que sem d\u00favida atrair\u00e1 a aten\u00e7\u00e3o dos turistas que procuram recorda\u00e7\u00f5es aut\u00eanticas.<\/p>\n<p>Na Ol\u00e9 Mosaic, somos distribuidores por grosso de produtos artesanais, e esta caneca de flamingo \u00e9 uma pe\u00e7a que se destaca pela sua originalidade e qualidade, ideal para lojas de presentes tur\u00edsticos que desejem oferecer recorda\u00e7\u00f5es representativas e elegantes da Andaluzia.<\/p>\n","protected":false},"excerpt":{"rendered":"<p>Caneca de cer\u00e2mica decorada com um vibrante design de flamingos, inspirada na riqueza natural da Andaluzia. Esta caneca tem o interior bege e o exterior com design artesanal, pintado \u00e0 m\u00e3o, com flamingos em estilo mosaico, sobre um fundo natural com \u00e1gua e vegeta\u00e7\u00e3o. Inclui uma colher de cer\u00e2mica vermelha que complementa o encanto do design. Ideal para desfrutar das suas bebidas favoritas, evocando a ess\u00eancia do sul de Espanha.<\/p>\n","protected":false},"featured_media":7356,"template":"","meta":{"_acf_changed":false},"product_brand":[],"product_cat":[726],"product_tag":[516,515],"class_list":{"0":"post-34543","1":"product","2":"type-product","3":"status-publish","4":"has-post-thumbnail","6":"product_cat-mugs","7":"product_tag-animais","8":"product_tag-ceramica","9":"pa_motivo-flamingos","11":"first","12":"instock","13":"shipping-taxable","14":"product-type-simple"},"acf":[],"_links":{"self":[{"href":"https:\/\/olemosaic.orbitalia.org\/pt-pt\/wp-json\/wp\/v2\/product\/34543","targetHints":{"allow":["GET"]}}],"collection":[{"href":"https:\/\/olemosaic.orbitalia.org\/pt-pt\/wp-json\/wp\/v2\/product"}],"about":[{"href":"https:\/\/olemosaic.orbitalia.org\/pt-pt\/wp-json\/wp\/v2\/types\/product"}],"wp:featuredmedia":[{"embeddable":true,"href":"https:\/\/olemosaic.orbitalia.org\/pt-pt\/wp-json\/wp\/v2\/media\/7356"}],"wp:attachment":[{"href":"https:\/\/olemosaic.orbitalia.org\/pt-pt\/wp-json\/wp\/v2\/media?parent=34543"}],"wp:term":[{"taxonomy":"product_brand","embeddable":true,"href":"https:\/\/olemosaic.orbitalia.org\/pt-pt\/wp-json\/wp\/v2\/product_brand?post=34543"},{"taxonomy":"product_cat","embeddable":true,"href":"https:\/\/olemosaic.orbitalia.org\/pt-pt\/wp-json\/wp\/v2\/product_cat?post=34543"},{"taxonomy":"product_tag","embeddable":true,"href":"https:\/\/olemosaic.orbitalia.org\/pt-pt\/wp-json\/wp\/v2\/product_tag?post=34543"}],"curies":[{"name":"wp","href":"https:\/\/api.w.org\/{rel}","templated":true}]}}