{"id":34542,"date":"2025-02-20T23:34:21","date_gmt":"2025-02-20T22:34:21","guid":{"rendered":"https:\/\/olemosaic.orbitalia.org\/producto\/libreta-de-80-hojas-salamandra-barcelona-3\/"},"modified":"2025-07-25T18:37:18","modified_gmt":"2025-07-25T16:37:18","slug":"caderno-de-80-folhas-salamandra-barcelona-3","status":"publish","type":"product","link":"https:\/\/olemosaic.orbitalia.org\/pt-pt\/produto\/caderno-de-80-folhas-salamandra-barcelona-3\/","title":{"rendered":"Caderno de 80 folhas. Salamandra. Mosaico. Barcelona."},"content":{"rendered":"<p>Este caderno decorado, com 80 folhas, captura a ess\u00eancia vibrante de Barcelona gra\u00e7as \u00e0 sua chamativa ilustra\u00e7\u00e3o de uma salamandra. O design destaca-se por uma colorida salamandra adornada com padr\u00f5es geom\u00e9tricos, inspirados nos ic\u00f3nicos mosaicos de Gaud\u00ed que embelezam a cidade. Rodeada de flores em tons vermelhos e amarelos, o caderno apresenta um fundo claro que real\u00e7a as cores vivas e a alegria da arte modernista que caracteriza Barcelona.<\/p>\n<p>Com um pr\u00e1tico fecho el\u00e1stico vermelho, este caderno \u00e9 ideal para levar na mala e perfeito para anotar ideias, recorda\u00e7\u00f5es ou at\u00e9 esbo\u00e7os. O seu tamanho compacto torna-o uma op\u00e7\u00e3o vers\u00e1til para turistas e locais, que poder\u00e3o utiliz\u00e1-lo para documentar a sua experi\u00eancia nesta cidade m\u00e1gica. Esta lembran\u00e7a n\u00e3o \u00e9 apenas um acess\u00f3rio funcional, mas uma aut\u00eantica recorda\u00e7\u00e3o de Barcelona, onde a criatividade e a cultura se entrela\u00e7am.<\/p>\n<p>A Ol\u00e9 Mosaic especializa-se na distribui\u00e7\u00e3o de lembran\u00e7as por grosso, oferecendo produtos de qualidade que celebram o patrim\u00f3nio espanhol. Este caderno \u00e9 uma excelente op\u00e7\u00e3o para lojas de presentes tur\u00edsticos que procuram oferecer aos seus clientes uma recorda\u00e7\u00e3o \u00fanica e representativa da rica cultura de Barcelona, tornando-o um imprescind\u00edvel para quem visita a cidade.<\/p>\n","protected":false},"excerpt":{"rendered":"<p>Caderno de 80 folhas decorado com uma chamativa ilustra\u00e7\u00e3o de uma salamandra, que representa a ess\u00eancia de Barcelona. O design mostra uma colorida salamandra com padr\u00f5es geom\u00e9tricos inspirados no famoso mosaico de Gaud\u00ed, rodeada de flores vibrantes em tons vermelhos e amarelos sobre um fundo claro. Conta com um pr\u00e1tico fecho el\u00e1stico vermelho, ideal para levar em qualquer mala e perfeito para anotar as suas ideias e recorda\u00e7\u00f5es.<\/p>\n","protected":false},"featured_media":11646,"template":"","meta":{"_acf_changed":false},"product_brand":[],"product_cat":[808],"product_tag":[516],"class_list":{"0":"post-34542","1":"product","2":"type-product","3":"status-publish","4":"has-post-thumbnail","6":"product_cat-cadernos","7":"product_tag-animais","8":"pa_ciudad-barcelona","9":"pa_motivo-salamandras","10":"pa_pais-espana","12":"first","13":"instock","14":"shipping-taxable","15":"product-type-simple"},"acf":[],"_links":{"self":[{"href":"https:\/\/olemosaic.orbitalia.org\/pt-pt\/wp-json\/wp\/v2\/product\/34542","targetHints":{"allow":["GET"]}}],"collection":[{"href":"https:\/\/olemosaic.orbitalia.org\/pt-pt\/wp-json\/wp\/v2\/product"}],"about":[{"href":"https:\/\/olemosaic.orbitalia.org\/pt-pt\/wp-json\/wp\/v2\/types\/product"}],"wp:featuredmedia":[{"embeddable":true,"href":"https:\/\/olemosaic.orbitalia.org\/pt-pt\/wp-json\/wp\/v2\/media\/11646"}],"wp:attachment":[{"href":"https:\/\/olemosaic.orbitalia.org\/pt-pt\/wp-json\/wp\/v2\/media?parent=34542"}],"wp:term":[{"taxonomy":"product_brand","embeddable":true,"href":"https:\/\/olemosaic.orbitalia.org\/pt-pt\/wp-json\/wp\/v2\/product_brand?post=34542"},{"taxonomy":"product_cat","embeddable":true,"href":"https:\/\/olemosaic.orbitalia.org\/pt-pt\/wp-json\/wp\/v2\/product_cat?post=34542"},{"taxonomy":"product_tag","embeddable":true,"href":"https:\/\/olemosaic.orbitalia.org\/pt-pt\/wp-json\/wp\/v2\/product_tag?post=34542"}],"curies":[{"name":"wp","href":"https:\/\/api.w.org\/{rel}","templated":true}]}}