{"id":34541,"date":"2025-02-20T22:34:21","date_gmt":"2025-02-20T22:34:21","guid":{"rendered":"https:\/\/olemosaic.orbitalia.org\/producto\/libreta-de-80-hojas-salamandra-mallorca\/"},"modified":"2025-07-25T18:55:47","modified_gmt":"2025-07-25T16:55:47","slug":"caderno-de-80-folhas-salamandra-maiorca","status":"publish","type":"product","link":"https:\/\/olemosaic.orbitalia.org\/pt-pt\/produto\/caderno-de-80-folhas-salamandra-maiorca\/","title":{"rendered":"Caderno de 80 folhas. Salamandra. Maiorca."},"content":{"rendered":"<p>Este produto \u00e9 um caderno decorado com uma vibrante ilustra\u00e7\u00e3o de uma salamandra, um emblema da exuberante natureza de Maiorca. Com um total de 80 folhas, \u00e9 ideal para registar pensamentos, desenhos ou notas de viagem. A capa destaca uma salamandra de cores brilhantes, adornada com um design geom\u00e9trico que evoca a tradicional t\u00e9cnica do mosaico, caracter\u00edstica da cultura de Maiorca. Este fabuloso design n\u00e3o s\u00f3 apresenta um fundo que mistura tons vibrantes com formas geom\u00e9tricas, como tamb\u00e9m incorpora flores coloridas que acrescentam um toque alegre e festivo \u00e0 pe\u00e7a.<\/p>\n<p>A encaderna\u00e7\u00e3o do caderno \u00e9 assegurada por uma banda el\u00e1stica vermelha, que n\u00e3o s\u00f3 oferece um toque de eleg\u00e2ncia, como tamb\u00e9m protege as suas anota\u00e7\u00f5es, mantendo-as seguras e organizadas. Este objeto \u00e9 mais do que um simples acess\u00f3rio de papelaria; \u00e9 uma recorda\u00e7\u00e3o aut\u00eantica e funcional que reflete a beleza e a arte de Maiorca. A sua liga\u00e7\u00e3o com a fauna local e o seu design art\u00edstico fazem deste caderno uma lembran\u00e7a perfeita para quem deseja levar um peda\u00e7o da cultura de Maiorca. Na Ol\u00e9 Mosaic, oferecemos este caderno como uma op\u00e7\u00e3o ideal para lojas de presentes tur\u00edsticos, destacando a autenticidade das lembran\u00e7as de Maiorca e a qualidade em cada produto que distribu\u00edmos por grosso.<\/p>\n","protected":false},"excerpt":{"rendered":"<p>Caderno de 80 folhas decorado com uma vibrante ilustra\u00e7\u00e3o de uma salamandra, emblema da natureza de Maiorca. O atraente design apresenta uma mistura de cores brilhantes e formas geom\u00e9tricas sobre um fundo de mosaico, complementado por flores coloridas que lhe d\u00e3o um toque alegre. A sua encaderna\u00e7\u00e3o com banda el\u00e1stica vermelha garante que as suas notas estejam sempre protegidas. Ideal para quem procura uma recorda\u00e7\u00e3o aut\u00eantica e funcional da beleza de Maiorca.<\/p>\n","protected":false},"featured_media":12013,"template":"","meta":{"_acf_changed":false},"product_brand":[],"product_cat":[808],"product_tag":[516],"class_list":{"0":"post-34541","1":"product","2":"type-product","3":"status-publish","4":"has-post-thumbnail","6":"product_cat-cadernos","7":"product_tag-animais","8":"pa_ciudad-mallorca","9":"pa_motivo-salamandras","10":"pa_pais-espana","12":"first","13":"instock","14":"shipping-taxable","15":"product-type-simple"},"acf":[],"_links":{"self":[{"href":"https:\/\/olemosaic.orbitalia.org\/pt-pt\/wp-json\/wp\/v2\/product\/34541","targetHints":{"allow":["GET"]}}],"collection":[{"href":"https:\/\/olemosaic.orbitalia.org\/pt-pt\/wp-json\/wp\/v2\/product"}],"about":[{"href":"https:\/\/olemosaic.orbitalia.org\/pt-pt\/wp-json\/wp\/v2\/types\/product"}],"wp:featuredmedia":[{"embeddable":true,"href":"https:\/\/olemosaic.orbitalia.org\/pt-pt\/wp-json\/wp\/v2\/media\/12013"}],"wp:attachment":[{"href":"https:\/\/olemosaic.orbitalia.org\/pt-pt\/wp-json\/wp\/v2\/media?parent=34541"}],"wp:term":[{"taxonomy":"product_brand","embeddable":true,"href":"https:\/\/olemosaic.orbitalia.org\/pt-pt\/wp-json\/wp\/v2\/product_brand?post=34541"},{"taxonomy":"product_cat","embeddable":true,"href":"https:\/\/olemosaic.orbitalia.org\/pt-pt\/wp-json\/wp\/v2\/product_cat?post=34541"},{"taxonomy":"product_tag","embeddable":true,"href":"https:\/\/olemosaic.orbitalia.org\/pt-pt\/wp-json\/wp\/v2\/product_tag?post=34541"}],"curies":[{"name":"wp","href":"https:\/\/api.w.org\/{rel}","templated":true}]}}