{"id":34492,"date":"2025-02-20T23:34:18","date_gmt":"2025-02-20T22:34:18","guid":{"rendered":"https:\/\/olemosaic.orbitalia.org\/producto\/funda-de-telefono-para-iphone-12-promax-tpu-motivos-marinos-azul-2\/"},"modified":"2025-07-25T20:01:05","modified_gmt":"2025-07-25T18:01:05","slug":"capa-para-telemovel-iphone-12-pro-max-tpu-motivos-marinhos-azul-2","status":"publish","type":"product","link":"https:\/\/olemosaic.orbitalia.org\/pt-pt\/produto\/capa-para-telemovel-iphone-12-pro-max-tpu-motivos-marinhos-azul-2\/","title":{"rendered":"Capa para telem\u00f3vel iPhone 12 Pro Max (TPU). Motivos marinhos. Tartarugas, golfinhos e cavalos-marinhos. Azul"},"content":{"rendered":"<p>Esta capa para iPhone 12 Pro Max, fabricada em TPU, \u00e9 perfeita para os amantes do oceano e da sua rica fauna. O seu design vibrante mostra uma representa\u00e7\u00e3o colorida de criaturas aqu\u00e1ticas que dan\u00e7am entre m\u00faltiplos tons de azul, com detalhes dourados que evocam a luz do sol a filtrar-se nas profundezas marinhas. Tartarugas, golfinhos e cavalos-marinhos, gravados com um estilo art\u00edstico que real\u00e7a a beleza e a gra\u00e7a do mundo submarino, povoam este design.<\/p>\n<p>O fundo azul profundo, que simula as \u00e1guas do oceano, \u00e9 complementado por um suave degradado que evoca a profundidade marinha, fazendo com que cada elemento se destaque com vivacidade. Este produto n\u00e3o s\u00f3 protege o seu dispositivo de choques e quedas, como tamb\u00e9m \u00e9 um acess\u00f3rio distintivo que reflete um estilo de vida ligado \u00e0 natureza. A originalidade deste design torna-o uma excelente recorda\u00e7\u00e3o para quem procura levar uma lembran\u00e7a especial da sua visita a zonas costeiras, onde a vida marinha \u00e9 s\u00edmbolo de beleza e harmonia.<\/p>\n<p>Na Ol\u00e9 Mosaic, oferecemos esta capa como uma recorda\u00e7\u00e3o que representa a liga\u00e7\u00e3o entre a arte e a natureza, tornando-a uma excelente op\u00e7\u00e3o para lojas de presentes tur\u00edsticos. Ao adquirir produtos como esta capa na nossa plataforma, os comerciantes podem oferecer aos seus clientes recorda\u00e7\u00f5es \u00fanicas que capturam a ess\u00eancia da cultura e do ambiente marinho.<\/p>\n","protected":false},"excerpt":{"rendered":"<p>Capa para iPhone 12 Pro Max de TPU, decorada com motivos marinhos vibrantes em tons azuis e dourados. O design apresenta uma representa\u00e7\u00e3o colorida de criaturas aqu\u00e1ticas, como tartarugas, golfinhos e cavalos-marinhos, sobre um fundo que evoca a profundidade do oceano. Esta capa, al\u00e9m de proteger o seu dispositivo, adiciona um toque art\u00edstico e \u00fanico inspirado na beleza do mar. Ideal para os amantes da natureza e do mundo marinho.<\/p>\n","protected":false},"featured_media":12265,"template":"","meta":{"_acf_changed":false},"product_brand":[],"product_cat":[685],"product_tag":[516],"class_list":{"0":"post-34492","1":"product","2":"type-product","3":"status-publish","4":"has-post-thumbnail","6":"product_cat-capas-para-telemoveis","7":"product_tag-animais","8":"pa_motivo-animais-marinhos","10":"first","11":"instock","12":"shipping-taxable","13":"product-type-simple"},"acf":[],"_links":{"self":[{"href":"https:\/\/olemosaic.orbitalia.org\/pt-pt\/wp-json\/wp\/v2\/product\/34492","targetHints":{"allow":["GET"]}}],"collection":[{"href":"https:\/\/olemosaic.orbitalia.org\/pt-pt\/wp-json\/wp\/v2\/product"}],"about":[{"href":"https:\/\/olemosaic.orbitalia.org\/pt-pt\/wp-json\/wp\/v2\/types\/product"}],"wp:featuredmedia":[{"embeddable":true,"href":"https:\/\/olemosaic.orbitalia.org\/pt-pt\/wp-json\/wp\/v2\/media\/12265"}],"wp:attachment":[{"href":"https:\/\/olemosaic.orbitalia.org\/pt-pt\/wp-json\/wp\/v2\/media?parent=34492"}],"wp:term":[{"taxonomy":"product_brand","embeddable":true,"href":"https:\/\/olemosaic.orbitalia.org\/pt-pt\/wp-json\/wp\/v2\/product_brand?post=34492"},{"taxonomy":"product_cat","embeddable":true,"href":"https:\/\/olemosaic.orbitalia.org\/pt-pt\/wp-json\/wp\/v2\/product_cat?post=34492"},{"taxonomy":"product_tag","embeddable":true,"href":"https:\/\/olemosaic.orbitalia.org\/pt-pt\/wp-json\/wp\/v2\/product_tag?post=34492"}],"curies":[{"name":"wp","href":"https:\/\/api.w.org\/{rel}","templated":true}]}}