{"id":34489,"date":"2025-02-20T23:34:18","date_gmt":"2025-02-20T22:34:18","guid":{"rendered":"https:\/\/olemosaic.orbitalia.org\/producto\/posavasos-de-ceramica-bailaora-2\/"},"modified":"2025-07-25T20:11:29","modified_gmt":"2025-07-25T18:11:29","slug":"base-para-copos-de-ceramica-bailarina-2","status":"publish","type":"product","link":"https:\/\/olemosaic.orbitalia.org\/pt-pt\/produto\/base-para-copos-de-ceramica-bailarina-2\/","title":{"rendered":"Base para copos de cer\u00e2mica. Bailarina. Cravos vermelhos."},"content":{"rendered":"<p>Esta base para copos de cer\u00e2mica, ilustrada com uma vibrante bailarina, \u00e9 uma pe\u00e7a que irradia a paix\u00e3o e a arte do flamenco espanhol. No centro, a bailarina \u00e9 mostrada num movimento din\u00e2mico, vestida com um deslumbrante traje de folhos multicoloridos que centra a aten\u00e7\u00e3o em qualquer mesa. Rodeada por um exuberante design floral em tons vermelhos, os detalhes em azul complementam o seu vestu\u00e1rio, transformando esta base para copos numa obra de arte funcional. A base branca real\u00e7a os motivos decorativos, permitindo que cada elemento se destaque com clareza. Cada pe\u00e7a parece ser pintada \u00e0 m\u00e3o, o que garante que n\u00e3o seja apenas uma recorda\u00e7\u00e3o, mas uma aut\u00eantica representa\u00e7\u00e3o do patrim\u00f3nio cultural espanhol.<\/p>\n<p>Esta base para copos n\u00e3o serve apenas como um acess\u00f3rio pr\u00e1tico para proteger superf\u00edcies, mas \u00e9 tamb\u00e9m um lembrete da rica tradi\u00e7\u00e3o flamenca, ideal para quem procura levar um peda\u00e7o de Espanha para casa. Na Ol\u00e9 Mosaic, o nosso compromisso \u00e9 oferecer recorda\u00e7\u00f5es de qualidade que reflitam a autenticidade cultural. Esta base para copos de cer\u00e2mica n\u00e3o \u00e9 apenas perfeita para turistas que procuram lembran\u00e7as representativas da sua experi\u00eancia, mas tamb\u00e9m \u00e9 uma excelente op\u00e7\u00e3o para lojas de presentes tur\u00edsticos que desejam oferecer produtos distintivos e cheios de hist\u00f3ria. Como grossistas de cer\u00e2mica, garantimos a qualidade e o design exclusivo em cada um dos nossos produtos.<\/p>\n","protected":false},"excerpt":{"rendered":"<p>Base para copos de cer\u00e2mica ilustrada com uma vibrante bailarina no centro, rodeada por um colorido design floral em tons vermelhos e detalhes azuis. Esta elegante base para copos capta a ess\u00eancia do flamenco com a sua representa\u00e7\u00e3o da bailarina em movimento, vestida com um traje de folhos multicoloridos. A base branca real\u00e7a os motivos decorativos e a t\u00e9cnica do design artesanal, pintado \u00e0 m\u00e3o, tornando-o um artigo distintivo e cultural, ideal para qualquer mesa.<\/p>\n","protected":false},"featured_media":8671,"template":"","meta":{"_acf_changed":false},"product_brand":[],"product_cat":[818],"product_tag":[515],"class_list":{"0":"post-34489","1":"product","2":"type-product","3":"status-publish","4":"has-post-thumbnail","6":"product_cat-bases-de-copos","7":"product_tag-ceramica","8":"pa_motivo-dancarinos","10":"first","11":"instock","12":"shipping-taxable","13":"product-type-simple"},"acf":[],"_links":{"self":[{"href":"https:\/\/olemosaic.orbitalia.org\/pt-pt\/wp-json\/wp\/v2\/product\/34489","targetHints":{"allow":["GET"]}}],"collection":[{"href":"https:\/\/olemosaic.orbitalia.org\/pt-pt\/wp-json\/wp\/v2\/product"}],"about":[{"href":"https:\/\/olemosaic.orbitalia.org\/pt-pt\/wp-json\/wp\/v2\/types\/product"}],"wp:featuredmedia":[{"embeddable":true,"href":"https:\/\/olemosaic.orbitalia.org\/pt-pt\/wp-json\/wp\/v2\/media\/8671"}],"wp:attachment":[{"href":"https:\/\/olemosaic.orbitalia.org\/pt-pt\/wp-json\/wp\/v2\/media?parent=34489"}],"wp:term":[{"taxonomy":"product_brand","embeddable":true,"href":"https:\/\/olemosaic.orbitalia.org\/pt-pt\/wp-json\/wp\/v2\/product_brand?post=34489"},{"taxonomy":"product_cat","embeddable":true,"href":"https:\/\/olemosaic.orbitalia.org\/pt-pt\/wp-json\/wp\/v2\/product_cat?post=34489"},{"taxonomy":"product_tag","embeddable":true,"href":"https:\/\/olemosaic.orbitalia.org\/pt-pt\/wp-json\/wp\/v2\/product_tag?post=34489"}],"curies":[{"name":"wp","href":"https:\/\/api.w.org\/{rel}","templated":true}]}}