{"id":34474,"date":"2025-02-20T23:34:17","date_gmt":"2025-02-20T22:34:17","guid":{"rendered":"https:\/\/olemosaic.orbitalia.org\/producto\/posavasos-de-ceramica-salamandra-2\/"},"modified":"2025-07-25T19:50:43","modified_gmt":"2025-07-25T17:50:43","slug":"base-para-copos-de-ceramica-salamandra-2","status":"publish","type":"product","link":"https:\/\/olemosaic.orbitalia.org\/pt-pt\/produto\/base-para-copos-de-ceramica-salamandra-2\/","title":{"rendered":"Base para copos de cer\u00e2mica. Salamandra."},"content":{"rendered":"<p>Esta base para copos de cer\u00e2mica, decorada com salamandras coloridas, \u00e9 uma aut\u00eantica homenagem \u00e0 arte tradicional da regi\u00e3o, ideal para os amantes do artesanato espanhol. Cada base apresenta um design pintado \u00e0 m\u00e3o que se destaca pela sua paleta de cores vibrante, onde salamandras em tons intensos de vermelho, verde e azul se entrela\u00e7am com eleg\u00e2ncia sobre um fundo de mosaico cinzento. Este mosaico n\u00e3o s\u00f3 embeleza a pe\u00e7a, como tamb\u00e9m est\u00e1 adornado com flores vermelhas delicadas, conferindo um toque extra de frescura e sofistica\u00e7\u00e3o ao design.<\/p>\n<p>Esta base para copos, al\u00e9m de ser funcional, protegendo as superf\u00edcies de manchas e marcas, torna-se um elemento decorativo atraente que real\u00e7a qualquer mesa. Cada pe\u00e7a \u00e9 \u00fanica, reflexo da dedica\u00e7\u00e3o e do talento dos artes\u00e3os locais, e simboliza a rica heran\u00e7a cultural da regi\u00e3o. Este souvenir \u00e9 a recorda\u00e7\u00e3o perfeita das tradi\u00e7\u00f5es e da diversidade art\u00edstica de Espanha, sendo por isso uma excelente op\u00e7\u00e3o para turistas que procuram pe\u00e7as aut\u00eanticas que capturem a ess\u00eancia do local.<\/p>\n<p>Na Ol\u00e9 Mosaic, especializamo-nos na distribui\u00e7\u00e3o de souvenirs por grosso, oferecendo bases para copos de cer\u00e2mica como esta, que combina arte, funcionalidade e cultura. Esta base para copos \u00e9 a escolha ideal para lojas de presentes tur\u00edsticos que desejem oferecer artigos exclusivos e cheios de significado.<\/p>\n","protected":false},"excerpt":{"rendered":"<p>Base para copos de cer\u00e2mica decorada com salamandras alegres inspiradas na arte tradicional da regi\u00e3o. Esta atraente base apresenta um design cer\u00e2mico artesanal, pintado \u00e0 m\u00e3o, onde salamandras em tons vibrantes de vermelho, verde e azul se entrela\u00e7am sobre um fundo de mosaico cinzento, salpicado de flores vermelhas. Ideal para proteger as superf\u00edcies e, ao mesmo tempo, adicionar um toque art\u00edstico e cultural a qualquer mesa. Um souvenir perfeito para os amantes do artesanato espanhol.<\/p>\n","protected":false},"featured_media":8669,"template":"","meta":{"_acf_changed":false},"product_brand":[],"product_cat":[818],"product_tag":[516,515],"class_list":{"0":"post-34474","1":"product","2":"type-product","3":"status-publish","4":"has-post-thumbnail","6":"product_cat-bases-de-copos","7":"product_tag-animais","8":"product_tag-ceramica","9":"pa_motivo-salamandras","11":"first","12":"instock","13":"shipping-taxable","14":"product-type-simple"},"acf":[],"_links":{"self":[{"href":"https:\/\/olemosaic.orbitalia.org\/pt-pt\/wp-json\/wp\/v2\/product\/34474","targetHints":{"allow":["GET"]}}],"collection":[{"href":"https:\/\/olemosaic.orbitalia.org\/pt-pt\/wp-json\/wp\/v2\/product"}],"about":[{"href":"https:\/\/olemosaic.orbitalia.org\/pt-pt\/wp-json\/wp\/v2\/types\/product"}],"wp:featuredmedia":[{"embeddable":true,"href":"https:\/\/olemosaic.orbitalia.org\/pt-pt\/wp-json\/wp\/v2\/media\/8669"}],"wp:attachment":[{"href":"https:\/\/olemosaic.orbitalia.org\/pt-pt\/wp-json\/wp\/v2\/media?parent=34474"}],"wp:term":[{"taxonomy":"product_brand","embeddable":true,"href":"https:\/\/olemosaic.orbitalia.org\/pt-pt\/wp-json\/wp\/v2\/product_brand?post=34474"},{"taxonomy":"product_cat","embeddable":true,"href":"https:\/\/olemosaic.orbitalia.org\/pt-pt\/wp-json\/wp\/v2\/product_cat?post=34474"},{"taxonomy":"product_tag","embeddable":true,"href":"https:\/\/olemosaic.orbitalia.org\/pt-pt\/wp-json\/wp\/v2\/product_tag?post=34474"}],"curies":[{"name":"wp","href":"https:\/\/api.w.org\/{rel}","templated":true}]}}