{"id":34471,"date":"2025-02-20T22:34:17","date_gmt":"2025-02-20T22:34:17","guid":{"rendered":"https:\/\/olemosaic.orbitalia.org\/producto\/posavasos-de-ceramica-panoramica-sevilla\/"},"modified":"2025-07-25T18:54:57","modified_gmt":"2025-07-25T16:54:57","slug":"base-de-copos-de-ceramica-panoramica-sevilha","status":"publish","type":"product","link":"https:\/\/olemosaic.orbitalia.org\/pt-pt\/produto\/base-de-copos-de-ceramica-panoramica-sevilha\/","title":{"rendered":"Base de copos de cer\u00e2mica. Panor\u00e2mica. Sevilha."},"content":{"rendered":"<p>Esta base de copos de cer\u00e2mica apresenta uma vibrante panor\u00e2mica de Sevilha, uma recorda\u00e7\u00e3o emblem\u00e1tica da rica cultura andaluza. Com um design cativante, este artigo mostra ilustra\u00e7\u00f5es detalhadas da famosa Giralda e outros monumentos ic\u00f3nicos da cidade, adornados com um belo mosaico de cores que evocam o esp\u00edrito e a alegria sevilhana. A palavra \u201cSEVILLA\u201d est\u00e1 elegantemente estampada na parte superior, rodeada de motivos ornamentais verdes que adicionam um toque art\u00edstico e distintivo \u00e0 pe\u00e7a. Esta base de copos, al\u00e9m de funcional, \u00e9 uma atraente pe\u00e7a decorativa que real\u00e7a qualquer mesa, tornando-se um excelente presente para os amantes desta hist\u00f3rica cidade.<\/p>\n<p>Feita de cer\u00e2mica de alta qualidade, esta base de copos \u00e9 duradoura e leve, o que facilita o seu uso di\u00e1rio. O seu design colorido e detalhado captura a ess\u00eancia do ambiente sevilhano, tornando-a uma recorda\u00e7\u00e3o perfeita para turistas e visitantes. Na Ol\u00e9 Mosaic, orgulhamo-nos de ser distribuidores de souvenirs por grosso, oferecendo artigos aut\u00eanticos que representam a cultura espanhola. Esta base de copos de Sevilha \u00e9 ideal para lojas de presentes tur\u00edsticos que procuram oferecer produtos aut\u00eanticos e de qualidade que celebrem a rica heran\u00e7a de Espanha.<\/p>\n","protected":false},"excerpt":{"rendered":"<p>Base de copos de cer\u00e2mica com uma vibrante panor\u00e2mica de Sevilha. Este elegante artigo apresenta ilustra\u00e7\u00f5es detalhadas da famosa Giralda e outros monumentos emblem\u00e1ticos, adornados com um mosaico de cores que evoca a rica cultura andaluza. A palavra \u201cSEVILLA\u201d est\u00e1 estampada na parte superior, complementada por motivos ornamentais verdes, o que lhe confere um toque art\u00edstico e distintivo. Ideal para adicionar estilo a qualquer mesa ou como presente para os amantes desta hist\u00f3rica cidade.<\/p>\n","protected":false},"featured_media":9489,"template":"","meta":{"_acf_changed":false},"product_brand":[],"product_cat":[818],"product_tag":[515],"class_list":{"0":"post-34471","1":"product","2":"type-product","3":"status-publish","4":"has-post-thumbnail","6":"product_cat-bases-de-copos","7":"product_tag-ceramica","8":"pa_ciudad-sevilla","9":"pa_motivo-panoramas","10":"pa_pais-espana","12":"first","13":"instock","14":"shipping-taxable","15":"product-type-simple"},"acf":[],"_links":{"self":[{"href":"https:\/\/olemosaic.orbitalia.org\/pt-pt\/wp-json\/wp\/v2\/product\/34471","targetHints":{"allow":["GET"]}}],"collection":[{"href":"https:\/\/olemosaic.orbitalia.org\/pt-pt\/wp-json\/wp\/v2\/product"}],"about":[{"href":"https:\/\/olemosaic.orbitalia.org\/pt-pt\/wp-json\/wp\/v2\/types\/product"}],"wp:featuredmedia":[{"embeddable":true,"href":"https:\/\/olemosaic.orbitalia.org\/pt-pt\/wp-json\/wp\/v2\/media\/9489"}],"wp:attachment":[{"href":"https:\/\/olemosaic.orbitalia.org\/pt-pt\/wp-json\/wp\/v2\/media?parent=34471"}],"wp:term":[{"taxonomy":"product_brand","embeddable":true,"href":"https:\/\/olemosaic.orbitalia.org\/pt-pt\/wp-json\/wp\/v2\/product_brand?post=34471"},{"taxonomy":"product_cat","embeddable":true,"href":"https:\/\/olemosaic.orbitalia.org\/pt-pt\/wp-json\/wp\/v2\/product_cat?post=34471"},{"taxonomy":"product_tag","embeddable":true,"href":"https:\/\/olemosaic.orbitalia.org\/pt-pt\/wp-json\/wp\/v2\/product_tag?post=34471"}],"curies":[{"name":"wp","href":"https:\/\/api.w.org\/{rel}","templated":true}]}}