{"id":34470,"date":"2025-02-20T23:34:17","date_gmt":"2025-02-20T22:34:17","guid":{"rendered":"https:\/\/olemosaic.orbitalia.org\/producto\/posavasos-de-ceramica-salamandra-mallorca-2\/"},"modified":"2025-07-25T19:42:54","modified_gmt":"2025-07-25T17:42:54","slug":"base-de-copos-de-ceramica-salamandra-maiorca-2","status":"publish","type":"product","link":"https:\/\/olemosaic.orbitalia.org\/pt-pt\/produto\/base-de-copos-de-ceramica-salamandra-maiorca-2\/","title":{"rendered":"Base de copos de cer\u00e2mica. Salamandra. Maiorca."},"content":{"rendered":"<p>Esta base de copos de cer\u00e2mica pintada \u00e0 m\u00e3o \u00e9 uma recorda\u00e7\u00e3o exclusiva de Maiorca que encapsula a riqueza do folclore local e a beleza do seu ambiente natural. Apresenta uma vibrante salamandra num estilo de mosaico, adornada com uma gama de cores vivas que lhe conferem um car\u00e1ter \u00fanico e festivo. A salamandra, simb\u00f3lica da cultura mediterr\u00e2nica, parece ganhar vida no centro desta base de copos, rodeada de delicadas flores multicoloridas que conferem frescura e alegria ao design. O fundo claro real\u00e7a cada detalhe, enquanto a moldura vermelha emoldura a composi\u00e7\u00e3o com um toque de calor, convertendo o objeto numa pe\u00e7a decorativa apelativa e funcional.<\/p>\n<p>Com o texto &#8220;MALLORCA&#8221; elegantemente inscrito, esta base de copos n\u00e3o s\u00f3 protege as suas superf\u00edcies, como tamb\u00e9m atua como um lembrete constante da beleza da ilha. Este artigo \u00e9 uma excelente op\u00e7\u00e3o para turistas que procuram recorda\u00e7\u00f5es de cer\u00e2mica aut\u00eanticas e representativas de Maiorca. Na Ol\u00e9 Mosaic, o nosso compromisso \u00e9 oferecer pe\u00e7as de alta qualidade, ideais para lojas de presentes tur\u00edsticos que procuram artigos distintivos. Como grossistas de recorda\u00e7\u00f5es, garantimos a autenticidade e a relev\u00e2ncia cultural de cada produto, fazendo desta base de copos de cer\u00e2mica uma escolha perfeita para quem deseja levar um pedacinho de Maiorca para casa.<\/p>\n","protected":false},"excerpt":{"rendered":"<p>Base de copos de cer\u00e2mica pintada \u00e0 m\u00e3o, inspirada no folclore de Maiorca. Esta colorida base de copos apresenta uma vibrante salamandra num estilo de mosaico, rodeada de flores multicoloridas sobre um fundo claro. A moldura vermelha real\u00e7a a beleza do design e o texto &#8220;MALLORCA&#8221; adiciona um toque local. Ideal para decorar e proteger as suas superf\u00edcies, este artigo combina funcionalidade com uma arte distintiva da regi\u00e3o.<\/p>\n","protected":false},"featured_media":8960,"template":"","meta":{"_acf_changed":false},"product_brand":[],"product_cat":[818],"product_tag":[516,515],"class_list":{"0":"post-34470","1":"product","2":"type-product","3":"status-publish","4":"has-post-thumbnail","6":"product_cat-bases-de-copos","7":"product_tag-animais","8":"product_tag-ceramica","9":"pa_ciudad-mallorca","10":"pa_motivo-salamandras","11":"pa_pais-espana","13":"first","14":"instock","15":"shipping-taxable","16":"product-type-simple"},"acf":[],"_links":{"self":[{"href":"https:\/\/olemosaic.orbitalia.org\/pt-pt\/wp-json\/wp\/v2\/product\/34470","targetHints":{"allow":["GET"]}}],"collection":[{"href":"https:\/\/olemosaic.orbitalia.org\/pt-pt\/wp-json\/wp\/v2\/product"}],"about":[{"href":"https:\/\/olemosaic.orbitalia.org\/pt-pt\/wp-json\/wp\/v2\/types\/product"}],"wp:featuredmedia":[{"embeddable":true,"href":"https:\/\/olemosaic.orbitalia.org\/pt-pt\/wp-json\/wp\/v2\/media\/8960"}],"wp:attachment":[{"href":"https:\/\/olemosaic.orbitalia.org\/pt-pt\/wp-json\/wp\/v2\/media?parent=34470"}],"wp:term":[{"taxonomy":"product_brand","embeddable":true,"href":"https:\/\/olemosaic.orbitalia.org\/pt-pt\/wp-json\/wp\/v2\/product_brand?post=34470"},{"taxonomy":"product_cat","embeddable":true,"href":"https:\/\/olemosaic.orbitalia.org\/pt-pt\/wp-json\/wp\/v2\/product_cat?post=34470"},{"taxonomy":"product_tag","embeddable":true,"href":"https:\/\/olemosaic.orbitalia.org\/pt-pt\/wp-json\/wp\/v2\/product_tag?post=34470"}],"curies":[{"name":"wp","href":"https:\/\/api.w.org\/{rel}","templated":true}]}}