{"id":34469,"date":"2025-02-20T23:34:16","date_gmt":"2025-02-20T22:34:16","guid":{"rendered":"https:\/\/olemosaic.orbitalia.org\/producto\/posavasos-de-ceramica-barcelona\/"},"modified":"2025-07-25T20:07:18","modified_gmt":"2025-07-25T18:07:18","slug":"base-de-copos-de-ceramica-barcelona","status":"publish","type":"product","link":"https:\/\/olemosaic.orbitalia.org\/pt-pt\/produto\/base-de-copos-de-ceramica-barcelona\/","title":{"rendered":"Base de copos de cer\u00e2mica. Barcelona."},"content":{"rendered":"<p>Esta base de copos de cer\u00e2mica, inspirada na vibrante Barcelona, \u00e9 uma aut\u00eantica obra de arte que adiciona um toque decorativo a qualquer mesa. O seu design destaca a ic\u00f3nica Sagrada Fam\u00edlia, uma das maravilhas arquitet\u00f3nicas de Antoni Gaud\u00ed, real\u00e7ando os detalhes distintivos do monumento e capturando a majestosidade das suas torres e formas complexas. O acabamento brilhante reflete as cores vivas da cer\u00e2mica, onde predominam os tons vermelhos, verdes e azuis, harmoniosamente dispostos para complementar a diversidade art\u00edstica da cidade.<\/p>\n<p>Cada pe\u00e7a aparenta ser pintada \u00e0 m\u00e3o, garantindo a singularidade de cada base de copos e a sua liga\u00e7\u00e3o com a rica cultura catal\u00e3. A inclus\u00e3o de elementos geom\u00e9tricos e os caracter\u00edsticos mosaicos que adornam as obras de Gaud\u00ed n\u00e3o s\u00f3 a tornam funcional, como tamb\u00e9m a convertem numa excelente recorda\u00e7\u00e3o que celebra a ess\u00eancia de Barcelona. Ideal para os turistas que procuram lembran\u00e7as aut\u00eanticas, esta base de copos \u00e9, al\u00e9m de um objeto pr\u00e1tico, um emblem\u00e1tico lembrete da sua visita \u00e0 cidade.<\/p>\n<p>Na Ol\u00e9 Mosaic, comprometemo-nos a oferecer souvenirs de alta qualidade, e esta base de copos de cer\u00e2mica \u00e9 uma op\u00e7\u00e3o perfeita para lojas de presentes tur\u00edsticos que desejem incorporar produtos representativos e coloridos de Barcelona no seu cat\u00e1logo. Como grossistas de souvenirs, garantimos autenticidade e artesanato em cada artigo que distribu\u00edmos.<\/p>\n","protected":false},"excerpt":{"rendered":"<p>Base de copos de cer\u00e2mica inspirada na vibrante Barcelona. Esta colorida base de copos apresenta um design que destaca a emblem\u00e1tica Sagrada Fam\u00edlia e motivos arquitet\u00f3nicos de Gaud\u00ed, com um acabamento brilhante e detalhes pintados \u00e0 m\u00e3o. As cores vivas, como vermelhos, verdes e azuis, combinam-se de forma harmoniosa, criando uma pe\u00e7a decorativa e funcional que captura a ess\u00eancia art\u00edstica da cidade. Ideal para adicionar um toque de estilo a qualquer mesa.<\/p>\n","protected":false},"featured_media":9518,"template":"","meta":{"_acf_changed":false},"product_brand":[],"product_cat":[818],"product_tag":[515],"class_list":{"0":"post-34469","1":"product","2":"type-product","3":"status-publish","4":"has-post-thumbnail","6":"product_cat-bases-de-copos","7":"product_tag-ceramica","8":"pa_ciudad-barcelona","9":"pa_pais-espana","11":"first","12":"instock","13":"shipping-taxable","14":"product-type-simple"},"acf":[],"_links":{"self":[{"href":"https:\/\/olemosaic.orbitalia.org\/pt-pt\/wp-json\/wp\/v2\/product\/34469","targetHints":{"allow":["GET"]}}],"collection":[{"href":"https:\/\/olemosaic.orbitalia.org\/pt-pt\/wp-json\/wp\/v2\/product"}],"about":[{"href":"https:\/\/olemosaic.orbitalia.org\/pt-pt\/wp-json\/wp\/v2\/types\/product"}],"wp:featuredmedia":[{"embeddable":true,"href":"https:\/\/olemosaic.orbitalia.org\/pt-pt\/wp-json\/wp\/v2\/media\/9518"}],"wp:attachment":[{"href":"https:\/\/olemosaic.orbitalia.org\/pt-pt\/wp-json\/wp\/v2\/media?parent=34469"}],"wp:term":[{"taxonomy":"product_brand","embeddable":true,"href":"https:\/\/olemosaic.orbitalia.org\/pt-pt\/wp-json\/wp\/v2\/product_brand?post=34469"},{"taxonomy":"product_cat","embeddable":true,"href":"https:\/\/olemosaic.orbitalia.org\/pt-pt\/wp-json\/wp\/v2\/product_cat?post=34469"},{"taxonomy":"product_tag","embeddable":true,"href":"https:\/\/olemosaic.orbitalia.org\/pt-pt\/wp-json\/wp\/v2\/product_tag?post=34469"}],"curies":[{"name":"wp","href":"https:\/\/api.w.org\/{rel}","templated":true}]}}