{"id":34448,"date":"2025-02-20T22:34:16","date_gmt":"2025-02-20T22:34:16","guid":{"rendered":"https:\/\/olemosaic.orbitalia.org\/producto\/posavasos-de-ceramica-flamencos-mallorca\/"},"modified":"2025-07-25T18:46:47","modified_gmt":"2025-07-25T16:46:47","slug":"base-copos-ceramica-flamingos-maiorca","status":"publish","type":"product","link":"https:\/\/olemosaic.orbitalia.org\/pt-pt\/produto\/base-copos-ceramica-flamingos-maiorca\/","title":{"rendered":"Base para copos de cer\u00e2mica. Flamingos. Maiorca."},"content":{"rendered":"<p>Esta base para copos de cer\u00e2mica, inspirada na beleza de Maiorca, \u00e9 uma pe\u00e7a vibrante e art\u00edstica que simboliza a ess\u00eancia da ilha. Com um design cativante que apresenta dois flamingos no centro, formando um cora\u00e7\u00e3o emotivo, destaca-se pelo seu fundo azul que evoca as \u00e1guas cristalinas do Mediterr\u00e2neo. Os flamingos, representados em tons rosa intensos, contrastam de forma espetacular com o azul, criando uma obra que n\u00e3o s\u00f3 \u00e9 funcional, como tamb\u00e9m uma aut\u00eantica homenagem \u00e0 natureza.<\/p>\n<p>A t\u00e9cnica de mosaico empregue nos detalhes do design real\u00e7a a criatividade e o talento art\u00edstico presentes em cada pe\u00e7a. A disposi\u00e7\u00e3o dos flamingos, rodeados por um padr\u00e3o de outros em voo, acrescenta dinamismo e frescura a qualquer mesa. Esta base para copos n\u00e3o s\u00f3 protege as superf\u00edcies, como tamb\u00e9m confere cor e estilo, tornando-se um souvenir perfeito que captar\u00e1 a aten\u00e7\u00e3o tanto de turistas como de locais.<\/p>\n<p>Ao adquirir esta base para copos de cer\u00e2mica t\u00edpica de Maiorca, os compradores obt\u00eam um objeto decorativo e uma recorda\u00e7\u00e3o representativa da rica cultura e biodiversidade da ilha. Na Ol\u00e9 Mosaic, como grossistas de souvenirs aut\u00eanticos, oferecemos este produto excecional, ideal para lojas de presentes tur\u00edsticos que desejem oferecer aos seus clientes uma liga\u00e7\u00e3o genu\u00edna com o ambiente maiorquino. Um presente perfeito que se destaca pela sua relev\u00e2ncia cultural e est\u00e9tica.<\/p>\n","protected":false},"excerpt":{"rendered":"<p>Bases para copos de cer\u00e2mica inspiradas na beleza de Maiorca, decoradas com um vibrante design de flamingos. No centro, dois flamingos formam um cora\u00e7\u00e3o sobre um fundo azul que evoca as \u00e1guas cristalinas da ilha. Os detalhes em rosa e azul, realizados com t\u00e9cnica de mosaico, conferem um toque art\u00edstico e chamativo. Um souvenir perfeito que adiciona estilo e frescura a qualquer mesa.<\/p>\n","protected":false},"featured_media":8969,"template":"","meta":{"_acf_changed":false},"product_brand":[],"product_cat":[818],"product_tag":[516,515],"class_list":{"0":"post-34448","1":"product","2":"type-product","3":"status-publish","4":"has-post-thumbnail","6":"product_cat-bases-de-copos","7":"product_tag-animais","8":"product_tag-ceramica","9":"pa_ciudad-mallorca","10":"pa_motivo-flamingos","11":"pa_pais-espana","13":"first","14":"instock","15":"shipping-taxable","16":"product-type-simple"},"acf":[],"_links":{"self":[{"href":"https:\/\/olemosaic.orbitalia.org\/pt-pt\/wp-json\/wp\/v2\/product\/34448","targetHints":{"allow":["GET"]}}],"collection":[{"href":"https:\/\/olemosaic.orbitalia.org\/pt-pt\/wp-json\/wp\/v2\/product"}],"about":[{"href":"https:\/\/olemosaic.orbitalia.org\/pt-pt\/wp-json\/wp\/v2\/types\/product"}],"wp:featuredmedia":[{"embeddable":true,"href":"https:\/\/olemosaic.orbitalia.org\/pt-pt\/wp-json\/wp\/v2\/media\/8969"}],"wp:attachment":[{"href":"https:\/\/olemosaic.orbitalia.org\/pt-pt\/wp-json\/wp\/v2\/media?parent=34448"}],"wp:term":[{"taxonomy":"product_brand","embeddable":true,"href":"https:\/\/olemosaic.orbitalia.org\/pt-pt\/wp-json\/wp\/v2\/product_brand?post=34448"},{"taxonomy":"product_cat","embeddable":true,"href":"https:\/\/olemosaic.orbitalia.org\/pt-pt\/wp-json\/wp\/v2\/product_cat?post=34448"},{"taxonomy":"product_tag","embeddable":true,"href":"https:\/\/olemosaic.orbitalia.org\/pt-pt\/wp-json\/wp\/v2\/product_tag?post=34448"}],"curies":[{"name":"wp","href":"https:\/\/api.w.org\/{rel}","templated":true}]}}