{"id":34447,"date":"2025-02-20T23:34:16","date_gmt":"2025-02-20T22:34:16","guid":{"rendered":"https:\/\/olemosaic.orbitalia.org\/producto\/posavasos-de-ceramica-patio-2\/"},"modified":"2025-07-25T18:54:56","modified_gmt":"2025-07-25T16:54:56","slug":"base-copos-ceramica-patio-andaluz-2","status":"publish","type":"product","link":"https:\/\/olemosaic.orbitalia.org\/pt-pt\/produto\/base-copos-ceramica-patio-andaluz-2\/","title":{"rendered":"Base para copos de cer\u00e2mica. P\u00e1tio andaluz."},"content":{"rendered":"<p>Esta base para copos de cer\u00e2mica, ilustrada com uma vibrante cena de baile flamenco, \u00e9 uma aut\u00eantica homenagem \u00e0 cultura andaluza. Este colorido acess\u00f3rio apresenta um casal de bailarinos num animado p\u00e1tio, onde a mulher, vestida com um tradicional traje vermelho com bolas brancas, irradia alegria e paix\u00e3o ao dan\u00e7ar, enquanto o homem, com um elegante chap\u00e9u de aba larga, a acompanha na sua dan\u00e7a. O fundo est\u00e1 adornado com um encantador mosaico que simula o pavimento dos ic\u00f3nicos p\u00e1tios andaluzes, real\u00e7ado por flores de cores brilhantes em vasos, que evocam a beleza da primavera na Andaluzia. Cada detalhe est\u00e1 meticulosamente desenhado para capturar a ess\u00eancia de um momento festivo, fazendo desta base para copos uma pe\u00e7a funcional e art\u00edstica que enriquecer\u00e1 qualquer mesa.<\/p>\n<p>Este produto n\u00e3o s\u00f3 \u00e9 um excelente souvenir da Andaluzia, como tamb\u00e9m um testemunho da rica tradi\u00e7\u00e3o flamenca, um s\u00edmbolo do \u00e2mbito cultural espanhol que fascina turistas de todo o mundo. Na Ol\u00e9 Mosaic, a nossa especialidade s\u00e3o os souvenirs de cer\u00e2mica que refletem a autenticidade e a arte da tradi\u00e7\u00e3o espanhola. Esta base para copos \u00e9 ideal para lojas de presentes tur\u00edsticos que procuram artigos que liguem emocionalmente os turistas e que, por sua vez, enrique\u00e7am o contexto cultural das suas compras. Como grossistas de cer\u00e2mica, oferecemos produtos de qualidade que celebram a heran\u00e7a cultural de Espanha, tornando-os recorda\u00e7\u00f5es representativas e memor\u00e1veis.<\/p>\n","protected":false},"excerpt":{"rendered":"<p>Base para copos de cer\u00e2mica ilustrada com uma vibrante cena de baile flamenco num p\u00e1tio andaluz. Esta colorida base mostra um casal de bailarinos; ela, com um traje tradicional vermelho de bolas brancas, e ele, com chap\u00e9u de aba larga, acompanhando-a na dan\u00e7a. Decorada com flores coloridas em vasos e um fundo de mosaico, este artigo combina arte e funcionalidade, adicionando um toque cultural a qualquer mesa.<\/p>\n","protected":false},"featured_media":8145,"template":"","meta":{"_acf_changed":false},"product_brand":[],"product_cat":[818],"product_tag":[515],"class_list":{"0":"post-34447","1":"product","2":"type-product","3":"status-publish","4":"has-post-thumbnail","6":"product_cat-bases-de-copos","7":"product_tag-ceramica","8":"pa_motivo-patios","10":"first","11":"instock","12":"shipping-taxable","13":"product-type-simple"},"acf":[],"_links":{"self":[{"href":"https:\/\/olemosaic.orbitalia.org\/pt-pt\/wp-json\/wp\/v2\/product\/34447","targetHints":{"allow":["GET"]}}],"collection":[{"href":"https:\/\/olemosaic.orbitalia.org\/pt-pt\/wp-json\/wp\/v2\/product"}],"about":[{"href":"https:\/\/olemosaic.orbitalia.org\/pt-pt\/wp-json\/wp\/v2\/types\/product"}],"wp:featuredmedia":[{"embeddable":true,"href":"https:\/\/olemosaic.orbitalia.org\/pt-pt\/wp-json\/wp\/v2\/media\/8145"}],"wp:attachment":[{"href":"https:\/\/olemosaic.orbitalia.org\/pt-pt\/wp-json\/wp\/v2\/media?parent=34447"}],"wp:term":[{"taxonomy":"product_brand","embeddable":true,"href":"https:\/\/olemosaic.orbitalia.org\/pt-pt\/wp-json\/wp\/v2\/product_brand?post=34447"},{"taxonomy":"product_cat","embeddable":true,"href":"https:\/\/olemosaic.orbitalia.org\/pt-pt\/wp-json\/wp\/v2\/product_cat?post=34447"},{"taxonomy":"product_tag","embeddable":true,"href":"https:\/\/olemosaic.orbitalia.org\/pt-pt\/wp-json\/wp\/v2\/product_tag?post=34447"}],"curies":[{"name":"wp","href":"https:\/\/api.w.org\/{rel}","templated":true}]}}