{"id":34438,"date":"2025-02-20T22:34:15","date_gmt":"2025-02-20T22:34:15","guid":{"rendered":"https:\/\/olemosaic.orbitalia.org\/producto\/posavasos-de-ceramica-sevilla\/"},"modified":"2025-07-25T19:41:19","modified_gmt":"2025-07-25T17:41:19","slug":"base-para-copos-de-ceramica-sevilha","status":"publish","type":"product","link":"https:\/\/olemosaic.orbitalia.org\/pt-pt\/produto\/base-para-copos-de-ceramica-sevilha\/","title":{"rendered":"Base para copos de cer\u00e2mica. Sevilha."},"content":{"rendered":"<p>Esta base para copos de cer\u00e2mica \u00e9 uma aut\u00eantica representa\u00e7\u00e3o da beleza e da hist\u00f3ria de Sevilha, desenhada para capturar a ess\u00eancia desta emblem\u00e1tica cidade andaluza. A pe\u00e7a apresenta uma ilustra\u00e7\u00e3o vibrante e colorida que destaca a ic\u00f3nica Plaza de Espa\u00f1a, rodeada de outros monumentos emblem\u00e1ticos que evocam a riqueza cultural de Sevilha. O seu acabamento brilhante real\u00e7a os tons vivos, tornando esta base para copos n\u00e3o s\u00f3 num objeto funcional, mas tamb\u00e9m num elemento decorativo atraente para qualquer casa.<\/p>\n<p>Os detalhes art\u00edsticos, inspirados nos famosos mosaicos sevilhanos, refletem a tradi\u00e7\u00e3o art\u00edstica da regi\u00e3o, fazendo deste produto o souvenir perfeito para quem deseja levar um peda\u00e7o de Sevilha. O design inclui elementos caracter\u00edsticos como as torres da Pra\u00e7a e detalhes florais que adornam a envolvente, criando uma liga\u00e7\u00e3o visual imediata com o patrim\u00f3nio arquitet\u00f3nico da cidade. Esta base para copos n\u00e3o \u00e9 apenas \u00fatil para proteger as superf\u00edcies, mas tamb\u00e9m serve como uma recorda\u00e7\u00e3o vibrante dos momentos vividos em Sevilha.<\/p>\n<p>Na Ol\u00e9 Mosaic, especializamo-nos na distribui\u00e7\u00e3o de souvenirs de cer\u00e2mica por grosso, oferecendo produtos aut\u00eanticos que celebram a cultura local. Esta base para copos de cer\u00e2mica \u00e9 ideal para lojas de presentes tur\u00edsticos que procuram artigos representativos e \u00fanicos que capturem a ess\u00eancia de Sevilha, tornando-se a escolha perfeita para quem procura souvenirs de grande qualidade e valor cultural.<\/p>\n","protected":false},"excerpt":{"rendered":"<p>Base para copos de cer\u00e2mica com um design vibrante que captura a ess\u00eancia de Sevilha. Este objeto decorativo apresenta uma ilustra\u00e7\u00e3o colorida da ic\u00f3nica Plaza de Espa\u00f1a e outros monumentos emblem\u00e1ticos, rodeados de detalhes em mosaico que evocam a riqueza cultural da cidade. Os tons vivos e o acabamento brilhante fazem desta base para copos um elemento funcional e decorativo, ideal para recordar a beleza de Sevilha em cada utiliza\u00e7\u00e3o.<\/p>\n","protected":false},"featured_media":9943,"template":"","meta":{"_acf_changed":false},"product_brand":[],"product_cat":[818],"product_tag":[515],"class_list":{"0":"post-34438","1":"product","2":"type-product","3":"status-publish","4":"has-post-thumbnail","6":"product_cat-bases-de-copos","7":"product_tag-ceramica","8":"pa_ciudad-sevilla","9":"pa_pais-espana","11":"first","12":"instock","13":"shipping-taxable","14":"product-type-simple"},"acf":[],"_links":{"self":[{"href":"https:\/\/olemosaic.orbitalia.org\/pt-pt\/wp-json\/wp\/v2\/product\/34438","targetHints":{"allow":["GET"]}}],"collection":[{"href":"https:\/\/olemosaic.orbitalia.org\/pt-pt\/wp-json\/wp\/v2\/product"}],"about":[{"href":"https:\/\/olemosaic.orbitalia.org\/pt-pt\/wp-json\/wp\/v2\/types\/product"}],"wp:featuredmedia":[{"embeddable":true,"href":"https:\/\/olemosaic.orbitalia.org\/pt-pt\/wp-json\/wp\/v2\/media\/9943"}],"wp:attachment":[{"href":"https:\/\/olemosaic.orbitalia.org\/pt-pt\/wp-json\/wp\/v2\/media?parent=34438"}],"wp:term":[{"taxonomy":"product_brand","embeddable":true,"href":"https:\/\/olemosaic.orbitalia.org\/pt-pt\/wp-json\/wp\/v2\/product_brand?post=34438"},{"taxonomy":"product_cat","embeddable":true,"href":"https:\/\/olemosaic.orbitalia.org\/pt-pt\/wp-json\/wp\/v2\/product_cat?post=34438"},{"taxonomy":"product_tag","embeddable":true,"href":"https:\/\/olemosaic.orbitalia.org\/pt-pt\/wp-json\/wp\/v2\/product_tag?post=34438"}],"curies":[{"name":"wp","href":"https:\/\/api.w.org\/{rel}","templated":true}]}}