{"id":34436,"date":"2025-02-20T23:34:15","date_gmt":"2025-02-20T22:34:15","guid":{"rendered":"https:\/\/olemosaic.orbitalia.org\/producto\/posavasos-de-ceramica-toros\/"},"modified":"2025-07-25T19:50:37","modified_gmt":"2025-07-25T17:50:37","slug":"base-para-copos-de-ceramica-touros","status":"publish","type":"product","link":"https:\/\/olemosaic.orbitalia.org\/pt-pt\/produto\/base-para-copos-de-ceramica-touros\/","title":{"rendered":"Base para copos de cer\u00e2mica. Touros."},"content":{"rendered":"<p>Esta base para copos de cer\u00e2mica \u00e9 um souvenir vibrante que captura a ess\u00eancia de Espanha, ideal para quem procura uma recorda\u00e7\u00e3o significativa e funcional. Decorada com um design colorido de touros, esta base para copos apresenta uma est\u00e9tica de mosaico que destaca a imponente figura do touro em tons vivos, entrela\u00e7ados com um fundo repleto de elementos florais vermelhos e um sol estilizado. A inclus\u00e3o da palavra &#8220;ESPA\u00d1A&#8221;, escrita com uma tipografia audaz, confere um toque de identidade nacional, tornando esta pe\u00e7a num excelente representante do folclore espanhol.<\/p>\n<p>A t\u00e9cnica de pintura \u00e0 m\u00e3o utilizada nesta base para copos n\u00e3o s\u00f3 garante a singularidade de cada pe\u00e7a, como tamb\u00e9m real\u00e7a a arte e a dedica\u00e7\u00e3o por tr\u00e1s da sua cria\u00e7\u00e3o. O uso de cores vibrantes e a composi\u00e7\u00e3o din\u00e2mica conferem-lhe um car\u00e1ter festivo, perfeito para qualquer casa ou espa\u00e7o. Esta base para copos n\u00e3o \u00e9 apenas pr\u00e1tica para proteger as superf\u00edcies, mas tamb\u00e9m funciona como uma decora\u00e7\u00e3o que evoca a rica cultura espanhola, conhecida pela sua paix\u00e3o e tradi\u00e7\u00e3o.<\/p>\n<p>Na Ol\u00e9 Mosaic, especializamo-nos na distribui\u00e7\u00e3o de souvenirs por grosso, e esta base para copos de cer\u00e2mica \u00e9 uma excelente op\u00e7\u00e3o para lojas de presentes tur\u00edsticos que desejem oferecer aos seus clientes uma recorda\u00e7\u00e3o aut\u00eantica e cultural. Os souvenirs de Espanha, como esta base para copos, s\u00e3o ideais para quem deseja levar um pedacinho de tradi\u00e7\u00e3o consigo. Como grossistas de souvenirs, garantimos produtos de alta qualidade que refletem a aut\u00eantica identidade cultural espanhola.<\/p>\n","protected":false},"excerpt":{"rendered":"<p>Base para copos de cer\u00e2mica decorada com um design colorido de touros, que representa a ess\u00eancia de Espanha. Esta base para copos apresenta um estilo de mosaico, com um touro desenhado em cores vivas sobre um fundo que inclui flores vermelhas e um sol estilizado. A palavra &#8220;ESPA\u00d1A&#8221; destaca-se na parte superior, enquanto a t\u00e9cnica de design artesanal, pintada \u00e0 m\u00e3o, confere um toque art\u00edstico e \u00fanico, ideal para quem procura um souvenir representativo e funcional.<\/p>\n","protected":false},"featured_media":8584,"template":"","meta":{"_acf_changed":false},"product_brand":[],"product_cat":[818],"product_tag":[516,515],"class_list":{"0":"post-34436","1":"product","2":"type-product","3":"status-publish","4":"has-post-thumbnail","6":"product_cat-bases-de-copos","7":"product_tag-animais","8":"product_tag-ceramica","9":"pa_motivo-touros","11":"first","12":"instock","13":"shipping-taxable","14":"product-type-simple"},"acf":[],"_links":{"self":[{"href":"https:\/\/olemosaic.orbitalia.org\/pt-pt\/wp-json\/wp\/v2\/product\/34436","targetHints":{"allow":["GET"]}}],"collection":[{"href":"https:\/\/olemosaic.orbitalia.org\/pt-pt\/wp-json\/wp\/v2\/product"}],"about":[{"href":"https:\/\/olemosaic.orbitalia.org\/pt-pt\/wp-json\/wp\/v2\/types\/product"}],"wp:featuredmedia":[{"embeddable":true,"href":"https:\/\/olemosaic.orbitalia.org\/pt-pt\/wp-json\/wp\/v2\/media\/8584"}],"wp:attachment":[{"href":"https:\/\/olemosaic.orbitalia.org\/pt-pt\/wp-json\/wp\/v2\/media?parent=34436"}],"wp:term":[{"taxonomy":"product_brand","embeddable":true,"href":"https:\/\/olemosaic.orbitalia.org\/pt-pt\/wp-json\/wp\/v2\/product_brand?post=34436"},{"taxonomy":"product_cat","embeddable":true,"href":"https:\/\/olemosaic.orbitalia.org\/pt-pt\/wp-json\/wp\/v2\/product_cat?post=34436"},{"taxonomy":"product_tag","embeddable":true,"href":"https:\/\/olemosaic.orbitalia.org\/pt-pt\/wp-json\/wp\/v2\/product_tag?post=34436"}],"curies":[{"name":"wp","href":"https:\/\/api.w.org\/{rel}","templated":true}]}}