{"id":34434,"date":"2025-02-20T22:34:14","date_gmt":"2025-02-20T22:34:14","guid":{"rendered":"https:\/\/olemosaic.orbitalia.org\/producto\/posavasos-de-ceramica-ronda\/"},"modified":"2025-07-25T18:44:03","modified_gmt":"2025-07-25T16:44:03","slug":"base-para-copos-de-ceramica-ronda","status":"publish","type":"product","link":"https:\/\/olemosaic.orbitalia.org\/pt-pt\/produto\/base-para-copos-de-ceramica-ronda\/","title":{"rendered":"Base para copos de cer\u00e2mica. Ronda."},"content":{"rendered":"<p>Esta base para copos de cer\u00e2mica \u00e9 uma recorda\u00e7\u00e3o preciosa de Ronda, uma das cidades mais emblem\u00e1ticas da Andaluzia. O seu design vibrante destaca a famosa Puente Nuevo, que une as duas partes da cidade, simbolizando a uni\u00e3o da sua rica hist\u00f3ria e cultura. A ilustra\u00e7\u00e3o, cheia de cor, apresenta figuras de toureiros que prestam homenagem \u00e0 importante tradi\u00e7\u00e3o taurom\u00e1quica da regi\u00e3o, refletindo a paix\u00e3o e a arte que caracterizam esta localidade.<\/p>\n<p>Fabricada em cer\u00e2mica de alta qualidade, a base para copos tem um acabamento brilhante que n\u00e3o s\u00f3 embeleza a sua apar\u00eancia, mas tamb\u00e9m proporciona uma superf\u00edcie f\u00e1cil de limpar e duradoura. Os detalhes em mosaico do design conferem um toque art\u00edstico, capturando a ess\u00eancia de Ronda e tornando-a num acess\u00f3rio funcional ideal para qualquer mesa. Este souvenir n\u00e3o \u00e9 apenas um objeto decorativo, mas uma representa\u00e7\u00e3o aut\u00eantica da cultura andaluza que os turistas poder\u00e3o levar consigo como uma recorda\u00e7\u00e3o inesquec\u00edvel.<\/p>\n<p>Na Ol\u00e9 Mosaic, somos o seu distribuidor de souvenirs por grosso, oferecendo produtos culturais que enriquecem a experi\u00eancia tur\u00edstica. Esta base para copos de cer\u00e2mica \u00e9 perfeita para lojas de presentes tur\u00edsticos que procurem proporcionar aos seus clientes um peda\u00e7o da hist\u00f3ria e da tradi\u00e7\u00e3o de Ronda. Um presente maravilhoso e significativo para aqueles que desejam recordar a sua visita a esta encantadora cidade.<\/p>\n","protected":false},"excerpt":{"rendered":"<p>Base para copos de cer\u00e2mica com um design vibrante inspirado na bela cidade de Ronda. Este produto apresenta uma ilustra\u00e7\u00e3o colorida que destaca a famosa ponte sobre o rio e figuras de toureiros, representando a rica cultura taurom\u00e1quica da regi\u00e3o. Fabricada em cer\u00e2mica, o seu acabamento brilhante e os detalhes em mosaico capturam a ess\u00eancia de Ronda, tornando-a numa recorda\u00e7\u00e3o perfeita e funcional que embelezar\u00e1 qualquer mesa.<\/p>\n","protected":false},"featured_media":10003,"template":"","meta":{"_acf_changed":false},"product_brand":[],"product_cat":[818],"product_tag":[515],"class_list":{"0":"post-34434","1":"product","2":"type-product","3":"status-publish","4":"has-post-thumbnail","6":"product_cat-bases-de-copos","7":"product_tag-ceramica","8":"pa_ciudad-ronda","9":"pa_pais-espana","11":"first","12":"instock","13":"shipping-taxable","14":"product-type-simple"},"acf":[],"_links":{"self":[{"href":"https:\/\/olemosaic.orbitalia.org\/pt-pt\/wp-json\/wp\/v2\/product\/34434","targetHints":{"allow":["GET"]}}],"collection":[{"href":"https:\/\/olemosaic.orbitalia.org\/pt-pt\/wp-json\/wp\/v2\/product"}],"about":[{"href":"https:\/\/olemosaic.orbitalia.org\/pt-pt\/wp-json\/wp\/v2\/types\/product"}],"wp:featuredmedia":[{"embeddable":true,"href":"https:\/\/olemosaic.orbitalia.org\/pt-pt\/wp-json\/wp\/v2\/media\/10003"}],"wp:attachment":[{"href":"https:\/\/olemosaic.orbitalia.org\/pt-pt\/wp-json\/wp\/v2\/media?parent=34434"}],"wp:term":[{"taxonomy":"product_brand","embeddable":true,"href":"https:\/\/olemosaic.orbitalia.org\/pt-pt\/wp-json\/wp\/v2\/product_brand?post=34434"},{"taxonomy":"product_cat","embeddable":true,"href":"https:\/\/olemosaic.orbitalia.org\/pt-pt\/wp-json\/wp\/v2\/product_cat?post=34434"},{"taxonomy":"product_tag","embeddable":true,"href":"https:\/\/olemosaic.orbitalia.org\/pt-pt\/wp-json\/wp\/v2\/product_tag?post=34434"}],"curies":[{"name":"wp","href":"https:\/\/api.w.org\/{rel}","templated":true}]}}