{"id":34413,"date":"2025-02-20T22:34:14","date_gmt":"2025-02-20T22:34:14","guid":{"rendered":"https:\/\/olemosaic.orbitalia.org\/producto\/posavasos-de-ceramica-valencia\/"},"modified":"2025-07-25T18:48:42","modified_gmt":"2025-07-25T16:48:42","slug":"base-de-copos-de-ceramica-valencia","status":"publish","type":"product","link":"https:\/\/olemosaic.orbitalia.org\/pt-pt\/produto\/base-de-copos-de-ceramica-valencia\/","title":{"rendered":"Base de copos de cer\u00e2mica. Val\u00eancia."},"content":{"rendered":"<p>Esta base de copos de cer\u00e2mica \u00e9 um souvenir encantador que captura a ess\u00eancia de Val\u00eancia, uma cidade vibrante famosa pela sua mistura \u00fanica de hist\u00f3ria e modernidade. Decorada com uma colorida representa\u00e7\u00e3o da ic\u00f3nica silhueta da Cidade das Artes e das Ci\u00eancias, mostra esta obra-prima arquitet\u00f3nica ao lado da impressionante Lota da Seda (Lonja de la Seda) e das Torres de Serranos. O design, que combina tons amarelos, azuis e vermelhos, utiliza uma t\u00e9cnica de impress\u00e3o que real\u00e7a os detalhes arquitet\u00f3nicos de forma impactante, criando um mosaico que convida \u00e0 admira\u00e7\u00e3o.<\/p>\n<p>A base de copos n\u00e3o \u00e9 apenas um artigo funcional para proteger as superf\u00edcies das bebidas, mas tamb\u00e9m um atrativo decorativo que trar\u00e1 um toque de cultura espanhola a qualquer mesa. A sua superf\u00edcie de cer\u00e2mica \u00e9 duradoura e f\u00e1cil de limpar, garantindo um uso prolongado. \u00c9 o presente perfeito para turistas que procuram uma recorda\u00e7\u00e3o aut\u00eantica de Val\u00eancia ou para lojas de presentes tur\u00edsticos interessadas em oferecer produtos que destaquem a riqueza cultural da regi\u00e3o.<\/p>\n<p>Na Ol\u00e9 Mosaic, especializamo-nos na distribui\u00e7\u00e3o de souvenirs por grosso, e esta base de copos \u00e9 uma excelente op\u00e7\u00e3o para quem deseja oferecer artigos \u00fanicos e representativos da cultura espanhola. Ideal para impulsionar as vendas em qualquer com\u00e9rcio, este souvenir de Val\u00eancia \u00e9 um imprescind\u00edvel na oferta de souvenirs de cer\u00e2mica.<\/p>\n","protected":false},"excerpt":{"rendered":"<p>Base de copos de cer\u00e2mica decorada com uma colorida representa\u00e7\u00e3o de Val\u00eancia. Este atraente artigo mostra a ic\u00f3nica silhueta da Cidade das Artes e das Ci\u00eancias, juntamente com a arquitetura g\u00f3tica da Lota da Seda e as Torres de Serranos. Com um design vibrante e moderno, a sua t\u00e9cnica de impress\u00e3o real\u00e7a os detalhes arquitet\u00f3nicos atrav\u00e9s de mosaicos em tons amarelos, azuis e vermelhos. Perfeito para adicionar um toque de cultura espanhola a qualquer mesa.<\/p>\n","protected":false},"featured_media":9899,"template":"","meta":{"_acf_changed":false},"product_brand":[],"product_cat":[818],"product_tag":[515],"class_list":{"0":"post-34413","1":"product","2":"type-product","3":"status-publish","4":"has-post-thumbnail","6":"product_cat-bases-de-copos","7":"product_tag-ceramica","8":"pa_ciudad-valencia","9":"pa_pais-espana","11":"first","12":"instock","13":"shipping-taxable","14":"product-type-simple"},"acf":[],"_links":{"self":[{"href":"https:\/\/olemosaic.orbitalia.org\/pt-pt\/wp-json\/wp\/v2\/product\/34413","targetHints":{"allow":["GET"]}}],"collection":[{"href":"https:\/\/olemosaic.orbitalia.org\/pt-pt\/wp-json\/wp\/v2\/product"}],"about":[{"href":"https:\/\/olemosaic.orbitalia.org\/pt-pt\/wp-json\/wp\/v2\/types\/product"}],"wp:featuredmedia":[{"embeddable":true,"href":"https:\/\/olemosaic.orbitalia.org\/pt-pt\/wp-json\/wp\/v2\/media\/9899"}],"wp:attachment":[{"href":"https:\/\/olemosaic.orbitalia.org\/pt-pt\/wp-json\/wp\/v2\/media?parent=34413"}],"wp:term":[{"taxonomy":"product_brand","embeddable":true,"href":"https:\/\/olemosaic.orbitalia.org\/pt-pt\/wp-json\/wp\/v2\/product_brand?post=34413"},{"taxonomy":"product_cat","embeddable":true,"href":"https:\/\/olemosaic.orbitalia.org\/pt-pt\/wp-json\/wp\/v2\/product_cat?post=34413"},{"taxonomy":"product_tag","embeddable":true,"href":"https:\/\/olemosaic.orbitalia.org\/pt-pt\/wp-json\/wp\/v2\/product_tag?post=34413"}],"curies":[{"name":"wp","href":"https:\/\/api.w.org\/{rel}","templated":true}]}}