{"id":34409,"date":"2025-02-20T22:34:14","date_gmt":"2025-02-20T22:34:14","guid":{"rendered":"https:\/\/olemosaic.orbitalia.org\/producto\/posavasos-de-ceramica-salamandra-y-flores-gran-canaria\/"},"modified":"2025-07-25T19:02:45","modified_gmt":"2025-07-25T17:02:45","slug":"base-de-copos-de-ceramica-salamandra-e-flores-gran-canaria","status":"publish","type":"product","link":"https:\/\/olemosaic.orbitalia.org\/pt-pt\/produto\/base-de-copos-de-ceramica-salamandra-e-flores-gran-canaria\/","title":{"rendered":"Base de copos de cer\u00e2mica. Salamandra e flores. Gran Canaria."},"content":{"rendered":"<p>Esta base de copos de cer\u00e2mica decorada \u00e9 uma pe\u00e7a vibrante inspirada na beleza natural de Gran Canaria. O seu design destaca uma colorida salamandra que se entrela\u00e7a com flores ex\u00f3ticas, fundindo a fauna e a flora can\u00e1rias numa representa\u00e7\u00e3o art\u00edstica \u00fanica. Com um mosaico que abrange tonalidades de azul, vermelho e amarelo, esta base de copos evoca a riqueza visual da ilha, lembrando aos viajantes a diversidade da sua paisagem e cultura. O acabamento brilhante real\u00e7a as cores vivas e os detalhes intrincados do design, enquanto a inscri\u00e7\u00e3o &#8220;Gran Canaria&#8221; acrescenta um toque aut\u00eantico e identificativo.<\/p>\n<p>Perfeita tanto para uso pr\u00e1tico como decorativo, esta base de copos trar\u00e1 um toque de sofistica\u00e7\u00e3o e artesanato a qualquer mesa. A sua versatilidade permite que funcione na perfei\u00e7\u00e3o em casa, em bares ou restaurantes que desejem oferecer uma experi\u00eancia can\u00e1ria aos seus clientes. Este souvenir de Gran Canaria n\u00e3o \u00e9 apenas um objeto \u00fatil, mas tamb\u00e9m uma recorda\u00e7\u00e3o tang\u00edvel da ess\u00eancia e beleza das ilhas, ideal para turistas que procuram um peda\u00e7o da cultura local para levar para casa. Na Ol\u00e9 Mosaic, como grossista de souvenirs, oferecemos produtos aut\u00eanticos que celebram a riqueza cultural de Espanha, tornando esta base de copos uma excelente op\u00e7\u00e3o para lojas de presentes tur\u00edsticos.<\/p>\n","protected":false},"excerpt":{"rendered":"<p>Base de copos de cer\u00e2mica decorada com uma vibrante salamandra e flores, inspirada na beleza de Gran Canaria. Esta colorida base de copos apresenta um design de mosaico em tons azuis, vermelhos e amarelos, real\u00e7ando a distinta fauna e flora can\u00e1rias. Com um acabamento brilhante e o texto &#8220;Gran Canaria&#8221; impresso, \u00e9 uma pe\u00e7a pr\u00e1tica e decorativa que confere um toque art\u00edstico a qualquer mesa, evocando o encanto das ilhas.<\/p>\n","protected":false},"featured_media":8138,"template":"","meta":{"_acf_changed":false},"product_brand":[],"product_cat":[818],"product_tag":[516,515],"class_list":{"0":"post-34409","1":"product","2":"type-product","3":"status-publish","4":"has-post-thumbnail","6":"product_cat-bases-de-copos","7":"product_tag-animais","8":"product_tag-ceramica","9":"pa_ciudad-gran-canaria","10":"pa_motivo-salamandras","11":"pa_pais-espana","13":"first","14":"instock","15":"shipping-taxable","16":"product-type-simple"},"acf":[],"_links":{"self":[{"href":"https:\/\/olemosaic.orbitalia.org\/pt-pt\/wp-json\/wp\/v2\/product\/34409","targetHints":{"allow":["GET"]}}],"collection":[{"href":"https:\/\/olemosaic.orbitalia.org\/pt-pt\/wp-json\/wp\/v2\/product"}],"about":[{"href":"https:\/\/olemosaic.orbitalia.org\/pt-pt\/wp-json\/wp\/v2\/types\/product"}],"wp:featuredmedia":[{"embeddable":true,"href":"https:\/\/olemosaic.orbitalia.org\/pt-pt\/wp-json\/wp\/v2\/media\/8138"}],"wp:attachment":[{"href":"https:\/\/olemosaic.orbitalia.org\/pt-pt\/wp-json\/wp\/v2\/media?parent=34409"}],"wp:term":[{"taxonomy":"product_brand","embeddable":true,"href":"https:\/\/olemosaic.orbitalia.org\/pt-pt\/wp-json\/wp\/v2\/product_brand?post=34409"},{"taxonomy":"product_cat","embeddable":true,"href":"https:\/\/olemosaic.orbitalia.org\/pt-pt\/wp-json\/wp\/v2\/product_cat?post=34409"},{"taxonomy":"product_tag","embeddable":true,"href":"https:\/\/olemosaic.orbitalia.org\/pt-pt\/wp-json\/wp\/v2\/product_tag?post=34409"}],"curies":[{"name":"wp","href":"https:\/\/api.w.org\/{rel}","templated":true}]}}