{"id":34405,"date":"2025-02-20T23:34:13","date_gmt":"2025-02-20T22:34:13","guid":{"rendered":"https:\/\/olemosaic.orbitalia.org\/producto\/posavasos-de-ceramica-marbella-azul\/"},"modified":"2025-07-25T18:37:30","modified_gmt":"2025-07-25T16:37:30","slug":"base-para-copos-de-ceramica-marbella-azul","status":"publish","type":"product","link":"https:\/\/olemosaic.orbitalia.org\/pt-pt\/produto\/base-para-copos-de-ceramica-marbella-azul\/","title":{"rendered":"Base para copos de cer\u00e2mica. Marbella. Azul."},"content":{"rendered":"<p>Esta base para copos de cer\u00e2mica, decorada com uma representa\u00e7\u00e3o vibrante de Marbella, \u00e9 o souvenir perfeito para quem deseja levar um peda\u00e7o da Costa del Sol. Com um design em mosaico que ilustra a famosa entrada da cidade, esta base destaca um c\u00e9u azul radiante que envolve a emblem\u00e1tica cena costeira. As cores vivas, como amarelos e verdes, real\u00e7am os elementos arquitet\u00f3nicos da cidade e a sua vegeta\u00e7\u00e3o exuberante, criando uma pe\u00e7a apelativa e funcional. A palavra &#8220;MARBELLA&#8221;, em cor branca, sobressai no design, integrando-se perfeitamente no ambiente.<\/p>\n<p>A cer\u00e2mica de alta qualidade utilizada no seu fabrico n\u00e3o s\u00f3 a torna um acess\u00f3rio esteticamente atraente, mas tamb\u00e9m uma pe\u00e7a robusta e duradoura que proteger\u00e1 com eleg\u00e2ncia as superf\u00edcies de qualquer mesa. Esta base para copos n\u00e3o s\u00f3 representa Marbella como um destino tur\u00edstico de sonho, como tamb\u00e9m encapsula a ess\u00eancia do estilo de vida andaluz.<\/p>\n<p>Na Ol\u00e9 Mosaic, o nosso compromisso \u00e9 oferecer souvenirs aut\u00eanticos, de alta qualidade e com relev\u00e2ncia cultural. Esta base para copos \u00e9 uma excelente op\u00e7\u00e3o para lojas de presentes tur\u00edsticos, ideal para quem deseja oferecer aos seus clientes uma recorda\u00e7\u00e3o tang\u00edvel da sua visita a uma das cidades mais encantadoras de Espanha. Como grossistas de souvenirs de cer\u00e2mica, garantimos que cada pe\u00e7a combine beleza, funcionalidade e ess\u00eancia cultural.<\/p>\n","protected":false},"excerpt":{"rendered":"<p>Base para copos de cer\u00e2mica decorada com uma representa\u00e7\u00e3o vibrante de Marbella. Esta atraente base apresenta um design em mosaico que ilustra a famosa entrada da cidade, emoldurada por um c\u00e9u azul brilhante. As cores vivas, como o amarelo e o verde, real\u00e7am os elementos arquitet\u00f3nicos e a vegeta\u00e7\u00e3o, enquanto o texto &#8220;MARBELLA&#8221; se destaca em branco. Ideal para adicionar um toque de estilo andaluz a qualquer mesa, combinando funcionalidade e arte.<\/p>\n","protected":false},"featured_media":9922,"template":"","meta":{"_acf_changed":false},"product_brand":[],"product_cat":[818],"product_tag":[515],"class_list":{"0":"post-34405","1":"product","2":"type-product","3":"status-publish","4":"has-post-thumbnail","6":"product_cat-bases-de-copos","7":"product_tag-ceramica","8":"pa_ciudad-marbella","9":"pa_pais-espana","11":"first","12":"instock","13":"shipping-taxable","14":"product-type-simple"},"acf":[],"_links":{"self":[{"href":"https:\/\/olemosaic.orbitalia.org\/pt-pt\/wp-json\/wp\/v2\/product\/34405","targetHints":{"allow":["GET"]}}],"collection":[{"href":"https:\/\/olemosaic.orbitalia.org\/pt-pt\/wp-json\/wp\/v2\/product"}],"about":[{"href":"https:\/\/olemosaic.orbitalia.org\/pt-pt\/wp-json\/wp\/v2\/types\/product"}],"wp:featuredmedia":[{"embeddable":true,"href":"https:\/\/olemosaic.orbitalia.org\/pt-pt\/wp-json\/wp\/v2\/media\/9922"}],"wp:attachment":[{"href":"https:\/\/olemosaic.orbitalia.org\/pt-pt\/wp-json\/wp\/v2\/media?parent=34405"}],"wp:term":[{"taxonomy":"product_brand","embeddable":true,"href":"https:\/\/olemosaic.orbitalia.org\/pt-pt\/wp-json\/wp\/v2\/product_brand?post=34405"},{"taxonomy":"product_cat","embeddable":true,"href":"https:\/\/olemosaic.orbitalia.org\/pt-pt\/wp-json\/wp\/v2\/product_cat?post=34405"},{"taxonomy":"product_tag","embeddable":true,"href":"https:\/\/olemosaic.orbitalia.org\/pt-pt\/wp-json\/wp\/v2\/product_tag?post=34405"}],"curies":[{"name":"wp","href":"https:\/\/api.w.org\/{rel}","templated":true}]}}