{"id":34404,"date":"2025-02-20T22:34:13","date_gmt":"2025-02-20T22:34:13","guid":{"rendered":"https:\/\/olemosaic.orbitalia.org\/producto\/posavasos-de-ceramica-sagrada-familia-barcelona\/"},"modified":"2025-07-25T18:48:41","modified_gmt":"2025-07-25T16:48:41","slug":"base-para-copos-de-ceramica-sagrada-familia-barcelona","status":"publish","type":"product","link":"https:\/\/olemosaic.orbitalia.org\/pt-pt\/produto\/base-para-copos-de-ceramica-sagrada-familia-barcelona\/","title":{"rendered":"Base para copos de cer\u00e2mica. Sagrada Fam\u00edlia. Barcelona."},"content":{"rendered":"<p>Esta base para copos de cer\u00e2mica, decorada com uma representa\u00e7\u00e3o vibrante da Sagrada Fam\u00edlia, \u00e9 um artigo imprescind\u00edvel para quem procura levar um peda\u00e7o de Barcelona para casa. Com um acabamento brilhante, esta base destaca-se pelas suas cores intensas, que capturam a ess\u00eancia de um dos monumentos mais emblem\u00e1ticos de Espanha. A Sagrada Fam\u00edlia, desenhada pelo reconhecido arquiteto Antoni Gaud\u00ed, \u00e9 um s\u00edmbolo da arquitetura modernista, e a sua representa\u00e7\u00e3o nesta base real\u00e7a os detalhes intrincados das suas torres e a sua fachada espetacular, com uma paleta que inclui tons cativantes de vermelho, amarelo e azul.<\/p>\n<p>Na parte superior, a palavra &#8220;Barcelona&#8221; completa esta ilustra\u00e7\u00e3o, tornando este objeto n\u00e3o apenas um acess\u00f3rio funcional, mas tamb\u00e9m uma aut\u00eantica recorda\u00e7\u00e3o da rica heran\u00e7a cultural da cidade. Cada vez que for utilizada, esta base transportar\u00e1 o utilizador para as ruas de Barcelona, evocando a grandiosidade da Sagrada Fam\u00edlia e o ambiente vibrante da cidade. Este souvenir \u00e9 ideal para turistas que procuram artigos representativos da sua viagem, e na Ol\u00e9 Mosaic, especializamo-nos na distribui\u00e7\u00e3o de souvenirs por grosso como esta base para copos, garantindo autenticidade e qualidade. Como grossistas de produtos de cer\u00e2mica, oferecemos artigos que celebram a autenticidade e a beleza da cultura espanhola, perfeitos para lojas de presentes tur\u00edsticos.<\/p>\n","protected":false},"excerpt":{"rendered":"<p>Base para copos de cer\u00e2mica decorada com uma representa\u00e7\u00e3o vibrante da Sagrada Fam\u00edlia, um dos monumentos mais emblem\u00e1ticos de Barcelona. Este artigo apresenta um acabamento brilhante e motivos em cores intensas, que destacam os desenhos detalhados das torres e da fachada, com uma paleta que inclui vermelhos, amarelos e azuis. A palavra &#8220;Barcelona&#8221; aparece na parte superior, complementando a ilustra\u00e7\u00e3o deste ic\u00f3nico s\u00edmbolo arquitet\u00f3nico da cidade.<\/p>\n","protected":false},"featured_media":8676,"template":"","meta":{"_acf_changed":false},"product_brand":[],"product_cat":[818],"product_tag":[515],"class_list":{"0":"post-34404","1":"product","2":"type-product","3":"status-publish","4":"has-post-thumbnail","6":"product_cat-bases-de-copos","7":"product_tag-ceramica","8":"pa_ciudad-barcelona","9":"pa_motivo-sagrada-familia","10":"pa_pais-espana","12":"first","13":"instock","14":"shipping-taxable","15":"product-type-simple"},"acf":[],"_links":{"self":[{"href":"https:\/\/olemosaic.orbitalia.org\/pt-pt\/wp-json\/wp\/v2\/product\/34404","targetHints":{"allow":["GET"]}}],"collection":[{"href":"https:\/\/olemosaic.orbitalia.org\/pt-pt\/wp-json\/wp\/v2\/product"}],"about":[{"href":"https:\/\/olemosaic.orbitalia.org\/pt-pt\/wp-json\/wp\/v2\/types\/product"}],"wp:featuredmedia":[{"embeddable":true,"href":"https:\/\/olemosaic.orbitalia.org\/pt-pt\/wp-json\/wp\/v2\/media\/8676"}],"wp:attachment":[{"href":"https:\/\/olemosaic.orbitalia.org\/pt-pt\/wp-json\/wp\/v2\/media?parent=34404"}],"wp:term":[{"taxonomy":"product_brand","embeddable":true,"href":"https:\/\/olemosaic.orbitalia.org\/pt-pt\/wp-json\/wp\/v2\/product_brand?post=34404"},{"taxonomy":"product_cat","embeddable":true,"href":"https:\/\/olemosaic.orbitalia.org\/pt-pt\/wp-json\/wp\/v2\/product_cat?post=34404"},{"taxonomy":"product_tag","embeddable":true,"href":"https:\/\/olemosaic.orbitalia.org\/pt-pt\/wp-json\/wp\/v2\/product_tag?post=34404"}],"curies":[{"name":"wp","href":"https:\/\/api.w.org\/{rel}","templated":true}]}}