{"id":34378,"date":"2025-02-20T23:34:13","date_gmt":"2025-02-20T22:34:13","guid":{"rendered":"https:\/\/olemosaic.orbitalia.org\/producto\/posavasos-de-ceramica-mariposa-mallorca\/"},"modified":"2025-07-25T20:09:31","modified_gmt":"2025-07-25T18:09:31","slug":"base-de-copos-de-ceramica-borboleta-maiorca","status":"publish","type":"product","link":"https:\/\/olemosaic.orbitalia.org\/pt-pt\/produto\/base-de-copos-de-ceramica-borboleta-maiorca\/","title":{"rendered":"Base de copos de cer\u00e2mica. Borboleta. Maiorca."},"content":{"rendered":"<p>Esta base de copos de cer\u00e2mica, decorada com uma borboleta vibrante, capta a ess\u00eancia da beleza natural de Maiorca. Com um design pintado \u00e0 m\u00e3o, a base de copos mostra uma borboleta deslumbrante em tons de amarelo, laranja e azul, elegantemente pousada sobre um fundo azul, criando um contraste visual marcante. As delicadas flores vermelhas que a rodeiam adicionam um toque de alegria e cor, tornando-a uma pe\u00e7a tanto funcional como art\u00edstica. O acabamento brilhante n\u00e3o s\u00f3 embeleza a superf\u00edcie, como tamb\u00e9m proporciona uma camada de prote\u00e7\u00e3o duradoura, garantindo que se mantenha em perfeito estado ao longo do tempo.<\/p>\n<p>A inscri\u00e7\u00e3o &#8220;MAIORCA&#8221; numa tipografia elegante confere-lhe um toque local distintivo, tornando esta base de copos uma recorda\u00e7\u00e3o aut\u00eantica que evoca a identidade da ilha. Esta arte cer\u00e2mica \u00e9 inspirada no ambiente natural de Maiorca, refletindo a riqueza da sua flora e fauna, o que a torna uma lembran\u00e7a perfeita para quem deseja levar um peda\u00e7o desta maravilhosa regi\u00e3o.<\/p>\n<p>Na Ol\u00e9 Mosaic, somos distribuidores de lembran\u00e7as de cer\u00e2mica por grosso e levamos a cultura maiorquina atrav\u00e9s de produtos \u00fanicos como esta base de copos. Uma excelente op\u00e7\u00e3o para lojas de presentes tur\u00edsticos que desejam oferecer artigos de qualidade e relev\u00e2ncia cultural, esta base de copos n\u00e3o \u00e9 apenas um artigo pr\u00e1tico, mas tamb\u00e9m uma recorda\u00e7\u00e3o valiosa da beleza de Maiorca.<\/p>\n","protected":false},"excerpt":{"rendered":"<p>Base de copos de cer\u00e2mica decorada com uma borboleta vibrante sobre um fundo azul, inspirada na beleza de Maiorca. Esta atraente base de copos apresenta um design artesanal, pintado \u00e0 m\u00e3o, com a borboleta em tons de amarelo, laranja e azul, juntamente com delicadas flores vermelhas que adicionam um toque de cor. Com um acabamento brilhante, \u00e9 simultaneamente funcional e uma obra de arte que real\u00e7a qualquer mesa. A inscri\u00e7\u00e3o &#8220;MAIORCA&#8221; confere um toque local distintivo.<\/p>\n","protected":false},"featured_media":8968,"template":"","meta":{"_acf_changed":false},"product_brand":[],"product_cat":[818],"product_tag":[516,515],"class_list":{"0":"post-34378","1":"product","2":"type-product","3":"status-publish","4":"has-post-thumbnail","6":"product_cat-bases-de-copos","7":"product_tag-animais","8":"product_tag-ceramica","9":"pa_ciudad-mallorca","10":"pa_motivo-borboletas","11":"pa_pais-espana","13":"first","14":"instock","15":"shipping-taxable","16":"product-type-simple"},"acf":[],"_links":{"self":[{"href":"https:\/\/olemosaic.orbitalia.org\/pt-pt\/wp-json\/wp\/v2\/product\/34378","targetHints":{"allow":["GET"]}}],"collection":[{"href":"https:\/\/olemosaic.orbitalia.org\/pt-pt\/wp-json\/wp\/v2\/product"}],"about":[{"href":"https:\/\/olemosaic.orbitalia.org\/pt-pt\/wp-json\/wp\/v2\/types\/product"}],"wp:featuredmedia":[{"embeddable":true,"href":"https:\/\/olemosaic.orbitalia.org\/pt-pt\/wp-json\/wp\/v2\/media\/8968"}],"wp:attachment":[{"href":"https:\/\/olemosaic.orbitalia.org\/pt-pt\/wp-json\/wp\/v2\/media?parent=34378"}],"wp:term":[{"taxonomy":"product_brand","embeddable":true,"href":"https:\/\/olemosaic.orbitalia.org\/pt-pt\/wp-json\/wp\/v2\/product_brand?post=34378"},{"taxonomy":"product_cat","embeddable":true,"href":"https:\/\/olemosaic.orbitalia.org\/pt-pt\/wp-json\/wp\/v2\/product_cat?post=34378"},{"taxonomy":"product_tag","embeddable":true,"href":"https:\/\/olemosaic.orbitalia.org\/pt-pt\/wp-json\/wp\/v2\/product_tag?post=34378"}],"curies":[{"name":"wp","href":"https:\/\/api.w.org\/{rel}","templated":true}]}}