{"id":34362,"date":"2025-02-20T22:34:12","date_gmt":"2025-02-20T22:34:12","guid":{"rendered":"https:\/\/olemosaic.orbitalia.org\/producto\/posavasos-de-ceramica-toros-madrid\/"},"modified":"2025-07-25T18:34:32","modified_gmt":"2025-07-25T16:34:32","slug":"base-de-copos-de-ceramica-touros-madrid","status":"publish","type":"product","link":"https:\/\/olemosaic.orbitalia.org\/pt-pt\/produto\/base-de-copos-de-ceramica-touros-madrid\/","title":{"rendered":"Base de copos de cer\u00e2mica. Touros. Madrid."},"content":{"rendered":"<p>Esta base de copos de cer\u00e2mica, decorada com um vibrante design de touros, \u00e9 uma elegante recorda\u00e7\u00e3o de Madrid, perfeita para quem procura uma pe\u00e7a representativa da cultura espanhola. A cer\u00e2mica apresenta uma colorida ilustra\u00e7\u00e3o em mosaico onde se destaca um imponente touro, s\u00edmbolo ic\u00f3nico da capital. Com a sua paleta de cores brilhantes, onde predominam os tons vermelho, amarelo e azul, o touro emerge com for\u00e7a sobre um fundo de delicadas p\u00e9talas vermelhas e um sol radiante, capturando a ess\u00eancia do esp\u00edrito madrileno. A palavra &#8220;MADRID&#8221;, impressa na parte superior, refor\u00e7a o car\u00e1cter local da lembran\u00e7a, tornando-a um excelente artigo para turistas.<\/p>\n<p>Esta base de copos n\u00e3o s\u00f3 \u00e9 funcional como suporte para bebidas, como tamb\u00e9m \u00e9 um elemento decorativo que acrescenta um toque de autenticidade a qualquer casa. A representa\u00e7\u00e3o do touro, relacionada com tradi\u00e7\u00f5es t\u00e3o enraizadas como a tauromaquia, acrescenta um valor cultural significativo ao produto, permitindo aos visitantes levar um peda\u00e7o da hist\u00f3ria e da arte de Madrid. Na Ol\u00e9 Mosaic, como distribuidores de lembran\u00e7as de cer\u00e2mica por grosso, oferecemos op\u00e7\u00f5es aut\u00eanticas e vibrantes que encarnam a rica cultura espanhola, fazendo desta base de copos uma escolha ideal para lojas de presentes tur\u00edsticos que procuram capturar a ess\u00eancia da cidade.<\/p>\n","protected":false},"excerpt":{"rendered":"<p>Base de copos de cer\u00e2mica decorada com um vibrante design de touros, que representa um dos s\u00edmbolos mais ic\u00f3nicos de Madrid. A base de copos exibe uma colorida ilustra\u00e7\u00e3o em mosaico, onde o touro se destaca em cores brilhantes sobre um fundo de p\u00e9talas vermelhas e um sol radiante. Com a palavra &#8220;MADRID&#8221; impressa na parte superior, este artigo combina tradi\u00e7\u00e3o e modernidade, tornando-se uma elegante e funcional recorda\u00e7\u00e3o que enaltece a cultura espanhola.<\/p>\n","protected":false},"featured_media":8140,"template":"","meta":{"_acf_changed":false},"product_brand":[],"product_cat":[818],"product_tag":[516,515],"class_list":{"0":"post-34362","1":"product","2":"type-product","3":"status-publish","4":"has-post-thumbnail","6":"product_cat-bases-de-copos","7":"product_tag-animais","8":"product_tag-ceramica","9":"pa_ciudad-madrid","10":"pa_motivo-touros","11":"pa_pais-espana","13":"first","14":"instock","15":"shipping-taxable","16":"product-type-simple"},"acf":[],"_links":{"self":[{"href":"https:\/\/olemosaic.orbitalia.org\/pt-pt\/wp-json\/wp\/v2\/product\/34362","targetHints":{"allow":["GET"]}}],"collection":[{"href":"https:\/\/olemosaic.orbitalia.org\/pt-pt\/wp-json\/wp\/v2\/product"}],"about":[{"href":"https:\/\/olemosaic.orbitalia.org\/pt-pt\/wp-json\/wp\/v2\/types\/product"}],"wp:featuredmedia":[{"embeddable":true,"href":"https:\/\/olemosaic.orbitalia.org\/pt-pt\/wp-json\/wp\/v2\/media\/8140"}],"wp:attachment":[{"href":"https:\/\/olemosaic.orbitalia.org\/pt-pt\/wp-json\/wp\/v2\/media?parent=34362"}],"wp:term":[{"taxonomy":"product_brand","embeddable":true,"href":"https:\/\/olemosaic.orbitalia.org\/pt-pt\/wp-json\/wp\/v2\/product_brand?post=34362"},{"taxonomy":"product_cat","embeddable":true,"href":"https:\/\/olemosaic.orbitalia.org\/pt-pt\/wp-json\/wp\/v2\/product_cat?post=34362"},{"taxonomy":"product_tag","embeddable":true,"href":"https:\/\/olemosaic.orbitalia.org\/pt-pt\/wp-json\/wp\/v2\/product_tag?post=34362"}],"curies":[{"name":"wp","href":"https:\/\/api.w.org\/{rel}","templated":true}]}}