{"id":34336,"date":"2025-02-20T23:34:09","date_gmt":"2025-02-20T22:34:09","guid":{"rendered":"https:\/\/olemosaic.orbitalia.org\/producto\/posavasos-de-ceramica-bogavante\/"},"modified":"2025-07-25T18:45:41","modified_gmt":"2025-07-25T16:45:41","slug":"base-de-copos-de-ceramica-lavagante","status":"publish","type":"product","link":"https:\/\/olemosaic.orbitalia.org\/pt-pt\/produto\/base-de-copos-de-ceramica-lavagante\/","title":{"rendered":"Base de copos de cer\u00e2mica. Lavagante."},"content":{"rendered":"<p>Esta base de copos de cer\u00e2mica, com o seu vibrante design de lavagantes, \u00e9 um emocionante tributo \u00e0 rica tradi\u00e7\u00e3o gastron\u00f3mica da costa mediterr\u00e2nica. Pintada \u00e0 m\u00e3o, apresenta um requintado fundo de azulejos em tons azuis, adornado com padr\u00f5es geom\u00e9tricos que evocam a est\u00e9tica da cer\u00e2mica espanhola. Sobre esta base, os lavagantes destacam-se em tons quentes de vermelho e laranja, oferecendo um contraste cativante que real\u00e7a a habilidade do artes\u00e3o. Cada detalhe dos crust\u00e1ceos foi cuidadosamente elaborado, capturando a sua forma e textura com toques art\u00edsticos coloridos, o que a torna uma pe\u00e7a apelativa e \u00fanica.<\/p>\n<p>A liga\u00e7\u00e3o cultural desta base de copos reside na sua representa\u00e7\u00e3o dos sabores do mar, um elemento fundamental da cozinha mediterr\u00e2nica, que atrai tanto locais como turistas. Como souvenir, \u00e9 uma excelente recorda\u00e7\u00e3o das del\u00edcias culin\u00e1rias que Espanha tem para oferecer, sendo uma escolha ideal para amantes de marisco e da decora\u00e7\u00e3o inspirada na cultura espanhola.<\/p>\n<p>Na Ol\u00e9 Mosaic, orgulhamo-nos de oferecer souvenirs aut\u00eanticos por grosso, e esta base de copos \u00e9 uma op\u00e7\u00e3o perfeita para lojas de presentes tur\u00edsticos que procuram artigos de qualidade e com um significativo valor cultural. Optar por esta base de copos de cer\u00e2mica \u00e9, sem d\u00favida, uma forma de levar para casa um peda\u00e7o da vibrante tradi\u00e7\u00e3o espanhola.<\/p>\n","protected":false},"excerpt":{"rendered":"<p>Base de copos de cer\u00e2mica com um design vibrante de lavagantes que evoca a rica tradi\u00e7\u00e3o gastron\u00f3mica da costa mediterr\u00e2nica. Este artigo, de design artesanal, pintado \u00e0 m\u00e3o, apresenta um fundo de azulejos em tons azuis com padr\u00f5es geom\u00e9tricos, sobre o qual se destacam os lavagantes em tons quentes de vermelho e laranja, com detalhes coloridos que lhe conferem um toque art\u00edstico. Perfeito para qualquer amante de marisco e de decora\u00e7\u00f5es inspiradas na cultura espanhola.<\/p>\n","protected":false},"featured_media":9362,"template":"","meta":{"_acf_changed":false},"product_brand":[],"product_cat":[818],"product_tag":[516,515],"class_list":{"0":"post-34336","1":"product","2":"type-product","3":"status-publish","4":"has-post-thumbnail","6":"product_cat-bases-de-copos","7":"product_tag-animais","8":"product_tag-ceramica","9":"pa_motivo-lavagantes","11":"first","12":"instock","13":"shipping-taxable","14":"product-type-simple"},"acf":[],"_links":{"self":[{"href":"https:\/\/olemosaic.orbitalia.org\/pt-pt\/wp-json\/wp\/v2\/product\/34336","targetHints":{"allow":["GET"]}}],"collection":[{"href":"https:\/\/olemosaic.orbitalia.org\/pt-pt\/wp-json\/wp\/v2\/product"}],"about":[{"href":"https:\/\/olemosaic.orbitalia.org\/pt-pt\/wp-json\/wp\/v2\/types\/product"}],"wp:featuredmedia":[{"embeddable":true,"href":"https:\/\/olemosaic.orbitalia.org\/pt-pt\/wp-json\/wp\/v2\/media\/9362"}],"wp:attachment":[{"href":"https:\/\/olemosaic.orbitalia.org\/pt-pt\/wp-json\/wp\/v2\/media?parent=34336"}],"wp:term":[{"taxonomy":"product_brand","embeddable":true,"href":"https:\/\/olemosaic.orbitalia.org\/pt-pt\/wp-json\/wp\/v2\/product_brand?post=34336"},{"taxonomy":"product_cat","embeddable":true,"href":"https:\/\/olemosaic.orbitalia.org\/pt-pt\/wp-json\/wp\/v2\/product_cat?post=34336"},{"taxonomy":"product_tag","embeddable":true,"href":"https:\/\/olemosaic.orbitalia.org\/pt-pt\/wp-json\/wp\/v2\/product_tag?post=34336"}],"curies":[{"name":"wp","href":"https:\/\/api.w.org\/{rel}","templated":true}]}}