{"id":34335,"date":"2025-02-20T23:34:09","date_gmt":"2025-02-20T22:34:09","guid":{"rendered":"https:\/\/olemosaic.orbitalia.org\/producto\/posavasos-de-ceramica-patio-madrid\/"},"modified":"2025-07-25T18:33:51","modified_gmt":"2025-07-25T16:33:51","slug":"base-de-copos-de-ceramica-patio-madrid","status":"publish","type":"product","link":"https:\/\/olemosaic.orbitalia.org\/pt-pt\/produto\/base-de-copos-de-ceramica-patio-madrid\/","title":{"rendered":"Base de copos de cer\u00e2mica. P\u00e1tio. Madrid."},"content":{"rendered":"<p>Esta base de copos de cer\u00e2mica com um design vibrante \u00e9 uma encantadora recorda\u00e7\u00e3o de Madrid, ideal para quem procura um souvenir aut\u00eantico que capture a ess\u00eancia da cultura espanhola. Com um di\u00e2metro perfeito para qualquer mesa, esta base de copos apresenta uma ilustra\u00e7\u00e3o cativante de um casal a dan\u00e7ar flamenco num p\u00e1tio tradicional, rodeados de vasos coloridos cheios de flores que evocam a vida e a cor caracter\u00edsticas da cidade. A palavra &#8220;MADRID&#8221; destaca-se com uma tipografia alegre, adicionando um toque pessoal e atraente ao design.<\/p>\n<p>Cada pe\u00e7a aparenta ser pintada \u00e0 m\u00e3o, o que garante que cada base de copos seja \u00fanica e cheia de car\u00e1cter. Os pormenores finos na cer\u00e2mica, como a encantadora varanda e os vasos transbordantes de flores, complementam habilmente a figura dos bailarinos, destacando como o flamenco \u00e9 parte integrante da cultura madrilena. Esta base de copos n\u00e3o \u00e9 apenas funcional, mas tamb\u00e9m uma obra de arte que real\u00e7a o patrim\u00f3nio cultural de Espanha, tornando-a um presente ideal para turistas e amantes da arte.<\/p>\n<p>Na Ol\u00e9 Mosaic, oferecemos esta base de copos de cer\u00e2mica como parte da nossa gama de souvenirs aut\u00eanticos de Madrid. Perfeito para lojas de presentes tur\u00edsticos, este artigo combina a qualidade artesanal com um design que presta homenagem \u00e0s tradi\u00e7\u00f5es espanholas, o que torna a sua compra um excelente investimento para quem procura ligar-se \u00e0 rica heran\u00e7a cultural da regi\u00e3o.<\/p>\n","protected":false},"excerpt":{"rendered":"<p>Base de copos de cer\u00e2mica com um design vibrante que captura a ess\u00eancia de um p\u00e1tio madrileno. Esta atraente base de copos mostra um casal a dan\u00e7ar flamenco, rodeados de vasos coloridos e detalhes de uma varanda com encanto. Com a palavra &#8220;MADRID&#8221; em destaque, este artigo combina t\u00e9cnicas de design artesanal, pintado \u00e0 m\u00e3o, com uma paleta de cores vivas, ideal para qualquer amante da cultura espanhola. A sua forma redonda e decorativa torna-a uma excelente recorda\u00e7\u00e3o ou complemento para a casa.<\/p>\n","protected":false},"featured_media":7985,"template":"","meta":{"_acf_changed":false},"product_brand":[],"product_cat":[818],"product_tag":[515],"class_list":{"0":"post-34335","1":"product","2":"type-product","3":"status-publish","4":"has-post-thumbnail","6":"product_cat-bases-de-copos","7":"product_tag-ceramica","8":"pa_ciudad-madrid","9":"pa_motivo-patios","10":"pa_pais-espana","12":"first","13":"instock","14":"shipping-taxable","15":"product-type-simple"},"acf":[],"_links":{"self":[{"href":"https:\/\/olemosaic.orbitalia.org\/pt-pt\/wp-json\/wp\/v2\/product\/34335","targetHints":{"allow":["GET"]}}],"collection":[{"href":"https:\/\/olemosaic.orbitalia.org\/pt-pt\/wp-json\/wp\/v2\/product"}],"about":[{"href":"https:\/\/olemosaic.orbitalia.org\/pt-pt\/wp-json\/wp\/v2\/types\/product"}],"wp:featuredmedia":[{"embeddable":true,"href":"https:\/\/olemosaic.orbitalia.org\/pt-pt\/wp-json\/wp\/v2\/media\/7985"}],"wp:attachment":[{"href":"https:\/\/olemosaic.orbitalia.org\/pt-pt\/wp-json\/wp\/v2\/media?parent=34335"}],"wp:term":[{"taxonomy":"product_brand","embeddable":true,"href":"https:\/\/olemosaic.orbitalia.org\/pt-pt\/wp-json\/wp\/v2\/product_brand?post=34335"},{"taxonomy":"product_cat","embeddable":true,"href":"https:\/\/olemosaic.orbitalia.org\/pt-pt\/wp-json\/wp\/v2\/product_cat?post=34335"},{"taxonomy":"product_tag","embeddable":true,"href":"https:\/\/olemosaic.orbitalia.org\/pt-pt\/wp-json\/wp\/v2\/product_tag?post=34335"}],"curies":[{"name":"wp","href":"https:\/\/api.w.org\/{rel}","templated":true}]}}