{"id":34299,"date":"2025-02-20T23:34:08","date_gmt":"2025-02-20T22:34:08","guid":{"rendered":"https:\/\/olemosaic.orbitalia.org\/producto\/portavelas-de-ceramica-barcelona-azul\/"},"modified":"2025-07-25T19:08:31","modified_gmt":"2025-07-25T17:08:31","slug":"suporte-velas-ceramica-barcelona-azul","status":"publish","type":"product","link":"https:\/\/olemosaic.orbitalia.org\/pt-pt\/produto\/suporte-velas-ceramica-barcelona-azul\/","title":{"rendered":"Suporte para velas de cer\u00e2mica. Barcelona. Azul."},"content":{"rendered":"<p>Este suporte para velas de cer\u00e2mica \u00e9 uma amostra aut\u00eantica da vibrante arte e cultura barcelonesa. Com design quadrado, apresenta ilustra\u00e7\u00f5es que captam a ess\u00eancia da cidade, incluindo monumentos emblem\u00e1ticos como a Sagrada Fam\u00edlia e o Parque G\u00fcell. As cores azul, vermelho e verde predominam na sua decora\u00e7\u00e3o, criando uma pe\u00e7a que n\u00e3o s\u00f3 ilumina, mas tamb\u00e9m se torna um atrativo visual em qualquer ambiente. Este suporte para velas destaca-se pela sua elabora\u00e7\u00e3o artesanal; cada pe\u00e7a aparenta ser pintada \u00e0 m\u00e3o, o que garante a sua autenticidade e um toque pessoal que a distingue.<\/p>\n<p>As ilustra\u00e7\u00f5es refletem o estilo modernista que caracteriza a arquitetura barcelonesa, convidando os viajantes a recordar a sua visita a esta cidade ic\u00f3nica. Este suporte para velas n\u00e3o s\u00f3 proporciona um ambiente quente e acolhedor, como tamb\u00e9m atua como um artigo decorativo que real\u00e7a a riqueza cultural de Barcelona. Ao adquirir este produto, os turistas podem levar uma parte da cidade, seja como um presente significativo ou uma recorda\u00e7\u00e3o pessoal.<\/p>\n<p>Na Ol\u00e9 Mosaic, como distribuidores de lembran\u00e7as por grosso, oferecemos este suporte para velas de cer\u00e2mica como uma excelente op\u00e7\u00e3o para lojas de presentes tur\u00edsticos que procuram produtos que contem hist\u00f3rias. Esta lembran\u00e7a \u00e9 perfeita para aqueles que desejam uma recorda\u00e7\u00e3o aut\u00eantica e representativa da beleza de Barcelona.<\/p>\n","protected":false},"excerpt":{"rendered":"<p>Suporte para velas de cer\u00e2mica decorado com vibrantes ilustra\u00e7\u00f5es de Barcelona, que incluem monumentos emblem\u00e1ticos como a Sagrada Fam\u00edlia e o Park G\u00fcell. O seu design quadrado real\u00e7a as cores azul, vermelho e verde, representando a rica cultura e a arte modernista da cidade. Elaborado em cer\u00e2mica com t\u00e9cnicas de pintura \u00e0 m\u00e3o, este suporte para velas n\u00e3o s\u00f3 ilumina qualquer espa\u00e7o, como tamb\u00e9m confere um toque art\u00edstico e distintivo inspirado na beleza de Barcelona.<\/p>\n","protected":false},"featured_media":12101,"template":"","meta":{"_acf_changed":false},"product_brand":[],"product_cat":[811],"product_tag":[515],"class_list":{"0":"post-34299","1":"product","2":"type-product","3":"status-publish","4":"has-post-thumbnail","6":"product_cat-porta-velas","7":"product_tag-ceramica","8":"pa_ciudad-barcelona","9":"pa_pais-espana","11":"first","12":"instock","13":"shipping-taxable","14":"product-type-simple"},"acf":[],"_links":{"self":[{"href":"https:\/\/olemosaic.orbitalia.org\/pt-pt\/wp-json\/wp\/v2\/product\/34299","targetHints":{"allow":["GET"]}}],"collection":[{"href":"https:\/\/olemosaic.orbitalia.org\/pt-pt\/wp-json\/wp\/v2\/product"}],"about":[{"href":"https:\/\/olemosaic.orbitalia.org\/pt-pt\/wp-json\/wp\/v2\/types\/product"}],"wp:featuredmedia":[{"embeddable":true,"href":"https:\/\/olemosaic.orbitalia.org\/pt-pt\/wp-json\/wp\/v2\/media\/12101"}],"wp:attachment":[{"href":"https:\/\/olemosaic.orbitalia.org\/pt-pt\/wp-json\/wp\/v2\/media?parent=34299"}],"wp:term":[{"taxonomy":"product_brand","embeddable":true,"href":"https:\/\/olemosaic.orbitalia.org\/pt-pt\/wp-json\/wp\/v2\/product_brand?post=34299"},{"taxonomy":"product_cat","embeddable":true,"href":"https:\/\/olemosaic.orbitalia.org\/pt-pt\/wp-json\/wp\/v2\/product_cat?post=34299"},{"taxonomy":"product_tag","embeddable":true,"href":"https:\/\/olemosaic.orbitalia.org\/pt-pt\/wp-json\/wp\/v2\/product_tag?post=34299"}],"curies":[{"name":"wp","href":"https:\/\/api.w.org\/{rel}","templated":true}]}}