{"id":34297,"date":"2025-02-20T22:34:08","date_gmt":"2025-02-20T22:34:08","guid":{"rendered":"https:\/\/olemosaic.orbitalia.org\/producto\/portavelas-de-ceramica-toros-blanco\/"},"modified":"2025-07-25T18:38:21","modified_gmt":"2025-07-25T16:38:21","slug":"suporte-velas-ceramica-toiros-branco","status":"publish","type":"product","link":"https:\/\/olemosaic.orbitalia.org\/pt-pt\/produto\/suporte-velas-ceramica-toiros-branco\/","title":{"rendered":"Suporte para velas de cer\u00e2mica. Toiros. Branco."},"content":{"rendered":"<p>Este suporte para velas de cer\u00e2mica decorado \u00e9 uma lembran\u00e7a atraente que capta a ess\u00eancia vibrante da cultura espanhola. Com um design colorido que apresenta dois toiros rodeados por uma paisagem floral, este elegante suporte para velas branco \u00e9 ideal para adicionar um toque art\u00edstico a qualquer ambiente. A t\u00e9cnica de mosaico utilizada real\u00e7a as texturas intrincadas e os detalhes da arte, criando um efeito visual cativante que celebra o simbolismo do toiro na tradi\u00e7\u00e3o espanhola. O toiro, emblem\u00e1tico da cultura ib\u00e9rica, representa a for\u00e7a e o valor, tornando este objeto uma recorda\u00e7\u00e3o digna das touradas e das festas populares, elementos fundamentais da identidade nacional.<\/p>\n<p>Este suporte para velas n\u00e3o \u00e9 apenas funcional, mas tamb\u00e9m uma pe\u00e7a decorativa que atrair\u00e1 a aten\u00e7\u00e3o de quem procura lembran\u00e7as aut\u00eanticas de Espanha. Na Ol\u00e9 Mosaic, orgulhamo-nos de oferecer estes suportes para velas de cer\u00e2mica por grosso, perfeitos para lojas de presentes tur\u00edsticos que desejam incorporar produtos que reflitam a rica heran\u00e7a cultural da regi\u00e3o. Com o seu design encantador e a sua liga\u00e7\u00e3o cultural, este suporte para velas \u00e9 uma excelente op\u00e7\u00e3o para qualquer turista que deseje levar um peda\u00e7o de Espanha para casa.<\/p>\n","protected":false},"excerpt":{"rendered":"<p>Suporte para velas de cer\u00e2mica decorado com vibrantes motivos de toiros, que representam a rica cultura espanhola. Este elegante suporte para velas branco apresenta um design multicolorido, com um toiro e uma paisagem floral que o rodeia, ideal para conferir um toque de cor a qualquer ambiente. A sua t\u00e9cnica de mosaico real\u00e7a os detalhes art\u00edsticos e o simbolismo do toiro na tradi\u00e7\u00e3o espanhola, tornando-o uma lembran\u00e7a atraente.<\/p>\n","protected":false},"featured_media":8539,"template":"","meta":{"_acf_changed":false},"product_brand":[],"product_cat":[811],"product_tag":[516,515],"class_list":{"0":"post-34297","1":"product","2":"type-product","3":"status-publish","4":"has-post-thumbnail","6":"product_cat-porta-velas","7":"product_tag-animais","8":"product_tag-ceramica","9":"pa_motivo-touros","11":"first","12":"instock","13":"shipping-taxable","14":"product-type-simple"},"acf":[],"_links":{"self":[{"href":"https:\/\/olemosaic.orbitalia.org\/pt-pt\/wp-json\/wp\/v2\/product\/34297","targetHints":{"allow":["GET"]}}],"collection":[{"href":"https:\/\/olemosaic.orbitalia.org\/pt-pt\/wp-json\/wp\/v2\/product"}],"about":[{"href":"https:\/\/olemosaic.orbitalia.org\/pt-pt\/wp-json\/wp\/v2\/types\/product"}],"wp:featuredmedia":[{"embeddable":true,"href":"https:\/\/olemosaic.orbitalia.org\/pt-pt\/wp-json\/wp\/v2\/media\/8539"}],"wp:attachment":[{"href":"https:\/\/olemosaic.orbitalia.org\/pt-pt\/wp-json\/wp\/v2\/media?parent=34297"}],"wp:term":[{"taxonomy":"product_brand","embeddable":true,"href":"https:\/\/olemosaic.orbitalia.org\/pt-pt\/wp-json\/wp\/v2\/product_brand?post=34297"},{"taxonomy":"product_cat","embeddable":true,"href":"https:\/\/olemosaic.orbitalia.org\/pt-pt\/wp-json\/wp\/v2\/product_cat?post=34297"},{"taxonomy":"product_tag","embeddable":true,"href":"https:\/\/olemosaic.orbitalia.org\/pt-pt\/wp-json\/wp\/v2\/product_tag?post=34297"}],"curies":[{"name":"wp","href":"https:\/\/api.w.org\/{rel}","templated":true}]}}