{"id":34268,"date":"2025-02-20T23:34:06","date_gmt":"2025-02-20T22:34:06","guid":{"rendered":"https:\/\/olemosaic.orbitalia.org\/producto\/plato-de-ceramica-de-15-cm-gallos-blanco\/"},"modified":"2025-07-25T19:05:58","modified_gmt":"2025-07-25T17:05:58","slug":"prato-de-ceramica-de-15-cm-galos-branco","status":"publish","type":"product","link":"https:\/\/olemosaic.orbitalia.org\/pt-pt\/produto\/prato-de-ceramica-de-15-cm-galos-branco\/","title":{"rendered":"Prato de cer\u00e2mica de 15 cm. Galos. Branco."},"content":{"rendered":"<p>Este prato de cer\u00e2mica decorado com galos \u00e9 um aut\u00eantico representante do folclore portugu\u00eas, ideal para adicionar um toque tradicional e colorido a qualquer casa. Com um di\u00e2metro de 15 cm, o prato apresenta um design vibrante que capta a ess\u00eancia da cultura lusa: sobre a sua superf\u00edcie branca, destacam-se dois galos robustos e estilizados, pintados \u00e0 m\u00e3o em tons vermelhos e pretos, acompanhados de delicados detalhes florais em azul e vermelho que emolduram a cena com eleg\u00e2ncia.<\/p>\n<p>Os galos, s\u00edmbolos de vitalidade e orgulho na tradi\u00e7\u00e3o portuguesa, apresentam-se num ambiente festivo, rodeados de motivos decorativos que evocam as coloridas tradi\u00e7\u00f5es do pa\u00eds. Este prato n\u00e3o s\u00f3 \u00e9 perfeito como elemento decorativo, como tamb\u00e9m pode ser usado para servir petiscos, tornando-se um recurso pr\u00e1tico e est\u00e9tico para as suas reuni\u00f5es e celebra\u00e7\u00f5es.<\/p>\n<p>Procedente de Portugal, esta recorda\u00e7\u00e3o real\u00e7a a autenticidade e o valor cultural do pa\u00eds, sendo uma magn\u00edfica op\u00e7\u00e3o para turistas que procuram levar um peda\u00e7o deste rico patrim\u00f3nio. Na Ol\u00e9 Mosaic, especializamo-nos na distribui\u00e7\u00e3o por grosso de produtos que prestam homenagem \u00e0 riqueza cultural, e este prato de cer\u00e2mica posiciona-se como uma excelente escolha para lojas de presentes tur\u00edsticos que desejem oferecer artigos de qualidade e um forte significado cultural. Com este artigo, os seus clientes n\u00e3o s\u00f3 adquirem um objeto decorativo, como tamb\u00e9m uma pe\u00e7a da tradi\u00e7\u00e3o portuguesa.<\/p>\n","protected":false},"excerpt":{"rendered":"<p>Prato de cer\u00e2mica de 15 cm decorado com galos, ideal para dar um toque tradicional e colorido \u00e0 sua casa. Este prato apresenta um design vibrante em tons vermelhos e pretos, com delicados detalhes pintados \u00e0 m\u00e3o que representam dois galos sobre um fundo branco adornado com flores e motivos azuis e vermelhos. Perfeito como elemento decorativo ou para servir petiscos, reflete o folclore e a cultura de Portugal.<\/p>\n","protected":false},"featured_media":8893,"template":"","meta":{"_acf_changed":false},"product_brand":[],"product_cat":[629],"product_tag":[516,515],"class_list":{"0":"post-34268","1":"product","2":"type-product","3":"status-publish","4":"has-post-thumbnail","6":"product_cat-pratos-decorativos","7":"product_tag-animais","8":"product_tag-ceramica","9":"pa_motivo-galos","11":"first","12":"instock","13":"shipping-taxable","14":"product-type-simple"},"acf":[],"_links":{"self":[{"href":"https:\/\/olemosaic.orbitalia.org\/pt-pt\/wp-json\/wp\/v2\/product\/34268","targetHints":{"allow":["GET"]}}],"collection":[{"href":"https:\/\/olemosaic.orbitalia.org\/pt-pt\/wp-json\/wp\/v2\/product"}],"about":[{"href":"https:\/\/olemosaic.orbitalia.org\/pt-pt\/wp-json\/wp\/v2\/types\/product"}],"wp:featuredmedia":[{"embeddable":true,"href":"https:\/\/olemosaic.orbitalia.org\/pt-pt\/wp-json\/wp\/v2\/media\/8893"}],"wp:attachment":[{"href":"https:\/\/olemosaic.orbitalia.org\/pt-pt\/wp-json\/wp\/v2\/media?parent=34268"}],"wp:term":[{"taxonomy":"product_brand","embeddable":true,"href":"https:\/\/olemosaic.orbitalia.org\/pt-pt\/wp-json\/wp\/v2\/product_brand?post=34268"},{"taxonomy":"product_cat","embeddable":true,"href":"https:\/\/olemosaic.orbitalia.org\/pt-pt\/wp-json\/wp\/v2\/product_cat?post=34268"},{"taxonomy":"product_tag","embeddable":true,"href":"https:\/\/olemosaic.orbitalia.org\/pt-pt\/wp-json\/wp\/v2\/product_tag?post=34268"}],"curies":[{"name":"wp","href":"https:\/\/api.w.org\/{rel}","templated":true}]}}