{"id":34230,"date":"2025-02-20T22:34:06","date_gmt":"2025-02-20T22:34:06","guid":{"rendered":"https:\/\/olemosaic.orbitalia.org\/producto\/plato-de-ceramica-de-85-cm-toro-beige\/"},"modified":"2025-07-25T20:25:35","modified_gmt":"2025-07-25T18:25:35","slug":"prato-de-ceramica-de-8-5-cm-touro-bege","status":"publish","type":"product","link":"https:\/\/olemosaic.orbitalia.org\/pt-pt\/produto\/prato-de-ceramica-de-8-5-cm-touro-bege\/","title":{"rendered":"Prato de cer\u00e2mica de 8,5 cm. Touro. Bege."},"content":{"rendered":"<p>Este prato de cer\u00e2mica de 8,5 cm \u00e9 uma representa\u00e7\u00e3o maravilhosa da rica cultura espanhola, com uma ilustra\u00e7\u00e3o vibrante de um touro como protagonista. Com um acabamento elegante em tons de bege, o prato apresenta um design colorido em forma de mosaico que captura a ess\u00eancia do poderoso animal, s\u00edmbolo da tradi\u00e7\u00e3o e do folclore espanh\u00f3is. Os adornos de cravos vermelhos na borda evocam as festas populares e a paix\u00e3o do povo espanhol, enquanto a forma ligeiramente curva e as bordas em preto adicionam um contraste marcante ao conjunto. Este prato n\u00e3o \u00e9 apenas um elemento decorativo ideal para qualquer casa, mas tamb\u00e9m um aut\u00eantico souvenir que enaltece a cultura espanhola.<\/p>\n<p>A figura do touro \u00e9 emblem\u00e1tica em in\u00fameras festividades e tradi\u00e7\u00f5es, o que o torna um motivo representativo que apela a quem deseja recordar a sua visita a Espanha. Na Ol\u00e9 Mosaic, distribu\u00edmos souvenirs que celebram a autenticidade e o design artesanal. Este prato \u00e9 uma excelente op\u00e7\u00e3o para lojas de presentes tur\u00edsticos que procuram oferecer recorda\u00e7\u00f5es de alta qualidade e relev\u00e2ncia cultural. Como grossistas de artigos de cer\u00e2mica, garantimos que cada pe\u00e7a reflita a riqueza do patrim\u00f3nio espanhol e a paix\u00e3o que o caracteriza.<\/p>\n","protected":false},"excerpt":{"rendered":"<p>Prato de cer\u00e2mica de 8,5 cm com um design vibrante de um touro, que representa a rica cultura espanhola. O prato, com acabamento em tons de bege, apresenta uma colorida ilustra\u00e7\u00e3o em estilo de mosaico do touro, adornada com motivos de cravos vermelhos que evocam a tradi\u00e7\u00e3o e o folclore do pa\u00eds. A sua forma ligeiramente curva e as bordas em cor preta contrastam na perfei\u00e7\u00e3o com o colorido do design, tornando-o um elemento decorativo atraente ideal para qualquer casa.<\/p>\n","protected":false},"featured_media":7200,"template":"","meta":{"_acf_changed":false},"product_brand":[],"product_cat":[629],"product_tag":[516,515],"class_list":{"0":"post-34230","1":"product","2":"type-product","3":"status-publish","4":"has-post-thumbnail","6":"product_cat-pratos-decorativos","7":"product_tag-animais","8":"product_tag-ceramica","9":"pa_motivo-touros","11":"first","12":"instock","13":"shipping-taxable","14":"product-type-simple"},"acf":[],"_links":{"self":[{"href":"https:\/\/olemosaic.orbitalia.org\/pt-pt\/wp-json\/wp\/v2\/product\/34230","targetHints":{"allow":["GET"]}}],"collection":[{"href":"https:\/\/olemosaic.orbitalia.org\/pt-pt\/wp-json\/wp\/v2\/product"}],"about":[{"href":"https:\/\/olemosaic.orbitalia.org\/pt-pt\/wp-json\/wp\/v2\/types\/product"}],"wp:featuredmedia":[{"embeddable":true,"href":"https:\/\/olemosaic.orbitalia.org\/pt-pt\/wp-json\/wp\/v2\/media\/7200"}],"wp:attachment":[{"href":"https:\/\/olemosaic.orbitalia.org\/pt-pt\/wp-json\/wp\/v2\/media?parent=34230"}],"wp:term":[{"taxonomy":"product_brand","embeddable":true,"href":"https:\/\/olemosaic.orbitalia.org\/pt-pt\/wp-json\/wp\/v2\/product_brand?post=34230"},{"taxonomy":"product_cat","embeddable":true,"href":"https:\/\/olemosaic.orbitalia.org\/pt-pt\/wp-json\/wp\/v2\/product_cat?post=34230"},{"taxonomy":"product_tag","embeddable":true,"href":"https:\/\/olemosaic.orbitalia.org\/pt-pt\/wp-json\/wp\/v2\/product_tag?post=34230"}],"curies":[{"name":"wp","href":"https:\/\/api.w.org\/{rel}","templated":true}]}}