{"id":34221,"date":"2025-02-20T23:34:05","date_gmt":"2025-02-20T22:34:05","guid":{"rendered":"https:\/\/olemosaic.orbitalia.org\/producto\/plato-de-ceramica-de-85-cm-salamandra-beige\/"},"modified":"2025-07-25T19:01:31","modified_gmt":"2025-07-25T17:01:31","slug":"prato-de-ceramica-de-8-5-cm-salamandra-bege","status":"publish","type":"product","link":"https:\/\/olemosaic.orbitalia.org\/pt-pt\/produto\/prato-de-ceramica-de-8-5-cm-salamandra-bege\/","title":{"rendered":"Prato de cer\u00e2mica de 8,5 cm. Salamandra. Bege."},"content":{"rendered":"<p>Este prato de cer\u00e2mica de 8,5 cm \u00e9 uma encantadora recorda\u00e7\u00e3o que capta a ess\u00eancia vibrante della cultura espanhola. Decorado com alegres salamandras num design colorido, \u00e9 uma aut\u00eantica obra de arte que destaca a rica tradi\u00e7\u00e3o artesanal da cer\u00e2mica espanhola. A sua base bege contrasta na perfei\u00e7\u00e3o com o rebordo vermelho, criando uma moldura atraente que real\u00e7a os mosaicos que representam as salamandras e flores. As salamandras, com os seus detalhes pintados \u00e0 m\u00e3o, apresentam-se numa variedade de cores, evocando o esp\u00edrito alegre e a diversidade da natureza espanhola.<\/p>\n<p>Este prato n\u00e3o s\u00f3 \u00e9 ideal como elemento decorativo para acrescentar um toque de cor a qualquer espa\u00e7o, como tamb\u00e9m \u00e9 perfeito para servir pequenos aperitivos, o que o torna uma escolha vers\u00e1til para qualquer ocasi\u00e3o. O seu design alegre e a sua autenticidade como recorda\u00e7\u00e3o tornam-no num presente memor\u00e1vel para quem deseje levar um peda\u00e7o da heran\u00e7a cultural espanhola. Na Ol\u00e9 Mosaic, como distribuidores de recorda\u00e7\u00f5es de cer\u00e2mica por grosso, oferecemos produtos que refletem a tradi\u00e7\u00e3o e a arte da regi\u00e3o, sendo este prato uma excelente op\u00e7\u00e3o para lojas de recorda\u00e7\u00f5es tur\u00edsticas que procuram atrair os visitantes com recorda\u00e7\u00f5es aut\u00eanticas e representativas.<\/p>\n","protected":false},"excerpt":{"rendered":"<p>Prato de cer\u00e2mica de 8,5 cm decorado com alegres salamandras num design vibrante. Este atraente prato, com acabamento em tons bege e rebordo vermelho, apresenta coloridos mosaicos que representam salamandras e flores, destacando a rica heran\u00e7a cultural da cer\u00e2mica espanhola. Ideal como elemento decorativo ou para servir pequenos aperitivos, este artigo de design artesanal, pintado \u00e0 m\u00e3o, reflete a tradi\u00e7\u00e3o artesanal e o esp\u00edrito alegre da natureza.<\/p>\n","protected":false},"featured_media":7204,"template":"","meta":{"_acf_changed":false},"product_brand":[],"product_cat":[629],"product_tag":[516,515],"class_list":{"0":"post-34221","1":"product","2":"type-product","3":"status-publish","4":"has-post-thumbnail","6":"product_cat-pratos-decorativos","7":"product_tag-animais","8":"product_tag-ceramica","9":"pa_motivo-salamandras","11":"first","12":"instock","13":"shipping-taxable","14":"product-type-simple"},"acf":[],"_links":{"self":[{"href":"https:\/\/olemosaic.orbitalia.org\/pt-pt\/wp-json\/wp\/v2\/product\/34221","targetHints":{"allow":["GET"]}}],"collection":[{"href":"https:\/\/olemosaic.orbitalia.org\/pt-pt\/wp-json\/wp\/v2\/product"}],"about":[{"href":"https:\/\/olemosaic.orbitalia.org\/pt-pt\/wp-json\/wp\/v2\/types\/product"}],"wp:featuredmedia":[{"embeddable":true,"href":"https:\/\/olemosaic.orbitalia.org\/pt-pt\/wp-json\/wp\/v2\/media\/7204"}],"wp:attachment":[{"href":"https:\/\/olemosaic.orbitalia.org\/pt-pt\/wp-json\/wp\/v2\/media?parent=34221"}],"wp:term":[{"taxonomy":"product_brand","embeddable":true,"href":"https:\/\/olemosaic.orbitalia.org\/pt-pt\/wp-json\/wp\/v2\/product_brand?post=34221"},{"taxonomy":"product_cat","embeddable":true,"href":"https:\/\/olemosaic.orbitalia.org\/pt-pt\/wp-json\/wp\/v2\/product_cat?post=34221"},{"taxonomy":"product_tag","embeddable":true,"href":"https:\/\/olemosaic.orbitalia.org\/pt-pt\/wp-json\/wp\/v2\/product_tag?post=34221"}],"curies":[{"name":"wp","href":"https:\/\/api.w.org\/{rel}","templated":true}]}}