{"id":34217,"date":"2025-02-20T23:34:04","date_gmt":"2025-02-20T22:34:04","guid":{"rendered":"https:\/\/olemosaic.orbitalia.org\/producto\/plato-de-ceramica-de-20-cm-salamandra-y-flores-barcelona-blanco\/"},"modified":"2025-07-25T19:09:18","modified_gmt":"2025-07-25T17:09:18","slug":"prato-de-ceramica-de-20-cm-salamandra-e-flores-barcelona-branco","status":"publish","type":"product","link":"https:\/\/olemosaic.orbitalia.org\/pt-pt\/produto\/prato-de-ceramica-de-20-cm-salamandra-e-flores-barcelona-branco\/","title":{"rendered":"Prato de cer\u00e2mica de 20 cm. Salamandra e flores. Barcelona. Branco."},"content":{"rendered":"<p>Este prato de cer\u00e2mica de 20 cm, com o seu design vibrante de salamandras e flores, capta a ess\u00eancia da rica cultura barcelonesa. O seu fundo branco real\u00e7a uma explos\u00e3o de cor, onde as salamandras, em tons de vermelho, verde e azul, evocam o modernismo catal\u00e3o. As flores, em amarelo e vermelho, acrescentam um toque de alegria e frescura que tornam esta pe\u00e7a um elemento de destaque, tanto para o uso di\u00e1rio como para a decora\u00e7\u00e3o da casa.<\/p>\n<p>Cada detalhe, pintado \u00e0 m\u00e3o, confere-lhe uma autenticidade inigual\u00e1vel, transformando o prato numa aut\u00eantica obra de arte. O acabamento em mosaico n\u00e3o s\u00f3 real\u00e7a cada cor, mas tamb\u00e9m oferece uma textura visualmente rica que atrai o olhar. O design \u00e9 um reflexo fiel do esp\u00edrito de Barcelona, famosa pela sua arquitetura colorida e pela sua vibrante vida art\u00edstica.<\/p>\n<p>Na Ol\u00e9 Mosaic, distribu\u00edmos recorda\u00e7\u00f5es de qualidade que celebram a cultura espanhola. Este prato de cer\u00e2mica \u00e9 um presente ideal para turistas que procuram recorda\u00e7\u00f5es aut\u00eanticas que capturem a ess\u00eancia da sua experi\u00eancia na cidade. Como grossistas de cer\u00e2mica, oferecemos produtos funcionais e representativos da riqueza cultural barcelonesa, perfeitos para enriquecer qualquer loja de recorda\u00e7\u00f5es tur\u00edsticas.<\/p>\n","protected":false},"excerpt":{"rendered":"<p>Prato de cer\u00e2mica de 20 cm com um design de salamandras e flores, inspirado na rica cultura de Barcelona. Este vibrante prato apresenta um fundo branco decorado com coloridos motivos de salamandras em tons de vermelho, verde e azul, rodeadas de flores amarelas e vermelhas. O acabamento em mosaico real\u00e7a cada detalhe do design artesanal, pintado \u00e0 m\u00e3o, convertendo este prato numa pe\u00e7a art\u00edstica ideal tanto para o uso di\u00e1rio como para a decora\u00e7\u00e3o da casa.<\/p>\n","protected":false},"featured_media":8075,"template":"","meta":{"_acf_changed":false},"product_brand":[],"product_cat":[629],"product_tag":[516,515],"class_list":{"0":"post-34217","1":"product","2":"type-product","3":"status-publish","4":"has-post-thumbnail","6":"product_cat-pratos-decorativos","7":"product_tag-animais","8":"product_tag-ceramica","9":"pa_ciudad-barcelona","10":"pa_motivo-salamandras","11":"pa_pais-espana","13":"first","14":"instock","15":"shipping-taxable","16":"product-type-simple"},"acf":[],"_links":{"self":[{"href":"https:\/\/olemosaic.orbitalia.org\/pt-pt\/wp-json\/wp\/v2\/product\/34217","targetHints":{"allow":["GET"]}}],"collection":[{"href":"https:\/\/olemosaic.orbitalia.org\/pt-pt\/wp-json\/wp\/v2\/product"}],"about":[{"href":"https:\/\/olemosaic.orbitalia.org\/pt-pt\/wp-json\/wp\/v2\/types\/product"}],"wp:featuredmedia":[{"embeddable":true,"href":"https:\/\/olemosaic.orbitalia.org\/pt-pt\/wp-json\/wp\/v2\/media\/8075"}],"wp:attachment":[{"href":"https:\/\/olemosaic.orbitalia.org\/pt-pt\/wp-json\/wp\/v2\/media?parent=34217"}],"wp:term":[{"taxonomy":"product_brand","embeddable":true,"href":"https:\/\/olemosaic.orbitalia.org\/pt-pt\/wp-json\/wp\/v2\/product_brand?post=34217"},{"taxonomy":"product_cat","embeddable":true,"href":"https:\/\/olemosaic.orbitalia.org\/pt-pt\/wp-json\/wp\/v2\/product_cat?post=34217"},{"taxonomy":"product_tag","embeddable":true,"href":"https:\/\/olemosaic.orbitalia.org\/pt-pt\/wp-json\/wp\/v2\/product_tag?post=34217"}],"curies":[{"name":"wp","href":"https:\/\/api.w.org\/{rel}","templated":true}]}}