{"id":34199,"date":"2025-02-20T22:34:04","date_gmt":"2025-02-20T22:34:04","guid":{"rendered":"https:\/\/olemosaic.orbitalia.org\/producto\/plato-de-ceramica-de-20-cm-toros-blanco\/"},"modified":"2025-07-25T19:33:40","modified_gmt":"2025-07-25T17:33:40","slug":"prato-de-ceramica-de-20-cm-touros-branco","status":"publish","type":"product","link":"https:\/\/olemosaic.orbitalia.org\/pt-pt\/produto\/prato-de-ceramica-de-20-cm-touros-branco\/","title":{"rendered":"Prato de cer\u00e2mica de 20 cm. Touros. Branco."},"content":{"rendered":"<p>Este prato de cer\u00e2mica de 20 cm \u00e9 uma requintada representa\u00e7\u00e3o da cultura espanhola, que destaca a import\u00e2ncia do touro no folclore do pa\u00eds. A sua base branca serve de tela perfeita para um vibrante design em mosaico, onde um touro vermelho e um verde se enfrentam de cada lado, conferindo dinamismo e cor \u00e0 pe\u00e7a. Os touros, adornados com detalhes em laranja e amarelo, evocam a paix\u00e3o e a for\u00e7a associadas \u00e0s tradi\u00e7\u00f5es taurom\u00e1quicas espanholas, celebrando simultaneamente a riqueza visual do artesanato local.<\/p>\n<p>O fundo deste prato n\u00e3o s\u00f3 cativa com os touros, mas tamb\u00e9m com um sol radiante que brilha na parte superior, rodeado por uma paisagem de flores vermelhas que acrescentam um toque de alegria e energia \u00e0 cena. Cada detalhe foi cuidadosamente elaborado, o que torna este prato uma pe\u00e7a atraente tanto para a decora\u00e7\u00e3o como para um uso mais quotidiano \u00e0 mesa.<\/p>\n<p>Como recorda\u00e7\u00e3o representativa de Espanha, este prato capta a ess\u00eancia do patrim\u00f3nio cultural espanhol e \u00e9 uma excelente escolha para turistas que procuram uma recorda\u00e7\u00e3o aut\u00eantica e memor\u00e1vel. Na Ol\u00e9 Mosaic, distribu\u00edmos este e outros souvenirs de cer\u00e2mica por grosso, garantindo produtos que real\u00e7am a autenticidade e o artesanato da regi\u00e3o. Este prato de touros n\u00e3o \u00e9 apenas um artigo decorativo, mas tamb\u00e9m uma pe\u00e7a que simboliza a rica heran\u00e7a cultural de Espanha, ideal para qualquer loja de presentes tur\u00edsticos.<\/p>\n","protected":false},"excerpt":{"rendered":"<p>Prato de cer\u00e2mica de 20 cm decorado com um vibrante design de touros que representa a cultura espanhola. Este prato branco apresenta um colorido mosaico com um touro vermelho \u00e0 esquerda e um touro verde \u00e0 direita, ambos adornados com detalhes em laranja e amarelo. O fundo inclui um sol radiante e flores vermelhas, criando uma cena alegre e en\u00e9rgica. Ideal como pe\u00e7a decorativa ou para uso quotidiano, este prato capta a ess\u00eancia do folclore espanhol.<\/p>\n","protected":false},"featured_media":8531,"template":"","meta":{"_acf_changed":false},"product_brand":[],"product_cat":[629],"product_tag":[516,515],"class_list":{"0":"post-34199","1":"product","2":"type-product","3":"status-publish","4":"has-post-thumbnail","6":"product_cat-pratos-decorativos","7":"product_tag-animais","8":"product_tag-ceramica","9":"pa_motivo-touros","11":"first","12":"instock","13":"shipping-taxable","14":"product-type-simple"},"acf":[],"_links":{"self":[{"href":"https:\/\/olemosaic.orbitalia.org\/pt-pt\/wp-json\/wp\/v2\/product\/34199","targetHints":{"allow":["GET"]}}],"collection":[{"href":"https:\/\/olemosaic.orbitalia.org\/pt-pt\/wp-json\/wp\/v2\/product"}],"about":[{"href":"https:\/\/olemosaic.orbitalia.org\/pt-pt\/wp-json\/wp\/v2\/types\/product"}],"wp:featuredmedia":[{"embeddable":true,"href":"https:\/\/olemosaic.orbitalia.org\/pt-pt\/wp-json\/wp\/v2\/media\/8531"}],"wp:attachment":[{"href":"https:\/\/olemosaic.orbitalia.org\/pt-pt\/wp-json\/wp\/v2\/media?parent=34199"}],"wp:term":[{"taxonomy":"product_brand","embeddable":true,"href":"https:\/\/olemosaic.orbitalia.org\/pt-pt\/wp-json\/wp\/v2\/product_brand?post=34199"},{"taxonomy":"product_cat","embeddable":true,"href":"https:\/\/olemosaic.orbitalia.org\/pt-pt\/wp-json\/wp\/v2\/product_cat?post=34199"},{"taxonomy":"product_tag","embeddable":true,"href":"https:\/\/olemosaic.orbitalia.org\/pt-pt\/wp-json\/wp\/v2\/product_tag?post=34199"}],"curies":[{"name":"wp","href":"https:\/\/api.w.org\/{rel}","templated":true}]}}