{"id":34165,"date":"2025-02-20T22:34:03","date_gmt":"2025-02-20T22:34:03","guid":{"rendered":"https:\/\/olemosaic.orbitalia.org\/producto\/plato-de-ceramica-de-15-cm-camino-de-santiago-beige\/"},"modified":"2025-07-25T18:34:03","modified_gmt":"2025-07-25T16:34:03","slug":"prato-de-ceramica-de-15-cm-caminho-de-santiago-bege","status":"publish","type":"product","link":"https:\/\/olemosaic.orbitalia.org\/pt-pt\/produto\/prato-de-ceramica-de-15-cm-caminho-de-santiago-bege\/","title":{"rendered":"Prato de cer\u00e2mica de 15 cm. Caminho de Santiago. Bege."},"content":{"rendered":"<p>Este prato de cer\u00e2mica de 15 cm, inspirado no Caminho de Santiago, \u00e9 um souvenir atraente que captura a ess\u00eancia do famoso percurso espiritual em Espanha. Com um design vibrante em tons de bege, o prato mostra no seu interior a inscri\u00e7\u00e3o &#8220;CAMINHO DE SANTIAGO&#8221;, rodeada de ilustra\u00e7\u00f5es coloridas que representam um peregrino com o seu bord\u00e3o, elementos arquitet\u00f3nicos emblem\u00e1ticos e um guarda-chuva, tudo emoldurado por uma borda vermelha que real\u00e7a a sua beleza e singularidade. A cer\u00e2mica, decorada com t\u00e9cnicas de pintura manual, confere um toque aut\u00eantico e artesanal, tornando-o uma recorda\u00e7\u00e3o memor\u00e1vel para quem percorreu ou deseja explorar esta rota hist\u00f3rica.<\/p>\n<p>O prato n\u00e3o \u00e9 apenas uma pe\u00e7a decorativa, mas tamb\u00e9m simboliza a rica tradi\u00e7\u00e3o cultural do Caminho de Santiago, que atrai milhares de peregrinos de todo o mundo. \u00c9 um objeto ideal para turistas que procuram souvenirs aut\u00eanticos que evoquem a sua experi\u00eancia em Santiago de Compostela, e um complemento perfeito para qualquer lar. Na Ol\u00e9 Mosaic, como grossistas de souvenirs, oferecemos este prato de cer\u00e2mica, que reflete a cultura e o patrim\u00f3nio espanhol, ideal para lojas de presentes tur\u00edsticos que desejem oferecer produtos representativos e de qualidade aos seus clientes.<\/p>\n","protected":false},"excerpt":{"rendered":"<p>Prato de cer\u00e2mica de 15 cm inspirado no Caminho de Santiago, com um design vibrante que destaca a majestosa catedral de Santiago de Compostela. Este prato bege apresenta no seu interior a inscri\u00e7\u00e3o &#8220;CAMINHO DE SANTIAGO&#8221; e ilustra\u00e7\u00f5es coloridas de um peregrino com o seu bord\u00e3o, elementos arquitet\u00f3nicos e um guarda-chuva, tudo isto emoldurado por uma borda vermelha. Decorado com t\u00e9cnicas de pintura manual, \u00e9 uma recorda\u00e7\u00e3o perfeita que captura a ess\u00eancia desta famosa rota.<\/p>\n","protected":false},"featured_media":8729,"template":"","meta":{"_acf_changed":false},"product_brand":[],"product_cat":[629],"product_tag":[515],"class_list":{"0":"post-34165","1":"product","2":"type-product","3":"status-publish","4":"has-post-thumbnail","6":"product_cat-pratos-decorativos","7":"product_tag-ceramica","8":"pa_ciudad-santiago","9":"pa_pais-espana","11":"first","12":"instock","13":"shipping-taxable","14":"product-type-simple"},"acf":[],"_links":{"self":[{"href":"https:\/\/olemosaic.orbitalia.org\/pt-pt\/wp-json\/wp\/v2\/product\/34165","targetHints":{"allow":["GET"]}}],"collection":[{"href":"https:\/\/olemosaic.orbitalia.org\/pt-pt\/wp-json\/wp\/v2\/product"}],"about":[{"href":"https:\/\/olemosaic.orbitalia.org\/pt-pt\/wp-json\/wp\/v2\/types\/product"}],"wp:featuredmedia":[{"embeddable":true,"href":"https:\/\/olemosaic.orbitalia.org\/pt-pt\/wp-json\/wp\/v2\/media\/8729"}],"wp:attachment":[{"href":"https:\/\/olemosaic.orbitalia.org\/pt-pt\/wp-json\/wp\/v2\/media?parent=34165"}],"wp:term":[{"taxonomy":"product_brand","embeddable":true,"href":"https:\/\/olemosaic.orbitalia.org\/pt-pt\/wp-json\/wp\/v2\/product_brand?post=34165"},{"taxonomy":"product_cat","embeddable":true,"href":"https:\/\/olemosaic.orbitalia.org\/pt-pt\/wp-json\/wp\/v2\/product_cat?post=34165"},{"taxonomy":"product_tag","embeddable":true,"href":"https:\/\/olemosaic.orbitalia.org\/pt-pt\/wp-json\/wp\/v2\/product_tag?post=34165"}],"curies":[{"name":"wp","href":"https:\/\/api.w.org\/{rel}","templated":true}]}}