{"id":34164,"date":"2025-02-20T22:34:03","date_gmt":"2025-02-20T22:34:03","guid":{"rendered":"https:\/\/olemosaic.orbitalia.org\/producto\/plato-de-ceramica-de-15-cm-toros-blanco\/"},"modified":"2025-07-25T18:55:26","modified_gmt":"2025-07-25T16:55:26","slug":"prato-de-ceramica-de-15-cm-touros-branco","status":"publish","type":"product","link":"https:\/\/olemosaic.orbitalia.org\/pt-pt\/produto\/prato-de-ceramica-de-15-cm-touros-branco\/","title":{"rendered":"Prato de cer\u00e2mica de 15 cm. Touros. Branco."},"content":{"rendered":"<p>Este prato de cer\u00e2mica de 15 cm, decorado com um design vibrante de touros, captura a ess\u00eancia da cultura espanhola numa pe\u00e7a art\u00edstica \u00fanica. A t\u00e9cnica de mosaico, com uma paleta de cores cativantes, destaca os touros em tons de vermelho e verde, situados numa encantadora paisagem adornada com flores. O fundo branco contrasta magistralmente com as cores vivas, enquanto um sol radiante na parte superior acrescenta um toque alegre e luminoso, evocando o calor do clima espanhol.<\/p>\n<p>Este prato n\u00e3o \u00e9 apenas um objeto decorativo, mas simboliza uma das tradi\u00e7\u00f5es mais emblem\u00e1ticas de Espanha, refletindo a import\u00e2ncia cultural dos touros em diversas festividades e celebra\u00e7\u00f5es ao longo do pa\u00eds. \u00c9 uma representa\u00e7\u00e3o perfeita da paix\u00e3o e da arte que caracterizam o folclore espanhol.<\/p>\n<p>Na Ol\u00e9 Mosaic, somos especialistas na distribui\u00e7\u00e3o de souvenirs por grosso, e este prato de cer\u00e2mica \u00e9 uma excelente op\u00e7\u00e3o para lojas de presentes tur\u00edsticos que procuram oferecer produtos aut\u00eanticos e representativos. Como grossistas de cer\u00e2mica, garantimos a qualidade e a autenticidade de cada pe\u00e7a, tornando-a uma recorda\u00e7\u00e3o inesquec\u00edvel para os turistas que desejam levar um pedacinho de Espanha para casa.<\/p>\n","protected":false},"excerpt":{"rendered":"<p>Prato de cer\u00e2mica de 15 cm, decorado com um design colorido de touros que representa a ess\u00eancia da cultura espanhola. Este encantador prato apresenta uma t\u00e9cnica de mosaico em tons vibrantes, como vermelho, azul e verde, sobre um fundo branco que ressalta a sua beleza. Os touros situam-se numa paisagem adornada com flores e um sol radiante na parte superior, o que confere um toque \u00fanico e alegre a qualquer espa\u00e7o. Ideal como pe\u00e7a decorativa ou souvenir.<\/p>\n","protected":false},"featured_media":8532,"template":"","meta":{"_acf_changed":false},"product_brand":[],"product_cat":[629],"product_tag":[516,515],"class_list":{"0":"post-34164","1":"product","2":"type-product","3":"status-publish","4":"has-post-thumbnail","6":"product_cat-pratos-decorativos","7":"product_tag-animais","8":"product_tag-ceramica","9":"pa_motivo-touros","11":"first","12":"instock","13":"shipping-taxable","14":"product-type-simple"},"acf":[],"_links":{"self":[{"href":"https:\/\/olemosaic.orbitalia.org\/pt-pt\/wp-json\/wp\/v2\/product\/34164","targetHints":{"allow":["GET"]}}],"collection":[{"href":"https:\/\/olemosaic.orbitalia.org\/pt-pt\/wp-json\/wp\/v2\/product"}],"about":[{"href":"https:\/\/olemosaic.orbitalia.org\/pt-pt\/wp-json\/wp\/v2\/types\/product"}],"wp:featuredmedia":[{"embeddable":true,"href":"https:\/\/olemosaic.orbitalia.org\/pt-pt\/wp-json\/wp\/v2\/media\/8532"}],"wp:attachment":[{"href":"https:\/\/olemosaic.orbitalia.org\/pt-pt\/wp-json\/wp\/v2\/media?parent=34164"}],"wp:term":[{"taxonomy":"product_brand","embeddable":true,"href":"https:\/\/olemosaic.orbitalia.org\/pt-pt\/wp-json\/wp\/v2\/product_brand?post=34164"},{"taxonomy":"product_cat","embeddable":true,"href":"https:\/\/olemosaic.orbitalia.org\/pt-pt\/wp-json\/wp\/v2\/product_cat?post=34164"},{"taxonomy":"product_tag","embeddable":true,"href":"https:\/\/olemosaic.orbitalia.org\/pt-pt\/wp-json\/wp\/v2\/product_tag?post=34164"}],"curies":[{"name":"wp","href":"https:\/\/api.w.org\/{rel}","templated":true}]}}