{"id":34151,"date":"2025-02-20T23:34:03","date_gmt":"2025-02-20T22:34:03","guid":{"rendered":"https:\/\/olemosaic.orbitalia.org\/producto\/plato-de-ceramica-de-15-cm-flores-blanco\/"},"modified":"2025-07-25T19:14:18","modified_gmt":"2025-07-25T17:14:18","slug":"prato-de-ceramica-de-15-cm-flores-branco","status":"publish","type":"product","link":"https:\/\/olemosaic.orbitalia.org\/pt-pt\/produto\/prato-de-ceramica-de-15-cm-flores-branco\/","title":{"rendered":"Prato de cer\u00e2mica de 15 cm. Flores. Branco."},"content":{"rendered":"<p>Este prato de cer\u00e2mica de 15 cm \u00e9 uma pe\u00e7a vibrante que representa a ess\u00eancia da arte tradicional espanhola, ideal como recorda\u00e7\u00e3o da sua visita a Espanha. O seu design cativante apresenta um fundo branco que real\u00e7a os motivos florais elaborados em tons de vermelho, amarelo, azul e verde, criando um efeito visual din\u00e2mico e alegre. Cada flor \u00e9 meticulosamente pintada \u00e0 m\u00e3o, o que garante que cada prato \u00e9 uma obra de arte \u00fanica, um reflexo da rica heran\u00e7a cultural da cer\u00e2mica espanhola.<\/p>\n<p>O uso de cores brilhantes e o intrincado design em mosaico tornam-no um excelente acess\u00f3rio decorativo, al\u00e9m de ser perfeito para servir aperitivos em qualquer celebra\u00e7\u00e3o ou reuni\u00e3o. Este prato \u00e9 uma homenagem \u00e0 tradi\u00e7\u00e3o e ao talento artesanal que caracteriza a regi\u00e3o, tornando-se um s\u00edmbolo de hospitalidade e alegria.<\/p>\n<p>Como parte da oferta da Ol\u00e9 Mosaic, este prato de cer\u00e2mica posiciona-se como uma recorda\u00e7\u00e3o representativa de Espanha, ideal para lojas de presentes tur\u00edsticos que procuram oferecer produtos aut\u00eanticos e de qualidade. Ao adquirir este produto, garante-se a autenticidade e relev\u00e2ncia cultural que os visitantes apreciar\u00e3o e recordar\u00e3o nas suas casas. Desfrute da arte na sua mesa com este belo prato, perfeito para quem procura recorda\u00e7\u00f5es de cer\u00e2mica aut\u00eantica e colorida na sua viagem por Espanha.<\/p>\n","protected":false},"excerpt":{"rendered":"<p>Prato de cer\u00e2mica de 15 cm com um design floral vibrante em mosaico. Este prato encantador, com fundo branco, \u00e9 adornado com motivos florais em tons de vermelho, amarelo, azul e verde, criando um efeito visual din\u00e2mico e alegre. Cada pe\u00e7a parece ser pintada \u00e0 m\u00e3o, o que lhe confere um car\u00e1cter \u00fanico. Ideal como elemento decorativo ou para servir aperitivos, este prato captura a ess\u00eancia da arte tradicional espanhola.<\/p>\n","protected":false},"featured_media":8890,"template":"","meta":{"_acf_changed":false},"product_brand":[],"product_cat":[629],"product_tag":[515],"class_list":{"0":"post-34151","1":"product","2":"type-product","3":"status-publish","4":"has-post-thumbnail","6":"product_cat-pratos-decorativos","7":"product_tag-ceramica","8":"pa_motivo-flores","10":"first","11":"instock","12":"shipping-taxable","13":"product-type-simple"},"acf":[],"_links":{"self":[{"href":"https:\/\/olemosaic.orbitalia.org\/pt-pt\/wp-json\/wp\/v2\/product\/34151","targetHints":{"allow":["GET"]}}],"collection":[{"href":"https:\/\/olemosaic.orbitalia.org\/pt-pt\/wp-json\/wp\/v2\/product"}],"about":[{"href":"https:\/\/olemosaic.orbitalia.org\/pt-pt\/wp-json\/wp\/v2\/types\/product"}],"wp:featuredmedia":[{"embeddable":true,"href":"https:\/\/olemosaic.orbitalia.org\/pt-pt\/wp-json\/wp\/v2\/media\/8890"}],"wp:attachment":[{"href":"https:\/\/olemosaic.orbitalia.org\/pt-pt\/wp-json\/wp\/v2\/media?parent=34151"}],"wp:term":[{"taxonomy":"product_brand","embeddable":true,"href":"https:\/\/olemosaic.orbitalia.org\/pt-pt\/wp-json\/wp\/v2\/product_brand?post=34151"},{"taxonomy":"product_cat","embeddable":true,"href":"https:\/\/olemosaic.orbitalia.org\/pt-pt\/wp-json\/wp\/v2\/product_cat?post=34151"},{"taxonomy":"product_tag","embeddable":true,"href":"https:\/\/olemosaic.orbitalia.org\/pt-pt\/wp-json\/wp\/v2\/product_tag?post=34151"}],"curies":[{"name":"wp","href":"https:\/\/api.w.org\/{rel}","templated":true}]}}