{"id":34078,"date":"2025-02-20T22:34:00","date_gmt":"2025-02-20T22:34:00","guid":{"rendered":"https:\/\/olemosaic.orbitalia.org\/producto\/plato-de-ceramica-de-10-cm-salamandra-y-flores-barcelona-blanco\/"},"modified":"2025-07-25T18:38:17","modified_gmt":"2025-07-25T16:38:17","slug":"prato-de-ceramica-de-10-cm-salamandra-e-flores-barcelon-branco","status":"publish","type":"product","link":"https:\/\/olemosaic.orbitalia.org\/pt-pt\/produto\/prato-de-ceramica-de-10-cm-salamandra-e-flores-barcelon-branco\/","title":{"rendered":"Prato de cer\u00e2mica de 10 cm. Salamandra e flores. Barcelona. Branco."},"content":{"rendered":"<p>Este prato de cer\u00e2mica de 10 cm, com um design vibrante de salamandra e flores, \u00e9 uma recorda\u00e7\u00e3o distintiva de Barcelona, ideal para quem procura um souvenir aut\u00eantico. Este atraente prato apresenta um fundo branco sobre o qual se destaca uma colorida salamandra em tons de azul e verde. Rodeando este elemento emblem\u00e1tico, encontramos um conjunto de flores em tons chamativos de vermelho, amarelo e azul, que evocam a rica flora da regi\u00e3o. O intrincado design de trencad\u00eds, caracter\u00edstico do famoso arquiteto Antoni Gaud\u00ed, real\u00e7a a liga\u00e7\u00e3o do produto com a arte modernista que se pode apreciar em muitos dos monumentos da cidade.<\/p>\n<p>A palavra &#8220;Barcelona&#8221; est\u00e1 elegantemente impressa na parte frontal, acrescentando um toque de identidade que ressoa com quem explorou as suas ruas cheias de hist\u00f3ria e cultura. Este prato n\u00e3o \u00e9 apenas uma pe\u00e7a decorativa, mas tamb\u00e9m uma excelente op\u00e7\u00e3o como presente para amigos e familiares, trazendo um pedacinho da cultura catal\u00e3 para qualquer lar.<\/p>\n<p>Na Ol\u00e9 Mosaic, especializamo-nos na distribui\u00e7\u00e3o de souvenirs por grosso, e este prato de cer\u00e2mica \u00e9 uma adi\u00e7\u00e3o perfeita para todas as lojas de presentes tur\u00edsticos que desejem oferecer produtos que captem a ess\u00eancia de Barcelona. Certifique-se de oferecer aos seus clientes uma recorda\u00e7\u00e3o aut\u00eantica e alegre que celebre a singularidade desta maravilhosa cidade.<\/p>\n","protected":false},"excerpt":{"rendered":"<p>Prato de cer\u00e2mica de 10 cm com design de salamandra e flores, inspirado no estilo de mosaico de Barcelona. Este colorido prato apresenta um fundo branco adornado com uma vibrante salamandra em tons de azul e verde, rodeada de flores vermelhas, amarelas e azuis, e um intrincado design de trencad\u00eds. A palavra &#8220;Barcelona&#8221; est\u00e1 elegantemente impressa, o que o torna uma recorda\u00e7\u00e3o distintiva e alegre da cidade. Ideal para decora\u00e7\u00e3o ou como presente.<\/p>\n","protected":false},"featured_media":8077,"template":"","meta":{"_acf_changed":false},"product_brand":[],"product_cat":[629],"product_tag":[516,515],"class_list":{"0":"post-34078","1":"product","2":"type-product","3":"status-publish","4":"has-post-thumbnail","6":"product_cat-pratos-decorativos","7":"product_tag-animais","8":"product_tag-ceramica","9":"pa_ciudad-barcelona","10":"pa_motivo-salamandras","11":"pa_pais-espana","13":"first","14":"instock","15":"shipping-taxable","16":"product-type-simple"},"acf":[],"_links":{"self":[{"href":"https:\/\/olemosaic.orbitalia.org\/pt-pt\/wp-json\/wp\/v2\/product\/34078","targetHints":{"allow":["GET"]}}],"collection":[{"href":"https:\/\/olemosaic.orbitalia.org\/pt-pt\/wp-json\/wp\/v2\/product"}],"about":[{"href":"https:\/\/olemosaic.orbitalia.org\/pt-pt\/wp-json\/wp\/v2\/types\/product"}],"wp:featuredmedia":[{"embeddable":true,"href":"https:\/\/olemosaic.orbitalia.org\/pt-pt\/wp-json\/wp\/v2\/media\/8077"}],"wp:attachment":[{"href":"https:\/\/olemosaic.orbitalia.org\/pt-pt\/wp-json\/wp\/v2\/media?parent=34078"}],"wp:term":[{"taxonomy":"product_brand","embeddable":true,"href":"https:\/\/olemosaic.orbitalia.org\/pt-pt\/wp-json\/wp\/v2\/product_brand?post=34078"},{"taxonomy":"product_cat","embeddable":true,"href":"https:\/\/olemosaic.orbitalia.org\/pt-pt\/wp-json\/wp\/v2\/product_cat?post=34078"},{"taxonomy":"product_tag","embeddable":true,"href":"https:\/\/olemosaic.orbitalia.org\/pt-pt\/wp-json\/wp\/v2\/product_tag?post=34078"}],"curies":[{"name":"wp","href":"https:\/\/api.w.org\/{rel}","templated":true}]}}