{"id":34048,"date":"2025-02-20T22:33:58","date_gmt":"2025-02-20T22:33:58","guid":{"rendered":"https:\/\/olemosaic.orbitalia.org\/producto\/mug-xl-de-ceramica-bogavante-blanco-13-cm\/"},"modified":"2025-07-25T19:10:23","modified_gmt":"2025-07-25T17:10:23","slug":"caneca-xl-de-ceramica-lavagante-branco-13-cm","status":"publish","type":"product","link":"https:\/\/olemosaic.orbitalia.org\/pt-pt\/produto\/caneca-xl-de-ceramica-lavagante-branco-13-cm\/","title":{"rendered":"Caneca XL de cer\u00e2mica. Lavagante. Branco. 13 cm."},"content":{"rendered":"<p>Esta caneca XL de cer\u00e2mica \u00e9 uma aut\u00eantica obra de arte que celebra a rica tradi\u00e7\u00e3o piscat\u00f3ria do Mediterr\u00e2neo. Com uma altura de 13 cm e um elegante acabamento branco, esta caneca destaca-se pelo seu design vibrante: uma ilustra\u00e7\u00e3o colorida de lavagantes em tons intensos de vermelho e azul. Os detalhes, pintados com esmero, capturam a ess\u00eancia destes crust\u00e1ceos, rodeados de padr\u00f5es decorativos que evocam a diversidade art\u00edstica da costa mediterr\u00e2nica.<\/p>\n<p>Ideal para os amantes da gastronomia marinha, esta caneca n\u00e3o s\u00f3 \u00e9 funcional, como tamb\u00e9m adiciona um toque de originalidade a qualquer cozinha. O seu design \u00fanico permitir-lhe-\u00e1 desfrutar das suas bebidas favoritas enquanto recorda a frescura e autenticidade dos sabores do mar. A liga\u00e7\u00e3o cultural desta caneca reside na rica tradi\u00e7\u00e3o piscat\u00f3ria que caracteriza muitas regi\u00f5es costeiras de Espanha, onde o lavagante \u00e9 um s\u00edmbolo da abund\u00e2ncia marinha.<\/p>\n<p>Na Ol\u00e9 Mosaic, dedicamo-nos \u00e0 distribui\u00e7\u00e3o de souvenirs por grosso, como esta encantadora caneca de lavagantes, perfeita para lojas de presentes tur\u00edsticos que procuram oferecer produtos aut\u00eanticos e representativos da cultura local. Esta caneca, convertida num souvenir que recorda aos visitantes a beleza e o sabor do Mediterr\u00e2neo, \u00e9 uma excelente op\u00e7\u00e3o para quem deseja levar um pedacinho da costa para casa.<\/p>\n","protected":false},"excerpt":{"rendered":"<p>Caneca XL de cer\u00e2mica com um design vibrante de lavagantes, ideal para os amantes da gastronomia marinha. Este recipiente branco, de 13 cm, apresenta uma colorida e detalhada ilustra\u00e7\u00e3o de lavagantes em tons de vermelho e azul, sobre um fundo com motivos decorativos. Perfeito para adicionar um toque de originalidade \u00e0 cozinha e desfrutar das suas bebidas favoritas, evocando a tradi\u00e7\u00e3o piscat\u00f3ria da costa mediterr\u00e2nica.<\/p>\n","protected":false},"featured_media":9471,"template":"","meta":{"_acf_changed":false},"product_brand":[],"product_cat":[726],"product_tag":[516,515],"class_list":{"0":"post-34048","1":"product","2":"type-product","3":"status-publish","4":"has-post-thumbnail","6":"product_cat-mugs","7":"product_tag-animais","8":"product_tag-ceramica","9":"pa_motivo-lavagantes","11":"first","12":"instock","13":"shipping-taxable","14":"product-type-simple"},"acf":[],"_links":{"self":[{"href":"https:\/\/olemosaic.orbitalia.org\/pt-pt\/wp-json\/wp\/v2\/product\/34048","targetHints":{"allow":["GET"]}}],"collection":[{"href":"https:\/\/olemosaic.orbitalia.org\/pt-pt\/wp-json\/wp\/v2\/product"}],"about":[{"href":"https:\/\/olemosaic.orbitalia.org\/pt-pt\/wp-json\/wp\/v2\/types\/product"}],"wp:featuredmedia":[{"embeddable":true,"href":"https:\/\/olemosaic.orbitalia.org\/pt-pt\/wp-json\/wp\/v2\/media\/9471"}],"wp:attachment":[{"href":"https:\/\/olemosaic.orbitalia.org\/pt-pt\/wp-json\/wp\/v2\/media?parent=34048"}],"wp:term":[{"taxonomy":"product_brand","embeddable":true,"href":"https:\/\/olemosaic.orbitalia.org\/pt-pt\/wp-json\/wp\/v2\/product_brand?post=34048"},{"taxonomy":"product_cat","embeddable":true,"href":"https:\/\/olemosaic.orbitalia.org\/pt-pt\/wp-json\/wp\/v2\/product_cat?post=34048"},{"taxonomy":"product_tag","embeddable":true,"href":"https:\/\/olemosaic.orbitalia.org\/pt-pt\/wp-json\/wp\/v2\/product_tag?post=34048"}],"curies":[{"name":"wp","href":"https:\/\/api.w.org\/{rel}","templated":true}]}}